{"id":1215,"date":"2023-10-09T14:14:50","date_gmt":"2023-10-09T18:14:50","guid":{"rendered":"https:\/\/consmaracaibo.esteri.it\/?page_id=1215"},"modified":"2026-01-07T14:44:28","modified_gmt":"2026-01-07T18:44:28","slug":"carta-de-identidad-electronica-cie","status":"publish","type":"page","link":"https:\/\/consmaracaibo.esteri.it\/es\/servizi-consolari-e-visti\/servizi-per-il-cittadino-italiano\/passaporti-e-carte-didentita\/carta-de-identidad-electronica-cie\/","title":{"rendered":"Carta de Identidad Electronica (CIE)"},"content":{"rendered":"<p style=\"text-align: justify;\"><strong>\u00bfQu\u00e9 es la Carta de Identidad Electr\u00f3nica (CIE)?<\/strong><\/p>\n<p style=\"text-align: justify;\">La\u00a0<strong>Carta de Identidad Electr\u00f3nica<\/strong> (CIE) es un documento personal, v\u00e1lido para identificarse y circular dentro de la Uni\u00f3n Europea, en algunos Estados adherentes al acuerdo Schengen (Por ej. Islandia, Noruega y Suiza) y en otros Estados con los cuales hayan acuerdos bilaterales. Antes de empezar un viaje se recomienda consultar el listado \u201cschede Paese\u201d en el sitio <a href=\"http:\/\/www.viaggiaresicuri.it\/\">www.viaggiaresicuri.it<\/a>.<\/p>\n<p>&nbsp;<\/p>\n<p><strong>\u00bfC\u00f3mo se solicita la cita para la Carta de Identidad Electr\u00f3nica (CIE)?<\/strong><\/p>\n<p>Se solicita a trav\u00e9s del portal <strong><a href=\"https:\/\/prenotami.esteri.it\">Prenot@MI<\/a><\/strong><\/p>\n<p>&nbsp;<\/p>\n<p style=\"text-align: center;\"><strong>La CIE NO puede ser utilizada para salir de Venezuela.<\/strong><\/p>\n<p>&nbsp;<\/p>\n<p style=\"text-align: justify;\"><strong>\u00bfA qui\u00e9n se le puede emitir la Carta de Identidad Electr\u00f3nica?<\/strong><\/p>\n<p style=\"text-align: justify;\">A efectos de la emisi\u00f3n de la CIE es imprescindible que el solicitante:<\/p>\n<ul style=\"text-align: justify;\">\n<li>Sea ciudadano italiano regularmente residente en la Circunscripci\u00f3n consular de Maracaibo;<\/li>\n<li>Se encuentre inscrito en el AIRE y su nombre y apellido completos est\u00e9n indicados en la base de datos correspondiente al Comune italiano de referencia;<\/li>\n<li>Su certificado de nacimiento se encuentre transcrito en Italia, ya que los detalles de la transcripci\u00f3n deben ser reportados en el CIE;<\/li>\n<li>Haya actualizado su posici\u00f3n en los archivos consulares en caso de cambio de domicilio, cambio de estado civil o nacimiento de hijos menores de 18 a\u00f1os. En este caso, deber\u00e1 ponerse en contacto con los servicios competentes (Oficinas Anagrafe o Estado Civil seg\u00fan corresponda) antes de solicitar un turno para tramitar la carta de identidad.<\/li>\n<\/ul>\n<p>&nbsp;<\/p>\n<p style=\"text-align: justify;\"><strong>\u00bfC\u00f3mo me registro al AIRE?<\/strong><\/p>\n<p style=\"text-align: justify;\">La inscripci\u00f3n al AIRE debe ser efectuada \u00fanicamente a trav\u00e9s del portal\u00a0<a href=\"https:\/\/consmaracaibo.esteri.it\/es\/servizi-consolari-e-visti\/servizi-per-il-cittadino-italiano\/anagrafe-degli-italiani-residenti-allestero-aire\/\">Fast It<\/a>. En caso de mal funcionamiento del portal se podr\u00e1 efectuar a trav\u00e9s del correo: <a href=\"mailto:anagrafe.maracaibo@esteri.it\">anagrafe.maracaibo@esteri.it<\/a> .<\/p>\n<p>&nbsp;<\/p>\n<p style=\"text-align: justify;\"><strong>\u00bfEs posible solicitar cita para mis hijos menores de edad?<\/strong><\/p>\n<p style=\"text-align: justify;\">S\u00ed. Al reservar el turno ser\u00e1 necesario completar un formulario por cada persona que desee la CIE (solicitantes). Ser\u00e1 posible con una \u00fanica solicitud reservar un turno para varios hijos menores. En tal caso deber\u00e1 indicar que se trata de una solicitud m\u00faltiple.<\/p>\n<p style=\"text-align: justify;\"><strong>Se informa a los ciudadanos italianos que posean hijos menores de edad que a partir del 14 de junio de 2023 no es necesario presentar el acta de consentimiento (<em>atto di assenso<\/em>) del otro progenitor para la emisi\u00f3n el propio documento de identidad de los padres (pasaporte o CIE), en virtud del D.L. 69\/2023.<\/strong><\/p>\n<p style=\"text-align: justify;\">En lo espec\u00edfico, la modificaci\u00f3n del art\u00edculo 3-bis de la Ley 1185\/1967 indica que, cuando existe un peligro actual y concreto de que una mudanza al exterior de un progenitor pueda derivar en el incumplimiento de sus obligaciones para con su hijo\/a, el otro progenitor podr\u00e1 solicitar una inhibici\u00f3n a la emisi\u00f3n del documento.<\/p>\n<p style=\"text-align: justify;\">El recurso podr\u00e1 ser presentado ante el juez competente en el Tribunal ordinario donde el menor posea la residencia habitual en Italia o, en caso que el menor resida en el exterior, deber\u00e1 ser presentado en el Tribunal correspondiente de acuerdo a la Comuna de inscripci\u00f3n AIRE.<\/p>\n<p style=\"text-align: justify;\">En lo que respecta a la emisi\u00f3n del documento (pasaporte o CIE) para los menores, se mantiene invariable la obligaci\u00f3n del consentimiento firmado por ambos progenitores o por quien ejerza la patria potestad. De estar en territorio nacional, ambos padres deben presentarse a la cita para emisi\u00f3n de la CIE.<\/p>\n<p style=\"text-align: justify;\">El consentimiento para la expedici\u00f3n del pasaporte de un menor podr\u00e1 prestarse de una de las siguientes formas:<\/p>\n<ul style=\"text-align: justify;\">\n<li>personalmente en este Consulado el d\u00eda del turno (tenga en cuenta que la persona que otorgue el consentimiento debe poseer un documento de identidad v\u00e1lido, en original y fotocopia simple);<\/li>\n<li>personalmente en cualquier Oficina de la Administraci\u00f3n P\u00fablica italiana autorizada para autenticar firmas: por ejemplo, Questura u otras representaciones diplom\u00e1tico-consulares;<\/li>\n<\/ul>\n<p style=\"text-align: justify;\">Los ciudadanos de la Uni\u00f3n Europea pueden expresar su consentimiento completando y firmando el <strong><a href=\"https:\/\/consmaracaibo.esteri.it\/wp-content\/uploads\/2023\/10\/CIE-modulo-assenso-in-favore-figli-minorenni.docx\">formulario correspondiente <\/a><\/strong>y <strong>adjuntando una copia de un documento expedido por un pa\u00eds de la Uni\u00f3n Europea en el que figure la firma del declarante.<\/strong><\/p>\n<p>&nbsp;<\/p>\n<p style=\"text-align: justify;\"><strong>\u00bfCu\u00e1l es la documentaci\u00f3n necesaria que debo traer el d\u00eda de la cita?<\/strong><\/p>\n<p style=\"text-align: justify;\">El solicitante debe presentar:<\/p>\n<ol style=\"text-align: justify;\">\n<li>Formulario <a href=\"https:\/\/consmaracaibo.esteri.it\/wp-content\/uploads\/2023\/10\/CIE-modulo-richiesta-maggiorenni.doc\">Solicitud para la expedici\u00f3n de la C.I.E<\/a>.; previamente rellenado completamente<\/li>\n<li>1 foto carnet de formato biom\u00e9trico tipo pasaporte italiano tomada de FOTOESTUDIO PROFESIONAL, NO de cyber. (reciente, fondo blanco, a color formato 35 x 45 mm con 80% de rostro hasta los hombros).<\/li>\n<li>Carta de identidad anterior (si tiene), pasaporte italiano y c\u00e9dula de identidad venezolana o pasaporte venezolano (original y copia).<\/li>\n<li>Declaraci\u00f3n de extrav\u00edo\/robo en caso de que sea necesario.<\/li>\n<li>Acta de consentimiento de ambos progenitores en el caso en que el solicitante sea un menor de 18 a\u00f1os.<\/li>\n<\/ol>\n<p style=\"text-align: justify;\"><a href=\"https:\/\/consmaracaibo.esteri.it\/wp-content\/uploads\/2023\/10\/CIE-modulo-richiesta-minorenni.pdf\"><strong>solicitud para la expedici\u00f3n de la C.I.E. a menores de edad <\/strong><\/a>e <a href=\"https:\/\/consmaracaibo.esteri.it\/wp-content\/uploads\/2023\/10\/CIE-modulo-assenso-in-favore-figli-minorenni.docx\"><strong>consentimiento de los padres<\/strong><\/a> (descargar los formularios aqu\u00ed).<\/p>\n<p>&nbsp;<\/p>\n<p style=\"text-align: justify;\"><strong>\u00bfCu\u00e1les son las operaciones que ser\u00e1n efectuadas el d\u00eda del turno?<\/strong><\/p>\n<p style=\"text-align: justify;\">El d\u00eda del turno, el operador consular adquiere la documentaci\u00f3n indicada anteriormente, realiza el reconocimiento y verificaci\u00f3n de la foto y adquiere las huellas dactilares y la firma. El d\u00eda del turno, se anular\u00e1 la carta de identidad precedente o CIE vigente, aunque el solicitante no disponga de ning\u00fan otro documento de identidad. Por lo tanto, es aconsejable, si el solicitante no dispone de otro documento de identidad v\u00e1lido, comunicarlo al operador.<\/p>\n<p>&nbsp;<\/p>\n<p style=\"text-align: justify;\"><strong>\u00bfC\u00f3mo se recibe la CIE?<\/strong><\/p>\n<p style=\"text-align: justify;\"><strong>\u00a0El documento no se emite en el d\u00eda del turno<\/strong>: la CIE es producida por el\u00a0<em>Istituto Poligrafico e Zecca dello Stato<\/em>\u00a0y posteriormente enviada por correo certificado a cargo de\u00a0<em>Poste Italiane<\/em>\u00a0al domicilio personal o a la direcci\u00f3n indicada por el solicitante. El solicitante puede seguir el env\u00edo de forma independiente online, a trav\u00e9s del c\u00f3digo de seguimiento.<\/p>\n<p style=\"text-align: justify;\"><span style=\"text-decoration: underline;\"><strong>El Consulado no se hace cargo de eventuales problemas de env\u00edo, para lo cual es necesario dirigirse a Poste Italiane.<\/strong><\/span><\/p>\n<p>&nbsp;<\/p>\n<p style=\"text-align: justify;\"><strong>\u00bfPor cu\u00e1nto tiempo es v\u00e1lida la CIE?<\/strong><\/p>\n<p style=\"text-align: justify;\">La validez del CIE var\u00eda en funci\u00f3n de la edad del titular y es:<\/p>\n<ul style=\"text-align: justify;\">\n<li>3 a\u00f1os para ni\u00f1os de 0 a 3 a\u00f1os;<\/li>\n<li>5 a\u00f1os para menores de entre 4 y 18 a\u00f1os;<\/li>\n<li>10 a\u00f1os para mayores de 18 a\u00f1os.<\/li>\n<\/ul>\n<p>&nbsp;<\/p>\n<p style=\"text-align: justify;\"><strong>\u00bfCu\u00e1l es la modalidad de pago?<\/strong><\/p>\n<p style=\"text-align: justify;\">Para el costo de la CIE y los m\u00e9todos de pago ver la secci\u00f3n\u00a0<a href=\"https:\/\/consmaracaibo.esteri.it\/es\/servizi-consolari-e-visti\/servizi-per-il-cittadino-italiano\/altri-servizi\/tariffe-consolare\/\">TARIFA CONSULAR\u00a0<\/a>de nuestra p\u00e1gina web.<\/p>\n<p>&nbsp;<\/p>\n<p style=\"text-align: justify;\"><strong>\u00bfDebo solicitar una nueva tarjeta si cambio mi direcci\u00f3n?<\/strong><\/p>\n<p style=\"text-align: justify;\">No. La CIE es un documento de identidad y no de residencia.<\/p>\n<p>&nbsp;<\/p>\n<p style=\"text-align: justify;\"><strong>\u00bfPuedo solicitar un documento de identidad en mi municipio en Italia, incluso si vivo en el extranjero?<\/strong><\/p>\n<p style=\"text-align: justify;\">El compatriota tendr\u00e1 que consultar con el municipio en Italia.<\/p>\n<p style=\"text-align: justify;\">\n","protected":false},"excerpt":{"rendered":"\u00bfQu\u00e9 es la Carta de Identidad Electr\u00f3nica (CIE)? La\u00a0Carta de Identidad Electr\u00f3nica (CIE) es un documento personal, v\u00e1lido para identificarse y circular dentro de la Uni\u00f3n Europea, en algunos Estados adherentes al acuerdo Schengen (Por ej. Islandia, Noruega y Suiza) y en otros Estados con los cuales hayan acuerdos bilaterales. Antes de empezar un viaje [&hellip;]","protected":false},"author":6,"featured_media":0,"parent":180,"menu_order":5,"comment_status":"closed","ping_status":"closed","template":"","meta":{"footnotes":""},"class_list":["post-1215","page","type-page","status-publish","hentry"],"_links":{"self":[{"href":"https:\/\/consmaracaibo.esteri.it\/es\/wp-json\/wp\/v2\/pages\/1215","targetHints":{"allow":["GET"]}}],"collection":[{"href":"https:\/\/consmaracaibo.esteri.it\/es\/wp-json\/wp\/v2\/pages"}],"about":[{"href":"https:\/\/consmaracaibo.esteri.it\/es\/wp-json\/wp\/v2\/types\/page"}],"author":[{"embeddable":true,"href":"https:\/\/consmaracaibo.esteri.it\/es\/wp-json\/wp\/v2\/users\/6"}],"replies":[{"embeddable":true,"href":"https:\/\/consmaracaibo.esteri.it\/es\/wp-json\/wp\/v2\/comments?post=1215"}],"version-history":[{"count":7,"href":"https:\/\/consmaracaibo.esteri.it\/es\/wp-json\/wp\/v2\/pages\/1215\/revisions"}],"predecessor-version":[{"id":3128,"href":"https:\/\/consmaracaibo.esteri.it\/es\/wp-json\/wp\/v2\/pages\/1215\/revisions\/3128"}],"up":[{"embeddable":true,"href":"https:\/\/consmaracaibo.esteri.it\/es\/wp-json\/wp\/v2\/pages\/180"}],"wp:attachment":[{"href":"https:\/\/consmaracaibo.esteri.it\/es\/wp-json\/wp\/v2\/media?parent=1215"}],"curies":[{"name":"wp","href":"https:\/\/api.w.org\/{rel}","templated":true}]}}