{"id":142,"date":"2023-04-03T18:23:20","date_gmt":"2023-04-03T22:23:20","guid":{"rendered":"https:\/\/consmaracaibo.esteri.it\/chi-siamo\/"},"modified":"2023-08-09T12:40:47","modified_gmt":"2023-08-09T16:40:47","slug":"chi-siamo","status":"publish","type":"page","link":"https:\/\/consmaracaibo.esteri.it\/es\/chi-siamo\/","title":{"rendered":"Qui\u00e9nes Somos"},"content":{"rendered":"<p>La jurisdiccion\u00a0 del Consulado de Italia en Maracaibo comprende los Estados;\u00a0 <strong>Zulia, M\u00e9rida, T\u00e1chira, Trujillo, Falcon, y las Islas de Aruba, Cura\u00e7ao y Bonaire.<\/strong><\/p>\n<p>&nbsp;<\/p>\n<p><img loading=\"lazy\" decoding=\"async\" class=\"alignnone size-medium wp-image-288 img-fluid\" src=\"https:\/\/consmaracaibo.esteri.it\/wp-content\/uploads\/2023\/06\/ven-300x237.png\" alt=\"\" width=\"300\" height=\"237\" srcset=\"https:\/\/consmaracaibo.esteri.it\/wp-content\/uploads\/2023\/06\/ven-300x237.png 300w, https:\/\/consmaracaibo.esteri.it\/wp-content\/uploads\/2023\/06\/ven-768x607.png 768w, https:\/\/consmaracaibo.esteri.it\/wp-content\/uploads\/2023\/06\/ven.png 791w\" sizes=\"auto, (max-width: 300px) 100vw, 300px\" \/><\/p>\n<p><img loading=\"lazy\" decoding=\"async\" class=\"alignnone size-medium wp-image-290 img-fluid\" src=\"https:\/\/consmaracaibo.esteri.it\/wp-content\/uploads\/2023\/06\/islas--300x120.jpg\" alt=\"\" width=\"300\" height=\"120\" srcset=\"https:\/\/consmaracaibo.esteri.it\/wp-content\/uploads\/2023\/06\/islas--300x120.jpg 300w, https:\/\/consmaracaibo.esteri.it\/wp-content\/uploads\/2023\/06\/islas-.jpg 355w\" sizes=\"auto, (max-width: 300px) 100vw, 300px\" \/><\/p>\n","protected":false},"excerpt":{"rendered":"La jurisdiccion\u00a0 del Consulado de Italia en Maracaibo comprende los Estados;\u00a0 Zulia, M\u00e9rida, T\u00e1chira, Trujillo, Falcon, y las Islas de Aruba, Cura\u00e7ao y Bonaire. &nbsp;","protected":false},"author":1,"featured_media":0,"parent":0,"menu_order":2,"comment_status":"closed","ping_status":"closed","template":"","meta":{"footnotes":""},"class_list":["post-142","page","type-page","status-publish","hentry"],"_links":{"self":[{"href":"https:\/\/consmaracaibo.esteri.it\/es\/wp-json\/wp\/v2\/pages\/142","targetHints":{"allow":["GET"]}}],"collection":[{"href":"https:\/\/consmaracaibo.esteri.it\/es\/wp-json\/wp\/v2\/pages"}],"about":[{"href":"https:\/\/consmaracaibo.esteri.it\/es\/wp-json\/wp\/v2\/types\/page"}],"author":[{"embeddable":true,"href":"https:\/\/consmaracaibo.esteri.it\/es\/wp-json\/wp\/v2\/users\/1"}],"replies":[{"embeddable":true,"href":"https:\/\/consmaracaibo.esteri.it\/es\/wp-json\/wp\/v2\/comments?post=142"}],"version-history":[{"count":5,"href":"https:\/\/consmaracaibo.esteri.it\/es\/wp-json\/wp\/v2\/pages\/142\/revisions"}],"predecessor-version":[{"id":970,"href":"https:\/\/consmaracaibo.esteri.it\/es\/wp-json\/wp\/v2\/pages\/142\/revisions\/970"}],"wp:attachment":[{"href":"https:\/\/consmaracaibo.esteri.it\/es\/wp-json\/wp\/v2\/media?parent=142"}],"curies":[{"name":"wp","href":"https:\/\/api.w.org\/{rel}","templated":true}]}}