{"id":153,"date":"2023-04-03T19:15:47","date_gmt":"2023-04-03T23:15:47","guid":{"rendered":"https:\/\/consmaracaibo.esteri.it\/chi-siamo\/gli-uffici\/"},"modified":"2025-11-18T10:39:27","modified_gmt":"2025-11-18T14:39:27","slug":"gli-uffici","status":"publish","type":"page","link":"https:\/\/consmaracaibo.esteri.it\/es\/chi-siamo\/gli-uffici\/","title":{"rendered":"Las Oficinas"},"content":{"rendered":"<table style=\"height: 777px;\" width=\"478\">\n<tbody>\n<tr>\n<td>\n<h5 style=\"text-align: center;\"><strong>Anagrafe<\/strong><\/h5>\n<\/td>\n<td width=\"231\">\n<h5><strong><a href=\"mailto:buenosaires.fastit@esteri.it\">anagrafe.maracaibo@esteri.it<\/a><\/strong><\/h5>\n<\/td>\n<\/tr>\n<tr>\n<td>\n<h5 style=\"text-align: center;\"><strong>Archivo<\/strong><\/h5>\n<\/td>\n<td width=\"231\">\n<h5><a href=\"mailto:archivio.maracaibo@esteri.it\"><strong>archivio.maracaibo@esteri.it<\/strong><\/a><\/h5>\n<\/td>\n<\/tr>\n<tr>\n<td>\n<h5 style=\"text-align: center;\"><strong>Asistencia<\/strong><\/h5>\n<\/td>\n<td width=\"231\">\n<h5><strong><a href=\"mailto:assistenza.buenosaires@esteri.it\">maracaibo.sociale@esteri.it<\/a><\/strong><\/h5>\n<\/td>\n<\/tr>\n<tr>\n<td>\n<h5 style=\"text-align: center;\"><strong>Ciudadan\u00eda<\/strong><\/h5>\n<\/td>\n<td width=\"231\">\n<h5><strong><u><a href=\"mailto:maracaibo.cittadinanza@esteri.it\">maracaibo.cittadinanza@esteri.it<\/a><\/u><\/strong><\/h5>\n<\/td>\n<\/tr>\n<tr>\n<td>\n<h5 style=\"text-align: center;\"><strong>Contabilidad<\/strong><\/h5>\n<\/td>\n<td width=\"231\">\n<h5><a href=\"mailto:cont.maracaibo@esteri.it\"><strong>cont.maracaibo@esteri.it<\/strong><\/a><\/h5>\n<\/td>\n<\/tr>\n<tr>\n<td>\n<h5 style=\"text-align: center;\"><strong>Notar\u00eda<\/strong><\/h5>\n<\/td>\n<td width=\"231\">\n<h5><strong><u><a href=\"mailto:segre.maracaibo@esteri.it\">segre.maracaibo@esteri.it<\/a><\/u><\/strong><\/h5>\n<\/td>\n<\/tr>\n<tr>\n<td>\n<h5 style=\"text-align: center;\"><strong>Pasaporte<\/strong><\/h5>\n<\/td>\n<td width=\"231\">\n<h5><strong><u><a href=\"mailto:pass.maracaibo@esteri.it\">pass.maracaibo@esteri.it<\/a><\/u><\/strong><\/h5>\n<\/td>\n<\/tr>\n<tr>\n<td>\n<h5 style=\"text-align: center;\"><strong>Servicios Demogr\u00e1ficos<\/strong><\/h5>\n<\/td>\n<td width=\"231\">\n<h5><a href=\"mailto:maracaibo.demografici@esteri.it\"><strong>maracaibo.demografici@esteri.it<\/strong><\/a><\/h5>\n<\/td>\n<\/tr>\n<tr>\n<td>\n<h5 style=\"text-align: center;\"><strong>Estado Civil<\/strong><\/h5>\n<\/td>\n<td width=\"231\">\n<h5><strong><u><a href=\"mailto:statocivil.maracaibo@esteri.it\">statocivil.maracaibo@esteri.it<\/a><\/u><\/strong><\/h5>\n<\/td>\n<\/tr>\n<tr>\n<td>\n<h5 style=\"text-align: center;\"><strong>Electoral<\/strong><\/h5>\n<\/td>\n<td width=\"231\">\n<h5><a href=\"mailto:maracaibo.elettorale@esteri.it\"><strong><u>maracaibo.elettorale@esteri.it<\/u><\/strong><\/a><\/h5>\n<\/td>\n<\/tr>\n<tr>\n<td>\n<h5 style=\"text-align: center;\"><strong>Estudios<\/strong><\/h5>\n<\/td>\n<td width=\"231\">\n<h5><strong><u><a href=\"mailto:statocivil.maracaibo@esteri.it\">statocivil.maracaibo@esteri.it<\/a><\/u><\/strong><\/h5>\n<\/td>\n<\/tr>\n<\/tbody>\n<\/table>\n","protected":false},"excerpt":{"rendered":"Anagrafe anagrafe.maracaibo@esteri.it Archivo archivio.maracaibo@esteri.it Asistencia maracaibo.sociale@esteri.it Ciudadan\u00eda maracaibo.cittadinanza@esteri.it Contabilidad cont.maracaibo@esteri.it Notar\u00eda segre.maracaibo@esteri.it Pasaporte pass.maracaibo@esteri.it Servicios Demogr\u00e1ficos maracaibo.demografici@esteri.it Estado Civil statocivil.maracaibo@esteri.it Electoral maracaibo.elettorale@esteri.it Estudios statocivil.maracaibo@esteri.it","protected":false},"author":1,"featured_media":0,"parent":142,"menu_order":6,"comment_status":"closed","ping_status":"closed","template":"","meta":{"footnotes":""},"class_list":["post-153","page","type-page","status-publish","hentry"],"_links":{"self":[{"href":"https:\/\/consmaracaibo.esteri.it\/es\/wp-json\/wp\/v2\/pages\/153","targetHints":{"allow":["GET"]}}],"collection":[{"href":"https:\/\/consmaracaibo.esteri.it\/es\/wp-json\/wp\/v2\/pages"}],"about":[{"href":"https:\/\/consmaracaibo.esteri.it\/es\/wp-json\/wp\/v2\/types\/page"}],"author":[{"embeddable":true,"href":"https:\/\/consmaracaibo.esteri.it\/es\/wp-json\/wp\/v2\/users\/1"}],"replies":[{"embeddable":true,"href":"https:\/\/consmaracaibo.esteri.it\/es\/wp-json\/wp\/v2\/comments?post=153"}],"version-history":[{"count":6,"href":"https:\/\/consmaracaibo.esteri.it\/es\/wp-json\/wp\/v2\/pages\/153\/revisions"}],"predecessor-version":[{"id":3011,"href":"https:\/\/consmaracaibo.esteri.it\/es\/wp-json\/wp\/v2\/pages\/153\/revisions\/3011"}],"up":[{"embeddable":true,"href":"https:\/\/consmaracaibo.esteri.it\/es\/wp-json\/wp\/v2\/pages\/142"}],"wp:attachment":[{"href":"https:\/\/consmaracaibo.esteri.it\/es\/wp-json\/wp\/v2\/media?parent=153"}],"curies":[{"name":"wp","href":"https:\/\/api.w.org\/{rel}","templated":true}]}}