{"id":155,"date":"2023-04-03T19:16:15","date_gmt":"2023-04-03T23:16:15","guid":{"rendered":"https:\/\/consmaracaibo.esteri.it\/chi-siamo\/numeri-di-emergenza\/"},"modified":"2023-06-22T14:45:40","modified_gmt":"2023-06-22T18:45:40","slug":"numeri-di-emergenza","status":"publish","type":"page","link":"https:\/\/consmaracaibo.esteri.it\/es\/chi-siamo\/numeri-di-emergenza\/","title":{"rendered":"N\u00fameros de emergencia"},"content":{"rendered":"<p><strong>SOLO Y EXCLUSIVAMENTE PARA SITUACIONES DE COMPROBADA EMERGENCIA<\/strong><\/p>\n<p>(Por ejemplo; accidente, detenci\u00f3n, grave problemas m\u00e9dico, etc.).<\/p>\n<p>Las llamadas para asuntos consular ordinario e informaci\u00f3n no ser\u00e1n tomadas en consideraci\u00f3n.<\/p>\n<p><strong>N\u00famero de emergencia<\/strong><\/p>\n<p>Operativo durante horario de cierre de las oficinas<\/p>\n<p><strong>Telefono: +58 (0)424 6626032<\/strong><\/p>\n<p><strong>email: <a href=\"mailto:consolato.maracaibo@esteri.it\">consolato.maracaibo@esteri.it<\/a><\/strong><\/p>\n","protected":false},"excerpt":{"rendered":"SOLO Y EXCLUSIVAMENTE PARA SITUACIONES DE COMPROBADA EMERGENCIA (Por ejemplo; accidente, detenci\u00f3n, grave problemas m\u00e9dico, etc.). Las llamadas para asuntos consular ordinario e informaci\u00f3n no ser\u00e1n tomadas en consideraci\u00f3n. N\u00famero de emergencia Operativo durante horario de cierre de las oficinas Telefono: +58 (0)424 6626032 email: consolato.maracaibo@esteri.it","protected":false},"author":1,"featured_media":0,"parent":142,"menu_order":10,"comment_status":"closed","ping_status":"closed","template":"","meta":{"footnotes":""},"class_list":["post-155","page","type-page","status-publish","hentry"],"_links":{"self":[{"href":"https:\/\/consmaracaibo.esteri.it\/es\/wp-json\/wp\/v2\/pages\/155","targetHints":{"allow":["GET"]}}],"collection":[{"href":"https:\/\/consmaracaibo.esteri.it\/es\/wp-json\/wp\/v2\/pages"}],"about":[{"href":"https:\/\/consmaracaibo.esteri.it\/es\/wp-json\/wp\/v2\/types\/page"}],"author":[{"embeddable":true,"href":"https:\/\/consmaracaibo.esteri.it\/es\/wp-json\/wp\/v2\/users\/1"}],"replies":[{"embeddable":true,"href":"https:\/\/consmaracaibo.esteri.it\/es\/wp-json\/wp\/v2\/comments?post=155"}],"version-history":[{"count":3,"href":"https:\/\/consmaracaibo.esteri.it\/es\/wp-json\/wp\/v2\/pages\/155\/revisions"}],"predecessor-version":[{"id":345,"href":"https:\/\/consmaracaibo.esteri.it\/es\/wp-json\/wp\/v2\/pages\/155\/revisions\/345"}],"up":[{"embeddable":true,"href":"https:\/\/consmaracaibo.esteri.it\/es\/wp-json\/wp\/v2\/pages\/142"}],"wp:attachment":[{"href":"https:\/\/consmaracaibo.esteri.it\/es\/wp-json\/wp\/v2\/media?parent=155"}],"curies":[{"name":"wp","href":"https:\/\/api.w.org\/{rel}","templated":true}]}}