{"id":156,"date":"2023-04-03T19:16:29","date_gmt":"2023-04-03T23:16:29","guid":{"rendered":"https:\/\/consmaracaibo.esteri.it\/chi-siamo\/la-rete-consolare\/"},"modified":"2026-02-18T13:43:44","modified_gmt":"2026-02-18T17:43:44","slug":"la-rete-consolare","status":"publish","type":"page","link":"https:\/\/consmaracaibo.esteri.it\/es\/chi-siamo\/la-rete-consolare\/","title":{"rendered":"La Red Consular"},"content":{"rendered":"<p><strong>CONSULADO DE CARRERA<\/strong><\/p>\n<p>Dos Consulados de carrera operan en Venezuela:<\/p>\n<ul>\n<li><a href=\"https:\/\/consolatocaracas.esteri.it\">Consulado General de Italia en Caracas<\/a><\/li>\n<li>Consulado de Italia en Maracaibo.<\/li>\n<\/ul>\n<p>Jurisdicci\u00f3n Territorial del Consulado de Italia en Maracaibo<\/p>\n<p><strong>RED CONSULAR HONORARIA<\/strong><\/p>\n<p>Algunas oficinas consulares honorarios (c\u00f3nsules honorarios, agentes consulares o corresponsales consulares) funcionan en el jurisdicci\u00f3n consular del Consulado de Italia en Maracaibo.<\/p>\n<p><strong>CONSULADO HONORARIO DE ITALIA WILLEMSTAD \u2013 CURACAO\u00a0\u00a0 <\/strong><\/p>\n<p>(con jurisdiccion Islas de Aruba, Curacao y Bonaire)<\/p>\n<p><strong>Consul honorario<\/strong>: <strong>Dra. PRUNETI KATHRYN MARY DEBORAH<\/strong><\/p>\n<p>Direcci\u00f3n: Bellisimaweg 10, Willemstad, Curacao<\/p>\n<p>Prefijo: (00599 9) Tel. \u00a07375973 \u2013 Cell: \u00a0560.51.99<\/p>\n<p><strong>E-Mail: <\/strong><a href=\"mailto:italconsulcur@gmail.com\"><strong>italconsulcur@gmail.com<\/strong><\/a><\/p>\n<p><a href=\"https:\/\/consmaracaibo.esteri.it\/wp-content\/uploads\/2026\/02\/Decreto-Pruneti_Willemstad_2023.pdf\">Decreto<\/a><\/p>\n<p><strong>\u00a0<\/strong><\/p>\n<p><strong>VICE CONSULADO HONORARIO DE ITALIA<\/strong><strong> &#8211; SAN CRISTOBAL (T\u00e1chira)<\/strong><\/p>\n<p><strong>Vice Console Onorario :<\/strong> <strong>Abog. ARMANDO BALDINI<\/strong><\/p>\n<p>Direcci\u00f3n: Av. Cuatricentaria, Centro Delta, Zona Com., piso 4, ofic.41, San Crist\u00f3bal (5001)<\/p>\n<p>Prefijo: (0058) (0265) Tel.: 276 344 39 31 e\u00a0 424.736.0947<\/p>\n<p><strong>E-mail: <\/strong><strong><a href=\"mailto:vci.sancristobal@gmail.com\">vci.sancristobal@gmail.com<\/a>; <a href=\"mailto:abaldinic@hotmail.com\">abaldinic@hotmail.com<\/a><\/strong><\/p>\n<p><a href=\"https:\/\/consmaracaibo.esteri.it\/wp-content\/uploads\/2026\/02\/Decreto-Baldini_San-Cristobal_2026.pdf\">Decreto<\/a><\/p>\n<p>&nbsp;<\/p>\n<p><strong>AGENCIA CONSULAR HONORARIO DE ITALIA &#8211; CORO (Falc\u00f3n)<\/strong><\/p>\n<p>*VACANTE*<\/p>\n<p>&nbsp;<\/p>\n<p><strong>CORRESPONSAL CONSULAR DE ITALIA \u2013 CIUDAD OJEDA (Zulia)<\/strong><\/p>\n<p><strong>Corresponsal Consular honorario<\/strong>: <strong>Dr. FABIO VITALE<\/strong><\/p>\n<p>Direcci\u00f3n: Calle Bermudez, C.C.San Antonio, local 3-4,\u00a0 Ciudad Ojeda (4019)<\/p>\n<p>Prefijo: (0058)\u00a0 Cell. 412 6640338 \u00a0\u00a0e \u00a0\u00a0414 674.79.01<\/p>\n<p><strong>E-Mail: <\/strong><a href=\"mailto:fabiovit1956@gmail.com\"><strong>fabiovit1956@gmail.com<\/strong><\/a><\/p>\n<p>&nbsp;<\/p>\n<p><strong>CORRESPONSAL CONSULAR DE ITALIA &#8211; VALERA<\/strong> <strong>(TRUJILLO)<\/strong><\/p>\n<p><strong>Corresponsal Consular<\/strong>: <strong>SIG. LORENZO PIERANTOZZI<\/strong><\/p>\n<p>Indirizzo:\u00a0Calle 7 entre Avenidas\u00a0 6 y Bolivar, sede \u201cPanader\u00eda Pierantozzi\u201d Valera (3106)<\/p>\n<p>Prefisso: (0058) Cell.\u00a0424 376 7341<\/p>\n<p><strong>E-Mail: <\/strong><a href=\"mailto:redconsulartrujillo@gmail.com\"><strong>redconsulartrujillo@gmail.com<\/strong><\/a><strong>; <\/strong><a href=\"mailto:lopi246@gmail.com\"><strong>lopi246@gmail.com<\/strong><\/a><\/p>\n<p>&nbsp;<\/p>\n<p><strong>CORRESPONSAL CONSULAR DE ITALIA \u2013 <\/strong><strong>\u00a0<\/strong><strong>PUNTO FIJO \u00a0(FALCON)<\/strong><\/p>\n<p><strong>Corresponsal Consular honorario<\/strong>: <strong>Sig. GIULIO ZANNI <\/strong><\/p>\n<p>Direcci\u00f3n: \u00a0Av. Comercio n. 96 entre Bolivia y Ecuador, Sector Centro, Punto Fijo (4102)<\/p>\n<p>Prefijo: (0058) Tel. 0414 692.63.98<\/p>\n<p>E-Mail<strong>: <\/strong><a href=\"mailto:zannigiulio@hotmail.com\"><strong>zannigiulio<\/strong>@<strong>hotmail.com<\/strong><\/a><strong>\u00a0\u00a0 <\/strong><\/p>\n<p><strong>\u00a0\u00a0\u00a0\u00a0 <\/strong><strong>\u00a0\u00a0\u00a0\u00a0\u00a0\u00a0\u00a0\u00a0\u00a0\u00a0\u00a0\u00a0\u00a0\u00a0\u00a0\u00a0\u00a0\u00a0\u00a0\u00a0\u00a0\u00a0\u00a0\u00a0\u00a0\u00a0\u00a0\u00a0\u00a0\u00a0\u00a0\u00a0\u00a0\u00a0\u00a0\u00a0\u00a0\u00a0\u00a0\u00a0\u00a0\u00a0\u00a0\u00a0\u00a0\u00a0\u00a0\u00a0\u00a0\u00a0\u00a0\u00a0\u00a0\u00a0\u00a0\u00a0\u00a0\u00a0\u00a0\u00a0\u00a0\u00a0\u00a0\u00a0\u00a0\u00a0\u00a0\u00a0\u00a0\u00a0\u00a0\u00a0\u00a0\u00a0\u00a0\u00a0\u00a0\u00a0\u00a0\u00a0\u00a0\u00a0\u00a0\u00a0\u00a0\u00a0\u00a0\u00a0\u00a0\u00a0\u00a0\u00a0\u00a0\u00a0\u00a0\u00a0\u00a0\u00a0\u00a0\u00a0\u00a0\u00a0\u00a0\u00a0\u00a0\u00a0\u00a0\u00a0\u00a0\u00a0\u00a0\u00a0\u00a0\u00a0\u00a0\u00a0\u00a0\u00a0\u00a0\u00a0\u00a0\u00a0\u00a0\u00a0\u00a0\u00a0\u00a0\u00a0\u00a0\u00a0\u00a0\u00a0<\/strong><\/p>\n<p><strong>CORRESPONSAL CONSULAR DE ITALIA &#8211; ISOLA DI ARUBA<\/strong><\/p>\n<p><strong>Corresponsal Consular<\/strong>: <strong>SIG. RA NEYDA JOSEFINA LAPORTA <\/strong><\/p>\n<p>Direcci\u00f3n: Wayaca 6-B, Aruba Business Center, local 10<\/p>\n<p>(al lato del Hyatt Place Aruba Airport), Oranjestad, Codice Postale 0000<\/p>\n<p>Prefijo: (00297) Tel. 568 8928<\/p>\n<p><strong>E-Mail: <\/strong><a href=\"mailto:laporta.italaruba@gmail.com\"><strong>laporta.italaruba@gmail.com<\/strong><\/a><strong> \u00a0\u00a0\u00a0\u00a0\u00a0\u00a0\u00a0\u00a0\u00a0\u00a0\u00a0\u00a0<\/strong><\/p>\n<p><strong>\u00a0<\/strong><\/p>\n<p><strong>CORRESPONSAL CONSULAR DE ITALIA &#8211; MERIDA (MERIDA)<\/strong><\/p>\n<p><strong>Corresponsal Consular<\/strong>: <strong>SIG. <\/strong><strong>RA SANDRA MARIA BEZ OLIVER<\/strong><\/p>\n<p>Direcci\u00f3n: Av. Gonzalo Pic\u00f3n, cruce con viaducto Miranda<\/p>\n<p>Centro Comercial Cubo Rojo, piso 1, Oficina 3, M\u00e9rida (5101)<\/p>\n<p>Prefijo: (0058-274) Tel. 2636972;<\/p>\n<p>Prefijo: (0058) cell. 0414 748.56.30<\/p>\n<p><strong>E-Mail:<\/strong> <a href=\"mailto:sandra.bez@gmail.com\"><strong>sandra.bez@gmail.com<\/strong><\/a><\/p>\n<p>&nbsp;<\/p>\n<p><span class=\"HwtZe\" lang=\"es\"><span class=\"jCAhz ChMk0b\"><span class=\"ryNqvb\">Para obtener informaci\u00f3n sobre la red consular honoraria del distrito territorial del Consulado General de Italia en Caracas (c\u00f3nsules honorarios, agentes consulares o corresponsales consulares) consulte el sitio web del <a href=\"https:\/\/consolatocaracas.esteri.it\/es\">Consulado General de Italia en Caracas<\/a><\/span><\/span><\/span><\/p>\n","protected":false},"excerpt":{"rendered":"CONSULADO DE CARRERA Dos Consulados de carrera operan en Venezuela: Consulado General de Italia en Caracas Consulado de Italia en Maracaibo. Jurisdicci\u00f3n Territorial del Consulado de Italia en Maracaibo RED CONSULAR HONORARIA Algunas oficinas consulares honorarios (c\u00f3nsules honorarios, agentes consulares o corresponsales consulares) funcionan en el jurisdicci\u00f3n consular del Consulado de Italia en Maracaibo. CONSULADO [&hellip;]","protected":false},"author":1,"featured_media":0,"parent":142,"menu_order":12,"comment_status":"closed","ping_status":"closed","template":"","meta":{"footnotes":""},"class_list":["post-156","page","type-page","status-publish","hentry"],"_links":{"self":[{"href":"https:\/\/consmaracaibo.esteri.it\/es\/wp-json\/wp\/v2\/pages\/156","targetHints":{"allow":["GET"]}}],"collection":[{"href":"https:\/\/consmaracaibo.esteri.it\/es\/wp-json\/wp\/v2\/pages"}],"about":[{"href":"https:\/\/consmaracaibo.esteri.it\/es\/wp-json\/wp\/v2\/types\/page"}],"author":[{"embeddable":true,"href":"https:\/\/consmaracaibo.esteri.it\/es\/wp-json\/wp\/v2\/users\/1"}],"replies":[{"embeddable":true,"href":"https:\/\/consmaracaibo.esteri.it\/es\/wp-json\/wp\/v2\/comments?post=156"}],"version-history":[{"count":7,"href":"https:\/\/consmaracaibo.esteri.it\/es\/wp-json\/wp\/v2\/pages\/156\/revisions"}],"predecessor-version":[{"id":3389,"href":"https:\/\/consmaracaibo.esteri.it\/es\/wp-json\/wp\/v2\/pages\/156\/revisions\/3389"}],"up":[{"embeddable":true,"href":"https:\/\/consmaracaibo.esteri.it\/es\/wp-json\/wp\/v2\/pages\/142"}],"wp:attachment":[{"href":"https:\/\/consmaracaibo.esteri.it\/es\/wp-json\/wp\/v2\/media?parent=156"}],"curies":[{"name":"wp","href":"https:\/\/api.w.org\/{rel}","templated":true}]}}