{"id":193,"date":"2023-04-03T19:29:38","date_gmt":"2023-04-03T23:29:38","guid":{"rendered":"https:\/\/consmaracaibo.esteri.it\/servizi-consolari-e-visti\/servizi-per-il-cittadino-italiano\/servizi-notarili\/"},"modified":"2024-08-14T15:11:18","modified_gmt":"2024-08-14T19:11:18","slug":"servizi-notarili","status":"publish","type":"page","link":"https:\/\/consmaracaibo.esteri.it\/es\/servizi-consolari-e-visti\/servizi-per-il-cittadino-italiano\/servizi-notarili\/","title":{"rendered":"Servicios notariales"},"content":{"rendered":"<p>Las citas para la Notar\u00eda son completamente gratuitas y se pueden solicitar exclusivamente a trav\u00e9s del correo electr\u00f3nico: <a href=\"mailto:segre.maracaibo@esteri.it\">segre.maracaibo@esteri.it<\/a><\/p>\n<p><strong>SERVICIOS QUE PRESTAMOS EN EL \u00c1REA DE NOTARIO:<\/strong><\/p>\n<ul>\n<li style=\"list-style-type: none\">\n<ul>\n<li><a href=\"https:\/\/consmaracaibo.esteri.it\/es\/servizi-consolari-e-visti\/servizi-per-il-cittadino-italiano\/servizi-notarili\/poderes-generales-especiales\/\">Poderes (generales y especiales para ciudadanos italianos).<\/a><\/li>\n<li><a href=\"https:\/\/consmaracaibo.esteri.it\/es\/servizi-consolari-e-visti\/servizi-per-il-cittadino-italiano\/servizi-notarili\/sucesiones\/\">Sucesiones.<\/a><\/li>\n<li><a href=\"https:\/\/consmaracaibo.esteri.it\/es\/servizi-consolari-e-visti\/servizi-per-il-cittadino-italiano\/codice-fiscale\/\">C\u00f3digo de identificaci\u00f3n fiscal.<\/a><a href=\"https:\/\/consmaracaibo.esteri.it\/es\/servizi-consolari-e-visti\/servizi-per-il-cittadino-italiano\/servizi-notarili\/testamentos-autenticaciones-autocertificaciones-certificados\/\">Autenticaci\u00f3n de firmas<\/a>.<\/li>\n<li>Copia certificada del pasaporte (para ciudadanos italianos).<\/li>\n<li><a href=\"https:\/\/consmaracaibo.esteri.it\/es\/servizi-consolari-e-visti\/servizi-per-il-cittadino-italiano\/autoveicoli-e-patenti-di-guida\/\">Renovaci\u00f3n del permiso de conducir (para ciudadanos italianos)<\/a>.<\/li>\n<li>Declaraci\u00f3n de herederos \u00fanicos (para ciudadanos italianos).<\/li>\n<li><a href=\"https:\/\/consmaracaibo.esteri.it\/es\/servizi-consolari-e-visti\/servizi-per-il-cittadino-italiano\/servizi-notarili\/repatriacion-de-restos-y-cenizas-a-italia\/\">Repatriaci\u00f3n de restos y cenizas a Italia<\/a>.<\/li>\n<li><a href=\"https:\/\/consmaracaibo.esteri.it\/es\/servizi-consolari-e-visti\/servizi-per-il-cittadino-italiano\/servizi-notarili\/navegacion\/\">Navegaci\u00f3n<\/a><\/li>\n<li><a href=\"http:\/\/Veh\u00edculos a motor y permisos de conducci\u00f3n\">Veh\u00edculos a motor y permisos de conducci\u00f3n<\/a><\/li>\n<\/ul>\n<\/li>\n<\/ul>\n<p>&nbsp;<\/p>\n<p>&nbsp;<\/p>\n<p>Las escrituras notariales realizadas en este Consulado son v\u00e1lidas \u00fanicamente en el territorio de la Rep\u00fablica Italiana y en las representaciones diplom\u00e1tico-consulares.<\/p>\n","protected":false},"excerpt":{"rendered":"Las citas para la Notar\u00eda son completamente gratuitas y se pueden solicitar exclusivamente a trav\u00e9s del correo electr\u00f3nico: segre.maracaibo@esteri.it SERVICIOS QUE PRESTAMOS EN EL \u00c1REA DE NOTARIO: Poderes (generales y especiales para ciudadanos italianos). Sucesiones. C\u00f3digo de identificaci\u00f3n fiscal.Autenticaci\u00f3n de firmas. Copia certificada del pasaporte (para ciudadanos italianos). Renovaci\u00f3n del permiso de conducir (para ciudadanos [&hellip;]","protected":false},"author":1,"featured_media":0,"parent":179,"menu_order":12,"comment_status":"closed","ping_status":"closed","template":"","meta":{"footnotes":""},"class_list":["post-193","page","type-page","status-publish","hentry"],"_links":{"self":[{"href":"https:\/\/consmaracaibo.esteri.it\/es\/wp-json\/wp\/v2\/pages\/193","targetHints":{"allow":["GET"]}}],"collection":[{"href":"https:\/\/consmaracaibo.esteri.it\/es\/wp-json\/wp\/v2\/pages"}],"about":[{"href":"https:\/\/consmaracaibo.esteri.it\/es\/wp-json\/wp\/v2\/types\/page"}],"author":[{"embeddable":true,"href":"https:\/\/consmaracaibo.esteri.it\/es\/wp-json\/wp\/v2\/users\/1"}],"replies":[{"embeddable":true,"href":"https:\/\/consmaracaibo.esteri.it\/es\/wp-json\/wp\/v2\/comments?post=193"}],"version-history":[{"count":6,"href":"https:\/\/consmaracaibo.esteri.it\/es\/wp-json\/wp\/v2\/pages\/193\/revisions"}],"predecessor-version":[{"id":1679,"href":"https:\/\/consmaracaibo.esteri.it\/es\/wp-json\/wp\/v2\/pages\/193\/revisions\/1679"}],"up":[{"embeddable":true,"href":"https:\/\/consmaracaibo.esteri.it\/es\/wp-json\/wp\/v2\/pages\/179"}],"wp:attachment":[{"href":"https:\/\/consmaracaibo.esteri.it\/es\/wp-json\/wp\/v2\/media?parent=193"}],"curies":[{"name":"wp","href":"https:\/\/api.w.org\/{rel}","templated":true}]}}