{"id":195,"date":"2023-04-03T19:29:59","date_gmt":"2023-04-03T23:29:59","guid":{"rendered":"https:\/\/consmaracaibo.esteri.it\/servizi-consolari-e-visti\/servizi-per-il-cittadino-italiano\/autoveicoli-e-patenti-di-guida\/"},"modified":"2023-08-30T09:16:07","modified_gmt":"2023-08-30T13:16:07","slug":"autoveicoli-e-patenti-di-guida","status":"publish","type":"page","link":"https:\/\/consmaracaibo.esteri.it\/es\/servizi-consolari-e-visti\/servizi-per-il-cittadino-italiano\/servizi-notarili\/autoveicoli-e-patenti-di-guida\/","title":{"rendered":"Veh\u00edculos a motor y permisos de conducci\u00f3n"},"content":{"rendered":"<p><strong>Renovaci\u00f3n de licencia de conducir<\/strong><\/p>\n<p><strong>Licencias de conducir<\/strong><\/p>\n<p>La renovaci\u00f3n de la licencia de conducir italiana puede ser solicitada exclusivamente por ciudadanos italianos residentes en la circunscripci\u00f3n Consular de Maracaibo y regularmente inscritos en el A.I.R.E., as\u00ed como por ciudadanos establecidos en el exterior por un per\u00edodo de al menos 6 meses.<\/p>\n<p>La licencia de conducir debe tener un m\u00e1ximo de 5 a\u00f1os de vencimiento.<\/p>\n<p>Los documentos que debe presentar son:<\/p>\n<ul>\n<li><a href=\"https:\/\/consmaracaibo.esteri.it\/wp-content\/uploads\/2023\/07\/richiesta-rinnovo-patente.pdf\"><span style=\"color: #0000ff;\">SOLICITUD<\/span><\/a> de renovaci\u00f3n, debidamente rellenado y firmado;<\/li>\n<li>Certificado m\u00e9dico expedido por un m\u00e9dico reconocido por este Consulado (<a href=\"https:\/\/consmaracaibo.esteri.it\/wp-content\/uploads\/2023\/07\/certificato_medico_per_patente-2.pdf\"><span style=\"color: #0000ff;\">MODULO<\/span><\/a>);<\/li>\n<li>Licencia de conducir vencida, en buenas condiciones,\u00a0original\u00a0y copia;<\/li>\n<li>2 fotos (fondo blanco tipo pasaporte).<\/li>\n<li>Pasaporte italiano vigente, original y copia;<\/li>\n<li>Rif (venezolano)\u00a0actualizado o cualquier documento que compruebe la direcci\u00f3n de residencia.<\/li>\n<\/ul>\n<p>Si desea renovar su licencia de conducir italiana, por favor, escriba al correo electronico: <a href=\"mailto:segre.maracaibo@esteri.it\">segre.maracaibo@esteri.it<\/a> para solicitar cita.<\/p>\n<p>El costo del certificado m\u00e9dico es a cargo del solicitante y se le cancela directamente al m\u00e9dico.<\/p>\n<p>El costo de la renovaci\u00f3n se le indicar\u00e1 en el correo de la cita.<\/p>\n<p><span style=\"text-decoration: underline;\"><strong><span style=\"color: #0000ff; text-decoration: underline;\">Elenco Medici Noti al Consolato<\/span><\/strong><\/span><\/p>\n","protected":false},"excerpt":{"rendered":"Renovaci\u00f3n de licencia de conducir Licencias de conducir La renovaci\u00f3n de la licencia de conducir italiana puede ser solicitada exclusivamente por ciudadanos italianos residentes en la circunscripci\u00f3n Consular de Maracaibo y regularmente inscritos en el A.I.R.E., as\u00ed como por ciudadanos establecidos en el exterior por un per\u00edodo de al menos 6 meses. La licencia de [&hellip;]","protected":false},"author":1,"featured_media":0,"parent":193,"menu_order":7,"comment_status":"closed","ping_status":"closed","template":"","meta":{"footnotes":""},"class_list":["post-195","page","type-page","status-publish","hentry"],"_links":{"self":[{"href":"https:\/\/consmaracaibo.esteri.it\/es\/wp-json\/wp\/v2\/pages\/195","targetHints":{"allow":["GET"]}}],"collection":[{"href":"https:\/\/consmaracaibo.esteri.it\/es\/wp-json\/wp\/v2\/pages"}],"about":[{"href":"https:\/\/consmaracaibo.esteri.it\/es\/wp-json\/wp\/v2\/types\/page"}],"author":[{"embeddable":true,"href":"https:\/\/consmaracaibo.esteri.it\/es\/wp-json\/wp\/v2\/users\/1"}],"replies":[{"embeddable":true,"href":"https:\/\/consmaracaibo.esteri.it\/es\/wp-json\/wp\/v2\/comments?post=195"}],"version-history":[{"count":6,"href":"https:\/\/consmaracaibo.esteri.it\/es\/wp-json\/wp\/v2\/pages\/195\/revisions"}],"predecessor-version":[{"id":771,"href":"https:\/\/consmaracaibo.esteri.it\/es\/wp-json\/wp\/v2\/pages\/195\/revisions\/771"}],"up":[{"embeddable":true,"href":"https:\/\/consmaracaibo.esteri.it\/es\/wp-json\/wp\/v2\/pages\/193"}],"wp:attachment":[{"href":"https:\/\/consmaracaibo.esteri.it\/es\/wp-json\/wp\/v2\/media?parent=195"}],"curies":[{"name":"wp","href":"https:\/\/api.w.org\/{rel}","templated":true}]}}