{"id":205,"date":"2023-04-03T19:25:23","date_gmt":"2023-04-03T23:25:23","guid":{"rendered":"https:\/\/consmaracaibo.esteri.it\/servizi-consolari-e-visti\/servizi-per-il-cittadino-straniero\/"},"modified":"2025-11-05T10:17:31","modified_gmt":"2025-11-05T14:17:31","slug":"servizi-per-il-cittadino-straniero","status":"publish","type":"page","link":"https:\/\/consmaracaibo.esteri.it\/es\/servizi-consolari-e-visti\/servizi-per-il-cittadino-straniero\/","title":{"rendered":"Servicios para el ciudadano extranjero"},"content":{"rendered":"<p>Estimados usuarios,<\/p>\n<p style=\"text-align: justify;\">Todas las citas deben solicitarse a trav\u00e9s del portal <a href=\"https:\/\/prenotami.esteri.it\"><strong>Prenot@MI.<\/strong><\/a><\/p>\n<p style=\"text-align: justify;\">Los invitamos a consultar los requisitos antes de reservar los servicios para no perder la cita ya que la informaci\u00f3n se actualiza constantemente.<\/p>\n<p style=\"text-align: justify;\">NO ser\u00e1 posible responder al correo electr\u00f3nico sobre informaciones que ya est\u00e9 presente en el sitio web.<\/p>\n","protected":false},"excerpt":{"rendered":"Estimados usuarios, Todas las citas deben solicitarse a trav\u00e9s del portal Prenot@MI. Los invitamos a consultar los requisitos antes de reservar los servicios para no perder la cita ya que la informaci\u00f3n se actualiza constantemente. NO ser\u00e1 posible responder al correo electr\u00f3nico sobre informaciones que ya est\u00e9 presente en el sitio web.","protected":false},"author":1,"featured_media":0,"parent":144,"menu_order":2,"comment_status":"closed","ping_status":"closed","template":"","meta":{"footnotes":""},"class_list":["post-205","page","type-page","status-publish","hentry"],"_links":{"self":[{"href":"https:\/\/consmaracaibo.esteri.it\/es\/wp-json\/wp\/v2\/pages\/205","targetHints":{"allow":["GET"]}}],"collection":[{"href":"https:\/\/consmaracaibo.esteri.it\/es\/wp-json\/wp\/v2\/pages"}],"about":[{"href":"https:\/\/consmaracaibo.esteri.it\/es\/wp-json\/wp\/v2\/types\/page"}],"author":[{"embeddable":true,"href":"https:\/\/consmaracaibo.esteri.it\/es\/wp-json\/wp\/v2\/users\/1"}],"replies":[{"embeddable":true,"href":"https:\/\/consmaracaibo.esteri.it\/es\/wp-json\/wp\/v2\/comments?post=205"}],"version-history":[{"count":6,"href":"https:\/\/consmaracaibo.esteri.it\/es\/wp-json\/wp\/v2\/pages\/205\/revisions"}],"predecessor-version":[{"id":2923,"href":"https:\/\/consmaracaibo.esteri.it\/es\/wp-json\/wp\/v2\/pages\/205\/revisions\/2923"}],"up":[{"embeddable":true,"href":"https:\/\/consmaracaibo.esteri.it\/es\/wp-json\/wp\/v2\/pages\/144"}],"wp:attachment":[{"href":"https:\/\/consmaracaibo.esteri.it\/es\/wp-json\/wp\/v2\/media?parent=205"}],"curies":[{"name":"wp","href":"https:\/\/api.w.org\/{rel}","templated":true}]}}