{"id":207,"date":"2023-04-03T19:30:58","date_gmt":"2023-04-03T23:30:58","guid":{"rendered":"https:\/\/consmaracaibo.esteri.it\/servizi-consolari-e-visti\/servizi-per-il-cittadino-straniero\/cittadinanza\/"},"modified":"2026-02-02T14:41:36","modified_gmt":"2026-02-02T18:41:36","slug":"cittadinanza","status":"publish","type":"page","link":"https:\/\/consmaracaibo.esteri.it\/es\/servizi-consolari-e-visti\/servizi-per-il-cittadino-straniero\/cittadinanza\/","title":{"rendered":"Ciudadan\u00eda"},"content":{"rendered":"<p style=\"text-align: justify;\">Actualmente, la ciudadan\u00eda italiana est\u00e1 regulada por la ley del 5 de febrero de 1992, n. 91 (y reglamentos de aplicaci\u00f3n relacionados: en particular el Decreto Presidencial 12 de octubre de 1993, n. 572 y el Decreto Presidencial 18 de abril de 1994, n. 362) que, a diferencia de la ley anterior, reeval\u00faa el peso de la voluntad individual en la compra y p\u00e9rdida de ciudadan\u00eda y reconoce el derecho a la posesi\u00f3n simult\u00e1nea de m\u00faltiples ciudadan\u00edas.<\/p>\n<p style=\"text-align: justify;\">Los principios en los que se basa la ciudadan\u00eda italiana son:<\/p>\n<ul style=\"text-align: justify;\">\n<li style=\"text-align: justify;\">la transmisibilidad de la ciudadan\u00eda por descendencia (principio del \u201cjures sanguinis\u201d),<\/li>\n<li style=\"text-align: justify;\">la adquisici\u00f3n \u00abjure soli\u00bb (por nacimiento en el territorio) en algunos casos;<\/li>\n<li style=\"text-align: justify;\">la posibilidad de ciudadan\u00eda m\u00faltiple;<\/li>\n<li style=\"text-align: justify;\">la manifestaci\u00f3n de voluntad de adquirir o renuncia de la ciudadan\u00eda<\/li>\n<\/ul>\n<p style=\"text-align: justify;\">Toda la informaci\u00f3n y los procedimientos necesarios para solicitar la ciudadan\u00eda italiana est\u00e1n disponibles en este sitio web.<\/p>\n<p style=\"text-align: justify;\">Si tiene preguntas espec\u00edficas de particular relevancia no tratadas en este sitio web, puede enviar un correo electr\u00f3nico a <a href=\"mailto:maracaibo.cittadinanza@esteri.it\">maracaibo.cittadinanza@esteri.it<\/a>, siempre indicando sus datos personales y un n\u00famero de tel\u00e9fono.<\/p>\n<h4><span style=\"text-decoration: underline;\">Reembolso de la contribuci\u00f3n de ciudadan\u00eda<\/span><\/h4>\n<p>Se informa que, para solicitar al Ministerio del Interior el reembolso de la contribuci\u00f3n pagada por error o indebidamente para la adquisici\u00f3n de la ciudadan\u00eda italiana, es necesario presentar en la Prefectura \u2013 Oficina Territorial del Gobierno competente la siguiente documentaci\u00f3n:<\/p>\n<ol start=\"1\">\n<li>Solicitud por parte del interesado.<\/li>\n<li>Comprobante de pago (bolet\u00edn completo en todas sus partes \/ recibo PAGOPA \/ recibo de transferencia bancaria o postal).<\/li>\n<li>Copia de un documento de identidad y del c\u00f3digo fiscal\/tarjeta sanitaria vigente del solicitante.<\/li>\n<li>C\u00f3digo IBAN de la cuenta corriente correspondiente (si no coincide con el solicitante, indicar tambi\u00e9n los datos completos del titular de la cuenta corriente y adjuntar copia del documento de identidad y del c\u00f3digo fiscal\/tarjeta sanitaria).<\/li>\n<\/ol>\n<p>Para mayor informaci\u00f3n, se remite al sitio web del Ministerio del Interior, donde tambi\u00e9n est\u00e1 disponible el formulario para la solicitud de reembolso: <a href=\"https:\/\/libertaciviliimmigrazione.dlci.interno.gov.it\/notizie\/richiedere-il-rimborso-il-contributo-di-cittadinanza\"><span tabindex=\"0\" role=\"button\" data-url=\"https:\/\/libertaciviliimmigrazione.dlci.interno.gov.it\/notizie\/richiedere-il-rimborso-il-contributo-di-cittadinanza\" aria-label=\"https:\/\/libertaciviliimmigrazione.dlci.interno.gov.it\/notizie\/richiedere-il-rimborso-il-contributo-di-cittadinanza, questo ti porter\u00e0 a libertaciviliimmigrazione.dlci.interno.gov.it\">https:\/\/libertaciviliimmigrazione.dlci.interno.gov.it\/notizie\/richiedere-il-rimborso-il-contributo-di-cittadinanza<\/span><\/a><\/p>\n<p>Despu\u00e9s de verificar la existencia de todos los requisitos necesarios para la liquidaci\u00f3n de la contribuci\u00f3n, el Ministerio del Interior proceder\u00e1 a la entrega de la suma a devolver.<\/p>\n","protected":false},"excerpt":{"rendered":"Actualmente, la ciudadan\u00eda italiana est\u00e1 regulada por la ley del 5 de febrero de 1992, n. 91 (y reglamentos de aplicaci\u00f3n relacionados: en particular el Decreto Presidencial 12 de octubre de 1993, n. 572 y el Decreto Presidencial 18 de abril de 1994, n. 362) que, a diferencia de la ley anterior, reeval\u00faa el peso [&hellip;]","protected":false},"author":1,"featured_media":0,"parent":205,"menu_order":2,"comment_status":"closed","ping_status":"closed","template":"","meta":{"footnotes":""},"class_list":["post-207","page","type-page","status-publish","hentry"],"_links":{"self":[{"href":"https:\/\/consmaracaibo.esteri.it\/es\/wp-json\/wp\/v2\/pages\/207","targetHints":{"allow":["GET"]}}],"collection":[{"href":"https:\/\/consmaracaibo.esteri.it\/es\/wp-json\/wp\/v2\/pages"}],"about":[{"href":"https:\/\/consmaracaibo.esteri.it\/es\/wp-json\/wp\/v2\/types\/page"}],"author":[{"embeddable":true,"href":"https:\/\/consmaracaibo.esteri.it\/es\/wp-json\/wp\/v2\/users\/1"}],"replies":[{"embeddable":true,"href":"https:\/\/consmaracaibo.esteri.it\/es\/wp-json\/wp\/v2\/comments?post=207"}],"version-history":[{"count":6,"href":"https:\/\/consmaracaibo.esteri.it\/es\/wp-json\/wp\/v2\/pages\/207\/revisions"}],"predecessor-version":[{"id":3313,"href":"https:\/\/consmaracaibo.esteri.it\/es\/wp-json\/wp\/v2\/pages\/207\/revisions\/3313"}],"up":[{"embeddable":true,"href":"https:\/\/consmaracaibo.esteri.it\/es\/wp-json\/wp\/v2\/pages\/205"}],"wp:attachment":[{"href":"https:\/\/consmaracaibo.esteri.it\/es\/wp-json\/wp\/v2\/media?parent=207"}],"curies":[{"name":"wp","href":"https:\/\/api.w.org\/{rel}","templated":true}]}}