{"id":208,"date":"2023-04-03T19:31:10","date_gmt":"2023-04-03T23:31:10","guid":{"rendered":"https:\/\/consmaracaibo.esteri.it\/servizi-consolari-e-visti\/servizi-per-il-cittadino-straniero\/traduzione-e-legalizzazione-dei-documenti\/"},"modified":"2024-09-12T12:59:12","modified_gmt":"2024-09-12T16:59:12","slug":"traduzione-e-legalizzazione-dei-documenti","status":"publish","type":"page","link":"https:\/\/consmaracaibo.esteri.it\/es\/servizi-consolari-e-visti\/servizi-per-il-cittadino-straniero\/traduzione-e-legalizzazione-dei-documenti\/","title":{"rendered":"Traducci\u00f3n y legalizaci\u00f3n de documentos"},"content":{"rendered":"<p>Las citas deben solicitarse a trav\u00e9s del portal <strong><a href=\"https:\/\/prenotami.esteri.it\">Prenot@MI<\/a><\/strong>, los invitamos a consultar los requisitos antes de reservar los servicios para no perder la cita.<\/p>\n<p style=\"text-align: justify;\">Para ser v\u00e1lidos en Italia, las escrituras y documentos emitidos por autoridades extranjeras deben ser legalizados por las representaciones diplom\u00e1tico-consulares italianas en el extranjero.<\/p>\n<p style=\"text-align: justify;\">Estas escrituras y documentos, a excepci\u00f3n de los redactados en los formularios multiling\u00fces requeridos por las convenciones internacionales, tambi\u00e9n deben traducirse al italiano.<\/p>\n<p style=\"text-align: justify;\">Las traducciones deben llevar el sello \u00abpara traducci\u00f3n jurada\u00bb. En los pa\u00edses donde existe la figura jur\u00eddica del traductor oficial, el cumplimiento puede ser certificado por el propio traductor, cuya firma es luego legalizada por la oficina consular.<\/p>\n<p style=\"text-align: justify;\">En los pa\u00edses donde esta figura no est\u00e9 prevista por la legislaci\u00f3n local, ser\u00e1 necesario recurrir necesariamente a la certificaci\u00f3n de conformidad colocada por la oficina consular.<\/p>\n<p style=\"text-align: justify;\">Para proceder a la <strong>legalizaci\u00f3n<\/strong>, el solicitante deber\u00e1 presentarse, previa cita, en la oficina consular con la escritura (original) a legalizar.\u00a0Para obtener el <strong>certificado de conformidad de la traducci\u00f3n<\/strong>, el solicitante deber\u00e1 presentarse, previa cita, en la Oficina Consular con el documento original en lengua extranjera y la traducci\u00f3n.<\/p>\n<p><strong>Las tarifas que deber\u00e1 pagar se indican el d\u00eda de la entrega de los documentos. Los pagos se realizan el d\u00eda del retiro de los documentos legalizados exclusivamente con tarjeta de d\u00e9bito nacional (venezolana). No se aceptan tarjetas internacionales, cr\u00e9dito o efectivo, SIN EXCEPCIONES.\u00a0<\/strong><\/p>\n<p><strong>El documento venezolano que vaya a legalizar debe estar:<\/strong><\/p>\n<ul>\n<li>Legalizado por el ente venezolano.<\/li>\n<li>Apostillado por el Ministerio de Relaciones Exteriores de Venezuela.<\/li>\n<li>Traducido al italiano (traducci\u00f3n integral del documento) realizada por un traductor oficial registrado en nuestro Consulado.<\/li>\n<\/ul>\n<p><strong>El d\u00eda de la cita debe traer:<\/strong><\/p>\n<ul>\n<li>Copia de un documento de identidad <strong>VIGENTE, <\/strong>si el documento que presenta es de usted.<\/li>\n<li>Autorizaci\u00f3n simple, debidamente firmada por el due\u00f1o\/a del documento y copia del documento de identidad <strong>VIGENTE<\/strong> del titular y el autorizado, si el documento es de otra persona.<\/li>\n<\/ul>\n<p>Consulte <a href=\"https:\/\/consmaracaibo.esteri.it\/it\/servizi-consolari-e-visti\/servizi-per-il-cittadino-italiano\/altri-servizi\/modulistica-ed-elenchi\/\"><strong><span style=\"color: #0000ff;\">aqu\u00ed<\/span><\/strong> el <strong>listado de los traductores oficiales<\/strong><\/a> registrados en el\u00a0 Consulado de Italia Maracaibo.<\/p>\n<p><a href=\"https:\/\/consmaracaibo.esteri.it\/it\/servizi-consolari-e-visti\/servizi-per-il-cittadino-italiano\/altri-servizi\/modulistica-ed-elenchi\/\"><span style=\"text-decoration: underline;\"><strong><span style=\"color: #0000ff; text-decoration: underline;\">Elenco oficial de Traductores del Consulado<\/span><\/strong><\/span><\/a><\/p>\n","protected":false},"excerpt":{"rendered":"Las citas deben solicitarse a trav\u00e9s del portal Prenot@MI, los invitamos a consultar los requisitos antes de reservar los servicios para no perder la cita. Para ser v\u00e1lidos en Italia, las escrituras y documentos emitidos por autoridades extranjeras deben ser legalizados por las representaciones diplom\u00e1tico-consulares italianas en el extranjero. Estas escrituras y documentos, a excepci\u00f3n [&hellip;]","protected":false},"author":1,"featured_media":0,"parent":205,"menu_order":4,"comment_status":"closed","ping_status":"closed","template":"","meta":{"footnotes":""},"class_list":["post-208","page","type-page","status-publish","hentry"],"_links":{"self":[{"href":"https:\/\/consmaracaibo.esteri.it\/es\/wp-json\/wp\/v2\/pages\/208","targetHints":{"allow":["GET"]}}],"collection":[{"href":"https:\/\/consmaracaibo.esteri.it\/es\/wp-json\/wp\/v2\/pages"}],"about":[{"href":"https:\/\/consmaracaibo.esteri.it\/es\/wp-json\/wp\/v2\/types\/page"}],"author":[{"embeddable":true,"href":"https:\/\/consmaracaibo.esteri.it\/es\/wp-json\/wp\/v2\/users\/1"}],"replies":[{"embeddable":true,"href":"https:\/\/consmaracaibo.esteri.it\/es\/wp-json\/wp\/v2\/comments?post=208"}],"version-history":[{"count":6,"href":"https:\/\/consmaracaibo.esteri.it\/es\/wp-json\/wp\/v2\/pages\/208\/revisions"}],"predecessor-version":[{"id":1905,"href":"https:\/\/consmaracaibo.esteri.it\/es\/wp-json\/wp\/v2\/pages\/208\/revisions\/1905"}],"up":[{"embeddable":true,"href":"https:\/\/consmaracaibo.esteri.it\/es\/wp-json\/wp\/v2\/pages\/205"}],"wp:attachment":[{"href":"https:\/\/consmaracaibo.esteri.it\/es\/wp-json\/wp\/v2\/media?parent=208"}],"curies":[{"name":"wp","href":"https:\/\/api.w.org\/{rel}","templated":true}]}}