{"id":2552,"date":"2025-07-04T13:45:05","date_gmt":"2025-07-04T17:45:05","guid":{"rendered":"https:\/\/consmaracaibo.esteri.it\/?page_id=2552"},"modified":"2026-02-13T10:26:55","modified_gmt":"2026-02-13T14:26:55","slug":"readquisicion-de-la-ciudadania-italiana","status":"publish","type":"page","link":"https:\/\/consmaracaibo.esteri.it\/es\/servizi-consolari-e-visti\/servizi-per-il-cittadino-straniero\/cittadinanza\/readquisicion-de-la-ciudadania-italiana\/","title":{"rendered":"Readquisici\u00f3n de la ciudadan\u00eda italiana"},"content":{"rendered":"<p style=\"text-align: justify;\"><strong>Readquisici\u00f3n\u00a0 a favor de los ex ciudadanos \u2013 medida temporal desde el 01.07.2025 hasta el 31.12.2027<\/strong><\/p>\n<p style=\"text-align: justify;\">La ley de conversi\u00f3n del Decreto Ley 36\/2025 (n. 74 \u2013 23\/05\/2025) ha modificado el art\u00edculo 17, p\u00e1rrafo 1, de la Ley n\u00ba 91\/1992, permitiendo a los ex ciudadanos, incluidos los que residen en el extranjero, en determinados casos y por un per\u00edodo de tiempo limitado, readquirir la ciudadan\u00eda italiana mediante la presentaci\u00f3n de una declaraci\u00f3n ante este Consulado.<\/p>\n<p style=\"text-align: justify;\">Tales declaraciones podr\u00e1n presentarse entre el <strong>1 de julio de 2025 y el 31 de diciembre de 2027<\/strong>.<\/p>\n<p style=\"text-align: justify;\">La readquisici\u00f3n <strong>tendr\u00e1 efecto a partir del d\u00eda siguiente<\/strong> a la presentaci\u00f3n de la declaraci\u00f3n en este Consulado. Por lo tanto, <strong>no se es ciudadano desde el nacimiento<\/strong>, sino desde el d\u00eda siguiente a la readquisici\u00f3n.<\/p>\n<p style=\"text-align: justify;\"><strong>Requisitos:<\/strong><\/p>\n<ul style=\"text-align: justify;\">\n<li>Haber <strong>nacido en Italia<\/strong>, o si se naci\u00f3 en el extranjero, haber <strong>residido en Italia al menos dos a\u00f1os consecutivos<\/strong>.<\/li>\n<li>Haber <strong>perdido la ciudadan\u00eda italiana antes del 15 de agosto de 1992<\/strong>.<\/li>\n<\/ul>\n<p style=\"text-align: justify;\"><strong>Documentaci\u00f3n requerida:<\/strong><\/p>\n<ul style=\"text-align: justify;\">\n<li>Documento de identidad vigente emitido por la autoridad del pa\u00eds de ciudadan\u00eda actual.<\/li>\n<li><strong>Certificado de residencia<\/strong> a nombre del solicitante, emitido por el Consejo Comunal y\/o RIF<\/li>\n<li>Si el solicitante <strong>naci\u00f3 en Italia<\/strong>: acta de nacimiento, emitida por el Comune;<\/li>\n<li>Si el solicitante <strong>naci\u00f3 en el extranjero<\/strong>: acta de nacimiento original emitida por la autoridad del pa\u00eds de nacimiento, <strong>apostillada y traducida en italiano<\/strong> por un traductor oficial. (<a href=\"https:\/\/consmaracaibo.esteri.it\/wp-content\/uploads\/2024\/10\/TRADUTTORI-PUBBLICI-PER-LA-LINGUA-ITALIANA-AGGIORNAMENTO-sett-2024.pdf\">aqu\u00ed<\/a>)<\/li>\n<li><strong>Solo para nacidos en el extranjero<\/strong>: certificado hist\u00f3rico de residencia emitido por el comune italiano que demuestre al menos dos a\u00f1os consecutivos de residencia en Italia.<\/li>\n<li><strong>Documentaci\u00f3n que demuestre la p\u00e9rdida de la ciudadan\u00eda italiana y la fecha en que ocurri\u00f3<\/strong> (documentaci\u00f3n emitida por autoridad extranjera relativa a la naturalizaci\u00f3n).<\/li>\n<li>Pago del importe previsto por el art. 7C de la tabla de derechos consulares (<strong>250,00 euros<\/strong>, a pagar en moneda local con tarjeta de d\u00e9bito en el Consulado el d\u00eda de la cita). (<a href=\"https:\/\/consmaracaibo.esteri.it\/es\/servizi-consolari-e-visti\/servizi-per-il-cittadino-italiano\/altri-servizi\/tariffe-consolare\/\">aqu\u00ed<\/a>)<\/li>\n<\/ul>\n<p style=\"text-align: justify;\">\ud83d\udca1 <em>Se aclara que el pago no depende del resultado del tr\u00e1mite y NO es reembolsable.<\/em><\/p>\n<h3 style=\"text-align: justify;\">C\u00f3mo reservar la cita:<\/h3>\n<p style=\"text-align: justify;\">Exclusivamente a trav\u00e9s del sistema <a href=\"https:\/\/prenotami.esteri.it\/\"><strong>Prenot@Mi<\/strong><\/a>. Cada cita es individual, por lo tanto, <strong>cada solicitante debe reservar su propia cita<\/strong>.<\/p>\n","protected":false},"excerpt":{"rendered":"Readquisici\u00f3n\u00a0 a favor de los ex ciudadanos \u2013 medida temporal desde el 01.07.2025 hasta el 31.12.2027 La ley de conversi\u00f3n del Decreto Ley 36\/2025 (n. 74 \u2013 23\/05\/2025) ha modificado el art\u00edculo 17, p\u00e1rrafo 1, de la Ley n\u00ba 91\/1992, permitiendo a los ex ciudadanos, incluidos los que residen en el extranjero, en determinados casos [&hellip;]","protected":false},"author":6,"featured_media":0,"parent":207,"menu_order":8,"comment_status":"closed","ping_status":"closed","template":"","meta":{"footnotes":""},"class_list":["post-2552","page","type-page","status-publish","hentry"],"_links":{"self":[{"href":"https:\/\/consmaracaibo.esteri.it\/es\/wp-json\/wp\/v2\/pages\/2552","targetHints":{"allow":["GET"]}}],"collection":[{"href":"https:\/\/consmaracaibo.esteri.it\/es\/wp-json\/wp\/v2\/pages"}],"about":[{"href":"https:\/\/consmaracaibo.esteri.it\/es\/wp-json\/wp\/v2\/types\/page"}],"author":[{"embeddable":true,"href":"https:\/\/consmaracaibo.esteri.it\/es\/wp-json\/wp\/v2\/users\/6"}],"replies":[{"embeddable":true,"href":"https:\/\/consmaracaibo.esteri.it\/es\/wp-json\/wp\/v2\/comments?post=2552"}],"version-history":[{"count":4,"href":"https:\/\/consmaracaibo.esteri.it\/es\/wp-json\/wp\/v2\/pages\/2552\/revisions"}],"predecessor-version":[{"id":3340,"href":"https:\/\/consmaracaibo.esteri.it\/es\/wp-json\/wp\/v2\/pages\/2552\/revisions\/3340"}],"up":[{"embeddable":true,"href":"https:\/\/consmaracaibo.esteri.it\/es\/wp-json\/wp\/v2\/pages\/207"}],"wp:attachment":[{"href":"https:\/\/consmaracaibo.esteri.it\/es\/wp-json\/wp\/v2\/media?parent=2552"}],"curies":[{"name":"wp","href":"https:\/\/api.w.org\/{rel}","templated":true}]}}