{"id":390,"date":"2023-06-27T10:05:36","date_gmt":"2023-06-27T14:05:36","guid":{"rendered":"https:\/\/consmaracaibo.esteri.it\/?page_id=390"},"modified":"2026-04-13T08:46:25","modified_gmt":"2026-04-13T12:46:25","slug":"emision-pasaporto","status":"publish","type":"page","link":"https:\/\/consmaracaibo.esteri.it\/es\/servizi-consolari-e-visti\/servizi-per-il-cittadino-italiano\/passaporti-e-carte-didentita\/emision-pasaporto\/","title":{"rendered":"Pasaporte para mayor de edad"},"content":{"rendered":"<p><strong>Documentos requeridos para la emisi\u00f3n del pasaporte a mayores de edad:<\/strong><\/p>\n<ol>\n<li><a href=\"https:\/\/consmaracaibo.esteri.it\/wp-content\/uploads\/2023\/07\/pass_magg122.pdf\"><em><u>Formulario pasaporte para mayores de edad<\/u><\/em><\/a> debidamente completado.<\/li>\n<li>Dos (2) fotos recientes a color con fondo blanco (3.5 cm \u00d7 4 cm) DE FOTOESTUDIO conforme a las norma <a href=\"https:\/\/www.esteri.it\/it\/servizi-consolari-e-visti\/italiani-all-estero\/documenti_di_viaggio\/linee-guida-foto-icao\/\">ICAO<\/a>, de 80% rostro, iguales, de frente a color, recientes (&gt;6 meses).<\/li>\n<li>Pasaporte italiano vencido o con un m\u00e1ximo de seis (6) meses de validez (para quienes lo posean). Original y copia.<\/li>\n<li>Documento de identidad italiano o CIE (para quien lo posean). Original y copia.<\/li>\n<li>C\u00e9dula de identidad venezolana vigente, original y copia<\/li>\n<li>Pasaporte venezolano o del propio pa\u00eds de origen (para quienes lo posean). Original y copia.<\/li>\n<li>RIF vigente, con direcci\u00f3n de residencia completa y actualizada, o Certificado de residencia del CNE actualizado.<\/li>\n<li><strong>Pago de la tarifa consular:<\/strong><\/li>\n<\/ol>\n<p><strong>EXTRA: <\/strong>Si el solicitante tiene documentos sin registrar en el Consulado al momento de su emisi\u00f3n de pasaporte, como, por ejemplo: matrimonios, divorcios, defunciones de c\u00f3nyuges o hijos menores <span style=\"text-decoration: underline;\">sin registrar<\/span>; debe traer a la cita la copia sencilla de dichas actas para adjuntar a su solicitud de pasaporte. <span style=\"text-decoration: underline;\">Para introducir los anteriores documentos originales para transcripci\u00f3n, debe obligatoriamente solicitar cita aparte para el sector Servicios Consulares a trav\u00e9s del portal <a href=\"https:\/\/prenotami.esteri.it\/\">Prenot@mi<\/a>, sin excepci\u00f3n.<\/span><\/p>\n<p>&nbsp;<\/p>\n<p><strong>Pago de la Tarifa Consular: Consultar el Art. 27A en la <a href=\"https:\/\/consmaracaibo.esteri.it\/es\/servizi-consolari-e-visti\/servizi-per-il-cittadino-italiano\/altri-servizi\/tariffe-consolare\/\">Tabla de Derechos Consulares<\/a><\/strong>.<\/p>\n<ul>\n<li>Se aceptan pagos con tarjeta de d\u00e9bito nacional o en efectivo en bol\u00edvares.<\/li>\n<li>NO se aceptan pagos con cheques, con tarjeta de cr\u00e9dito extranjera ni en moneda extranjera.<\/li>\n<\/ul>\n<p>&nbsp;<\/p>\n<p><strong>Condiciones especiales para ciudadanos con hijos menores\u00a0<\/strong><\/p>\n<p>Se informa a los connacionales, padres de hijos menores, que a partir del 14 de junio de 2023 <strong>ya no ser\u00e1 necesario presentar el consentimiento del otro progenitor<\/strong> para la emisi\u00f3n de su propio pasaporte, conforme al Decreto Ley 69\/2023.<\/p>\n<p>En particular, el nuevo art\u00edculo 3-bis de la Ley 1185\/1967 establece que, cuando exista un peligro concreto y actual de que, debido al traslado al extranjero, un progenitor pueda incumplir sus obligaciones hacia los hijos, ser\u00e1 posible para el otro progenitor solicitar una prohibici\u00f3n de emisi\u00f3n del documento.<\/p>\n<p>La solicitud podr\u00e1 presentarse ante el juez competente respecto al lugar de residencia del hijo menor o, si el menor reside en el extranjero, ante el Tribunal en cuya circunscripci\u00f3n se encuentre el municipio de inscripci\u00f3n AIRE.<\/p>\n<p>En caso de dudas o consultas aclaratorias, puede contactar la Oficina Pasaportes del Consulado al siguiente correo electr\u00f3nico: <a href=\"mailto:pass.maracaibo@esteri.it\"><strong>pass.maracaibo@esteri.it<\/strong><\/a><\/p>\n","protected":false},"excerpt":{"rendered":"Documentos requeridos para la emisi\u00f3n del pasaporte a mayores de edad: Formulario pasaporte para mayores de edad debidamente completado. Dos (2) fotos recientes a color con fondo blanco (3.5 cm \u00d7 4 cm) DE FOTOESTUDIO conforme a las norma ICAO, de 80% rostro, iguales, de frente a color, recientes (&gt;6 meses). Pasaporte italiano vencido o [&hellip;]","protected":false},"author":6,"featured_media":0,"parent":180,"menu_order":2,"comment_status":"closed","ping_status":"closed","template":"","meta":{"footnotes":""},"class_list":["post-390","page","type-page","status-publish","hentry"],"_links":{"self":[{"href":"https:\/\/consmaracaibo.esteri.it\/es\/wp-json\/wp\/v2\/pages\/390","targetHints":{"allow":["GET"]}}],"collection":[{"href":"https:\/\/consmaracaibo.esteri.it\/es\/wp-json\/wp\/v2\/pages"}],"about":[{"href":"https:\/\/consmaracaibo.esteri.it\/es\/wp-json\/wp\/v2\/types\/page"}],"author":[{"embeddable":true,"href":"https:\/\/consmaracaibo.esteri.it\/es\/wp-json\/wp\/v2\/users\/6"}],"replies":[{"embeddable":true,"href":"https:\/\/consmaracaibo.esteri.it\/es\/wp-json\/wp\/v2\/comments?post=390"}],"version-history":[{"count":7,"href":"https:\/\/consmaracaibo.esteri.it\/es\/wp-json\/wp\/v2\/pages\/390\/revisions"}],"predecessor-version":[{"id":3658,"href":"https:\/\/consmaracaibo.esteri.it\/es\/wp-json\/wp\/v2\/pages\/390\/revisions\/3658"}],"up":[{"embeddable":true,"href":"https:\/\/consmaracaibo.esteri.it\/es\/wp-json\/wp\/v2\/pages\/180"}],"wp:attachment":[{"href":"https:\/\/consmaracaibo.esteri.it\/es\/wp-json\/wp\/v2\/media?parent=390"}],"curies":[{"name":"wp","href":"https:\/\/api.w.org\/{rel}","templated":true}]}}