{"id":398,"date":"2023-06-27T15:05:46","date_gmt":"2023-06-27T19:05:46","guid":{"rendered":"https:\/\/consmaracaibo.esteri.it\/?page_id=398"},"modified":"2026-01-19T11:23:11","modified_gmt":"2026-01-19T15:23:11","slug":"pasaporte-para-los-menores","status":"publish","type":"page","link":"https:\/\/consmaracaibo.esteri.it\/es\/servizi-consolari-e-visti\/servizi-per-il-cittadino-italiano\/passaporti-e-carte-didentita\/pasaporte-para-los-menores\/","title":{"rendered":"Pasaporte para menor de edad"},"content":{"rendered":"<p style=\"text-align: justify;\"><strong>Documentos requeridos para la emisi\u00f3n del pasaporte a menores de edad<\/strong><\/p>\n<ol style=\"text-align: justify;\">\n<li><a href=\"https:\/\/consmaracaibo.esteri.it\/wp-content\/uploads\/2023\/07\/pass_MINORI.pdf\">Solicitud de emisi\u00f3n de pasaporte<\/a> (menores) debidamente completada.<\/li>\n<li>Dos (2) fotos recientes con fondo blanco (3,5 cm \u00d7 4 cm), conformes a la normativa <a href=\"https:\/\/www.esteri.it\/it\/servizi-consolari-e-visti\/italiani-all-estero\/documenti_di_viaggio\/linee-guida-foto-icao\/\">ICAO<\/a>, iguales, frontales, a color, tomadas en los \u00faltimos 6 meses.<\/li>\n<li>Pasaporte italiano vencido o con un m\u00e1ximo de seis (6) meses de validez (para quienes lo posean). Original y copia.<\/li>\n<li>Documento de identidad italiano en formato papel o CIE (para quienes lo posean). Original y copia.<\/li>\n<li>Pasaporte venezolano del menor (para quienes lo posean). Original y copia.<\/li>\n<li>C\u00e9dula de identidad venezolana v\u00e1lida (para quienes lo posean). Original y copia.<\/li>\n<li>Documento de identidad v\u00e1lido de ambos padres o del tutor legal. Original y copia.<\/li>\n<li>Pasaporte italiano y venezolano, o del pa\u00eds de origen de los padres o del tutor legal. Original y copia.<\/li>\n<li>RIF vigente, con direcci\u00f3n de residencia completa y actualizada, o Certificado de residencia del CNE actualizado de ambos padres.<\/li>\n<\/ol>\n<p style=\"text-align: justify;\"><strong>Pago de la tarifa consular<\/strong><\/p>\n<p style=\"text-align: justify;\">Consultar el <strong>Art. 27A en la <a href=\"https:\/\/consmaracaibo.esteri.it\/es\/servizi-consolari-e-visti\/servizi-per-il-cittadino-italiano\/altri-servizi\/tariffe-consolare\/\">Tabla de Derechos Consulare<\/a>s<\/strong>.<br \/>\nSe aceptan pagos con tarjeta de cr\u00e9dito\/d\u00e9bito nacional o en efectivo (VES).<br \/>\n<strong>NO<\/strong> se aceptan pagos con cheques, tarjetas de cr\u00e9dito extranjeras ni moneda extranjera.<\/p>\n<p style=\"text-align: justify;\"><strong>Nota:<\/strong> Antes de presentar la solicitud para la emisi\u00f3n del pasaporte, se ruega a los usuarios actualizar su situaci\u00f3n de registro y de estado civil mediante cita en la plataforma <a href=\"https:\/\/prenotami.esteri.it\/\">Prenot@mi<\/a>.<\/p>\n<p style=\"text-align: justify;\"><strong>Validez de los pasaportes<\/strong><\/p>\n<p style=\"text-align: justify;\">De acuerdo con lo previsto en el art. 17 de la Ley 1185\/1967, la validez de los pasaportes var\u00eda seg\u00fan la edad del menor:<\/p>\n<ul style=\"text-align: justify;\">\n<li>0 \u2013 menores de 3 a\u00f1os: validez del pasaporte de 3 a\u00f1os.<\/li>\n<li>3 a\u00f1os \u2013 menores de 18 a\u00f1os: validez del pasaporte de 5 a\u00f1os.<\/li>\n<\/ul>\n<p style=\"text-align: justify;\"><strong>Obligaci\u00f3n de pasaporte individual y viaje de menores de 14 a\u00f1os (art. 14 L. 1185\/1967)<\/strong><\/p>\n<p style=\"text-align: justify;\">El pasaporte ordinario es individual. Los menores tambi\u00e9n deben poseer un pasaporte individual para poder viajar.<\/p>\n<p style=\"text-align: justify;\">Para los menores de 14 a\u00f1os, el uso del pasaporte est\u00e1 condicionado a que viajen:<\/p>\n<ul style=\"text-align: justify;\">\n<li>En compa\u00f1\u00eda de uno de los padres o de quien ejerza la tutela.<\/li>\n<li>O bien que se mencione en el pasaporte, o en una declaraci\u00f3n espec\u00edfica emitida por quien ejerza la patria potestad o tutela, el nombre de la persona, entidad o compa\u00f1\u00eda de transporte a la que los menores sean confiados.<br \/>\nLa firma de dicha declaraci\u00f3n debe ser validada por una autoridad competente para la emisi\u00f3n del pasaporte.<\/li>\n<\/ul>\n<p style=\"text-align: justify;\"><strong>Emisi\u00f3n del pasaporte<\/strong><\/p>\n<ul style=\"text-align: justify;\">\n<li>Para la emisi\u00f3n del pasaporte a menores es obligatoria la presencia del menor y de los padres (o de quien ejerza la tutela legal).<\/li>\n<li>Los padres\/tutores deben firmar el acta de consentimiento antes de acudir a la cita para la emisi\u00f3n del documento.<\/li>\n<li>En caso de que uno de los padres se encuentre fuera de la circunscripci\u00f3n consular, deber\u00e1 dirigirse al Consulado de Italia m\u00e1s cercano para entregar el acta de consentimiento y hacerla llegar al Consulado de Italia en Maracaibo.<\/li>\n<\/ul>\n<p style=\"text-align: justify;\"><strong>Falta del acta de consentimiento \u2013 Juez tutelar<\/strong><\/p>\n<ul style=\"text-align: justify;\">\n<li>Si uno de los padres se niega a firmar el acta de consentimiento, el solicitante deber\u00e1 presentar, el d\u00eda de la cita, una carta dirigida al C\u00f3nsul.<\/li>\n<li>La carta deber\u00e1 contener:\n<ul>\n<li>Las motivaciones de la solicitud de emisi\u00f3n del pasaporte.<\/li>\n<li>Los motivos del rechazo del otro padre\/tutor.<\/li>\n<li>La direcci\u00f3n completa y cualquier contacto disponible del otro padre\/tutor.<\/li>\n<\/ul>\n<\/li>\n<li>Si existen los requisitos legales, el C\u00f3nsul \u2013 en calidad de juez tutelar respecto a los menores residentes en esta circunscripci\u00f3n (art. 33 D. Lgs. 71\/2011) \u2013 podr\u00e1 autorizar la emisi\u00f3n del pasaporte incluso sin el acta de consentimiento.<\/li>\n<\/ul>\n<p style=\"text-align: justify;\"><strong>Advertencia legal<\/strong><\/p>\n<p style=\"text-align: justify;\">Se recuerda que, conforme al art. 76 del D.P.R. 445\/2000, quien emita declaraciones falsas, forme documentos falsos o haga uso de ellos ser\u00e1 sancionado seg\u00fan el c\u00f3digo penal y las leyes especiales en la materia.<\/p>\n<p style=\"text-align: justify;\">En caso de declaraciones falsas, el Consulado informar\u00e1 a las Autoridades Judiciales nacionales competentes, como lo prev\u00e9 el art. 38 del D. Lgs. 71\/2011.<\/p>\n<p style=\"text-align: justify;\"><strong>Contactos<\/strong><\/p>\n<p style=\"text-align: justify;\">Para cualquier duda sobre requisitos o informaci\u00f3n, puede dirigirse al departamento competente al correo electr\u00f3nico:<br \/>\n\ud83d\udce7 <a href=\"mailto:pass.maracaibo@esteri.it\"><strong>pass.maracaibo@esteri.it<\/strong><\/a><\/p>\n","protected":false},"excerpt":{"rendered":"Documentos requeridos para la emisi\u00f3n del pasaporte a menores de edad Solicitud de emisi\u00f3n de pasaporte (menores) debidamente completada. Dos (2) fotos recientes con fondo blanco (3,5 cm \u00d7 4 cm), conformes a la normativa ICAO, iguales, frontales, a color, tomadas en los \u00faltimos 6 meses. Pasaporte italiano vencido o con un m\u00e1ximo de seis [&hellip;]","protected":false},"author":6,"featured_media":0,"parent":180,"menu_order":3,"comment_status":"closed","ping_status":"closed","template":"","meta":{"footnotes":""},"class_list":["post-398","page","type-page","status-publish","hentry"],"_links":{"self":[{"href":"https:\/\/consmaracaibo.esteri.it\/es\/wp-json\/wp\/v2\/pages\/398","targetHints":{"allow":["GET"]}}],"collection":[{"href":"https:\/\/consmaracaibo.esteri.it\/es\/wp-json\/wp\/v2\/pages"}],"about":[{"href":"https:\/\/consmaracaibo.esteri.it\/es\/wp-json\/wp\/v2\/types\/page"}],"author":[{"embeddable":true,"href":"https:\/\/consmaracaibo.esteri.it\/es\/wp-json\/wp\/v2\/users\/6"}],"replies":[{"embeddable":true,"href":"https:\/\/consmaracaibo.esteri.it\/es\/wp-json\/wp\/v2\/comments?post=398"}],"version-history":[{"count":6,"href":"https:\/\/consmaracaibo.esteri.it\/es\/wp-json\/wp\/v2\/pages\/398\/revisions"}],"predecessor-version":[{"id":3246,"href":"https:\/\/consmaracaibo.esteri.it\/es\/wp-json\/wp\/v2\/pages\/398\/revisions\/3246"}],"up":[{"embeddable":true,"href":"https:\/\/consmaracaibo.esteri.it\/es\/wp-json\/wp\/v2\/pages\/180"}],"wp:attachment":[{"href":"https:\/\/consmaracaibo.esteri.it\/es\/wp-json\/wp\/v2\/media?parent=398"}],"curies":[{"name":"wp","href":"https:\/\/api.w.org\/{rel}","templated":true}]}}