{"id":431,"date":"2023-07-06T13:10:24","date_gmt":"2023-07-06T17:10:24","guid":{"rendered":"https:\/\/consmaracaibo.esteri.it\/?page_id=431"},"modified":"2025-08-29T14:29:15","modified_gmt":"2025-08-29T18:29:15","slug":"robo-y-extravio-del-pasaporte","status":"publish","type":"page","link":"https:\/\/consmaracaibo.esteri.it\/es\/servizi-consolari-e-visti\/servizi-per-il-cittadino-italiano\/passaporti-e-carte-didentita\/robo-y-extravio-del-pasaporte\/","title":{"rendered":"Robo y extrav\u00edo del pasaporte"},"content":{"rendered":"<div class=\"entry-content\">\n<p style=\"text-align: justify;\">En caso de robo o extrav\u00edo del pasaporte por parte de un conciudadano, ya sea residente en Italia o en otro pa\u00eds, en una situaci\u00f3n de emergencia en la que no sea posible completar el proceso necesario para emitir un nuevo pasaporte a tiempo, se podr\u00e1 expedir un documento de viaje provisional (<strong><a href=\"https:\/\/consmaracaibo.esteri.it\/es\/servizi-consolari-e-visti\/servizi-per-il-cittadino-italiano\/emergency-travel-documents-etd\/\">Emergency Travel Document<\/a><\/strong>).<\/p>\n<p style=\"text-align: justify;\">Como alternativa, el conciudadano puede solicitar un nuevo pasaporte escribiendo a <a href=\"mailto:pass.maracaibo@esteri.it\">pass.maracaibo@esteri.it<\/a> adjuntando:<\/p>\n<ul style=\"text-align: justify;\">\n<li>denuncia de robo o extrav\u00edo del pasaporte realizada ante las Autoridades de Polic\u00eda locales;<\/li>\n<li>documento de identidad con foto y en curso de validez.<\/li>\n<\/ul>\n<p style=\"text-align: justify;\">Una vez que se reciba una respuesta, el solicitante deber\u00e1 tomar una cita y deber\u00e1 presentar:<\/p>\n<ul>\n<li style=\"text-align: justify;\">denuncia de robo o extrav\u00edo del pasaporte realizada ante las Autoridades de Polic\u00eda locales;<\/li>\n<li style=\"text-align: justify;\">documento de identidad con foto y en curso de validez;<\/li>\n<li style=\"text-align: justify;\">2 fotograf\u00edas id\u00e9nticas en formato carnet (35\u00d740 mm), a color, con fondo blanco<\/li>\n<li>Todo el resto de requisitos descritos en la secci\u00f3n \u00ab<a href=\"https:\/\/consmaracaibo.esteri.it\/es\/servizi-consolari-e-visti\/servizi-per-il-cittadino-italiano\/passaporti-e-carte-didentita\/emision-pasaporto\/\">Pasaporte para mayor de edad\u00bb<\/a><\/li>\n<\/ul>\n<p>&nbsp;<\/p>\n<\/div>\n","protected":false},"excerpt":{"rendered":"En caso de robo o extrav\u00edo del pasaporte por parte de un conciudadano, ya sea residente en Italia o en otro pa\u00eds, en una situaci\u00f3n de emergencia en la que no sea posible completar el proceso necesario para emitir un nuevo pasaporte a tiempo, se podr\u00e1 expedir un documento de viaje provisional (Emergency Travel Document). [&hellip;]","protected":false},"author":6,"featured_media":0,"parent":180,"menu_order":6,"comment_status":"closed","ping_status":"closed","template":"","meta":{"footnotes":""},"class_list":["post-431","page","type-page","status-publish","hentry"],"_links":{"self":[{"href":"https:\/\/consmaracaibo.esteri.it\/es\/wp-json\/wp\/v2\/pages\/431","targetHints":{"allow":["GET"]}}],"collection":[{"href":"https:\/\/consmaracaibo.esteri.it\/es\/wp-json\/wp\/v2\/pages"}],"about":[{"href":"https:\/\/consmaracaibo.esteri.it\/es\/wp-json\/wp\/v2\/types\/page"}],"author":[{"embeddable":true,"href":"https:\/\/consmaracaibo.esteri.it\/es\/wp-json\/wp\/v2\/users\/6"}],"replies":[{"embeddable":true,"href":"https:\/\/consmaracaibo.esteri.it\/es\/wp-json\/wp\/v2\/comments?post=431"}],"version-history":[{"count":3,"href":"https:\/\/consmaracaibo.esteri.it\/es\/wp-json\/wp\/v2\/pages\/431\/revisions"}],"predecessor-version":[{"id":2700,"href":"https:\/\/consmaracaibo.esteri.it\/es\/wp-json\/wp\/v2\/pages\/431\/revisions\/2700"}],"up":[{"embeddable":true,"href":"https:\/\/consmaracaibo.esteri.it\/es\/wp-json\/wp\/v2\/pages\/180"}],"wp:attachment":[{"href":"https:\/\/consmaracaibo.esteri.it\/es\/wp-json\/wp\/v2\/media?parent=431"}],"curies":[{"name":"wp","href":"https:\/\/api.w.org\/{rel}","templated":true}]}}