{"id":476,"date":"2023-07-10T14:55:57","date_gmt":"2023-07-10T18:55:57","guid":{"rendered":"https:\/\/consmaracaibo.esteri.it\/?page_id=476"},"modified":"2023-07-10T15:15:33","modified_gmt":"2023-07-10T19:15:33","slug":"formulario-pasaporte","status":"publish","type":"page","link":"https:\/\/consmaracaibo.esteri.it\/es\/servizi-consolari-e-visti\/servizi-per-il-cittadino-italiano\/passaporti-e-carte-didentita\/formulario-pasaporte\/","title":{"rendered":"Formularios pasaporte"},"content":{"rendered":"<ul>\n<li><a href=\"https:\/\/consmaracaibo.esteri.it\/wp-content\/uploads\/2023\/07\/pass_magg122.pdf\"><em><u>Formulario pasaporte para mayores de edad<\/u><\/em><\/a><\/li>\n<li><a href=\"https:\/\/consmaracaibo.esteri.it\/wp-content\/uploads\/2023\/07\/pass_MINORI.pdf\"><i>Formulario pasaporte para menores de edad<\/i><\/a><\/li>\n<li><a href=\"https:\/\/consmaracaibo.esteri.it\/wp-content\/uploads\/2023\/07\/atto_assenso.pdf\"><i>Formulario de consentimiento para menores<\/i><\/a><\/li>\n<li><a href=\"https:\/\/consmaracaibo.esteri.it\/wp-content\/uploads\/2023\/07\/modello_istanza_GT.pdf\"><i>Formulario instancia decreto Consular<\/i><\/a><\/li>\n<li><a href=\"https:\/\/consmaracaibo.esteri.it\/wp-content\/uploads\/2023\/07\/Dichiarazione_accompagnamento-1.pdf\"><i>Formulario de acompa\u00f1amiento de menores<\/i><\/a><\/li>\n<li><u><\/u><em><u><a href=\"https:\/\/consmaracaibo.esteri.it\/wp-content\/uploads\/2023\/06\/DICHIARAZIONE-ASSENZA-OSTATIVE-PER-RICHIESTA-PASSAPORTO.pdf\">Declaraci\u00f3n Ausencia de Obst\u00e1culos para solicitud de pasaporte<\/a><\/u><\/em><\/li>\n<\/ul>\n","protected":false},"excerpt":{"rendered":"Formulario pasaporte para mayores de edad Formulario pasaporte para menores de edad Formulario de consentimiento para menores Formulario instancia decreto Consular Formulario de acompa\u00f1amiento de menores Declaraci\u00f3n Ausencia de Obst\u00e1culos para solicitud de pasaporte","protected":false},"author":6,"featured_media":0,"parent":180,"menu_order":8,"comment_status":"closed","ping_status":"closed","template":"","meta":{"footnotes":""},"class_list":["post-476","page","type-page","status-publish","hentry"],"_links":{"self":[{"href":"https:\/\/consmaracaibo.esteri.it\/es\/wp-json\/wp\/v2\/pages\/476","targetHints":{"allow":["GET"]}}],"collection":[{"href":"https:\/\/consmaracaibo.esteri.it\/es\/wp-json\/wp\/v2\/pages"}],"about":[{"href":"https:\/\/consmaracaibo.esteri.it\/es\/wp-json\/wp\/v2\/types\/page"}],"author":[{"embeddable":true,"href":"https:\/\/consmaracaibo.esteri.it\/es\/wp-json\/wp\/v2\/users\/6"}],"replies":[{"embeddable":true,"href":"https:\/\/consmaracaibo.esteri.it\/es\/wp-json\/wp\/v2\/comments?post=476"}],"version-history":[{"count":2,"href":"https:\/\/consmaracaibo.esteri.it\/es\/wp-json\/wp\/v2\/pages\/476\/revisions"}],"predecessor-version":[{"id":478,"href":"https:\/\/consmaracaibo.esteri.it\/es\/wp-json\/wp\/v2\/pages\/476\/revisions\/478"}],"up":[{"embeddable":true,"href":"https:\/\/consmaracaibo.esteri.it\/es\/wp-json\/wp\/v2\/pages\/180"}],"wp:attachment":[{"href":"https:\/\/consmaracaibo.esteri.it\/es\/wp-json\/wp\/v2\/media?parent=476"}],"curies":[{"name":"wp","href":"https:\/\/api.w.org\/{rel}","templated":true}]}}