{"id":479,"date":"2023-07-07T15:19:49","date_gmt":"2023-07-07T19:19:49","guid":{"rendered":"https:\/\/consmaracaibo.esteri.it\/?page_id=479"},"modified":"2023-07-10T15:18:29","modified_gmt":"2023-07-10T19:18:29","slug":"sitios-web-utiles","status":"publish","type":"page","link":"https:\/\/consmaracaibo.esteri.it\/es\/servizi-consolari-e-visti\/servizi-per-il-cittadino-italiano\/passaporti-e-carte-didentita\/sitios-web-utiles\/","title":{"rendered":"Sitios web \u00fatiles"},"content":{"rendered":"<p><a href=\"http:\/\/www.esteri.it\/mae\/it\/ministero\/servizi\/sportello_info\/\" target=\"_blank\" rel=\"noopener\">Farnesina: Oficina de Relaciones con el P\u00fablico<\/a><\/p>\n<p><a href=\"http:\/\/www.viaggiaresicuri.it\/\" target=\"_blank\" rel=\"noopener\">Farnesina: Viajar Seguros<\/a><\/p>\n<p><a href=\"https:\/\/www.dovesiamonelmondo.it\/\" target=\"_blank\" rel=\"noopener\">Farnesina: Donde estamos en el mundo<\/a><\/p>\n<p><a href=\"http:\/\/www.poliziadistato.it\/articolo\/1087-Passaporto\/\" target=\"_blank\" rel=\"noopener\">Polic\u00eda Estatal: Pasaporte<\/a><\/p>\n<p><a href=\"http:\/\/www.poliziadistato.it\/articolo\/1088-Il_passaporto_per_gli_animali_da_compagnia\/\" target=\"_blank\" rel=\"noopener\">Polic\u00eda Estatal: Pasaporte para mascotas<\/a><\/p>\n<p><a href=\"https:\/\/esta.cbp.dhs.gov\/esta\/application.html?execution=e2s1\" target=\"_blank\" rel=\"noopener\">Estados Unidos: Solicitud ESTA<\/a><\/p>\n","protected":false},"excerpt":{"rendered":"Farnesina: Oficina de Relaciones con el P\u00fablico Farnesina: Viajar Seguros Farnesina: Donde estamos en el mundo Polic\u00eda Estatal: Pasaporte Polic\u00eda Estatal: Pasaporte para mascotas Estados Unidos: Solicitud ESTA","protected":false},"author":6,"featured_media":0,"parent":180,"menu_order":9,"comment_status":"closed","ping_status":"closed","template":"","meta":{"footnotes":""},"class_list":["post-479","page","type-page","status-publish","hentry"],"_links":{"self":[{"href":"https:\/\/consmaracaibo.esteri.it\/es\/wp-json\/wp\/v2\/pages\/479","targetHints":{"allow":["GET"]}}],"collection":[{"href":"https:\/\/consmaracaibo.esteri.it\/es\/wp-json\/wp\/v2\/pages"}],"about":[{"href":"https:\/\/consmaracaibo.esteri.it\/es\/wp-json\/wp\/v2\/types\/page"}],"author":[{"embeddable":true,"href":"https:\/\/consmaracaibo.esteri.it\/es\/wp-json\/wp\/v2\/users\/6"}],"replies":[{"embeddable":true,"href":"https:\/\/consmaracaibo.esteri.it\/es\/wp-json\/wp\/v2\/comments?post=479"}],"version-history":[{"count":1,"href":"https:\/\/consmaracaibo.esteri.it\/es\/wp-json\/wp\/v2\/pages\/479\/revisions"}],"predecessor-version":[{"id":480,"href":"https:\/\/consmaracaibo.esteri.it\/es\/wp-json\/wp\/v2\/pages\/479\/revisions\/480"}],"up":[{"embeddable":true,"href":"https:\/\/consmaracaibo.esteri.it\/es\/wp-json\/wp\/v2\/pages\/180"}],"wp:attachment":[{"href":"https:\/\/consmaracaibo.esteri.it\/es\/wp-json\/wp\/v2\/media?parent=479"}],"curies":[{"name":"wp","href":"https:\/\/api.w.org\/{rel}","templated":true}]}}