{"id":642,"date":"2023-07-13T15:04:11","date_gmt":"2023-07-13T19:04:11","guid":{"rendered":"https:\/\/consmaracaibo.esteri.it\/?page_id=642"},"modified":"2026-03-30T13:39:16","modified_gmt":"2026-03-30T17:39:16","slug":"union","status":"publish","type":"page","link":"https:\/\/consmaracaibo.esteri.it\/es\/servizi-consolari-e-visti\/servizi-per-il-cittadino-italiano\/stato-civile\/union\/","title":{"rendered":"Constituci\u00f3n de uni\u00f3n civil"},"content":{"rendered":"<p style=\"text-align: justify;\">Desde el 5 de junio de 2016, est\u00e1 vigente en Italia la Ley n\u00ba 76 del 20 de mayo de 2016 \u201cRegulaci\u00f3n de las uniones civiles entre personas del mismo sexo y normativa sobre las convivencias\u201d (publicada en el Bolet\u00edn Oficial n\u00ba 118 del 21 de mayo de 2016). Esta ley introduce en el ordenamiento jur\u00eddico italiano la figura de la uni\u00f3n civil, una uni\u00f3n social formalizada mediante declaraci\u00f3n ante el funcionario del registro civil y en presencia de dos testigos.<\/p>\n<p style=\"text-align: justify;\"><span style=\"color: #0000ff;\"><strong>Nota importante: <\/strong>Cabe destacar que las uniones civiles entre personas del mismo sexo no tienen validez en el ordenamiento jur\u00eddico venezolano.<\/span><\/p>\n<p style=\"text-align: justify;\">Para solicitar al Consulado la constituci\u00f3n de una uni\u00f3n civil, es necesario que al menos uno de los dos contrayentes sea ciudadano italiano, con residencia en la circunscripci\u00f3n consular de Maracaibo.<\/p>\n<p style=\"text-align: justify;\">La constituci\u00f3n de una uni\u00f3n civil podr\u00e1 solicitarse utilizando el <strong><a href=\"https:\/\/consmaracaibo.esteri.it\/wp-content\/uploads\/2026\/03\/Richiesta-costituzione-unione-civile.pdf\"><span style=\"text-decoration: underline;\">formato correspondiente<\/span><\/a><\/strong>.<\/p>\n<p style=\"text-align: justify;\"><strong>SOLICITUD DE CONSTITUCI\u00d3N DE UNI\u00d3N CIVIL<\/strong><\/p>\n<p style=\"text-align: justify;\">Para iniciar el tr\u00e1mite, deber\u00e1 completar el formato de solicitud de constituci\u00f3n de uni\u00f3n civil, y presentarlo junto con la siguiente documentaci\u00f3n:<\/p>\n<ul style=\"text-align: justify;\">\n<li>Copia de los documentos de identidad vigentes de ambos solicitantes;<\/li>\n<li>Para el\/los contrayente(s) con nacionalidad venezolana: Certificado de residencia expedido por las autoridades locales competentes (CNE, Consejo Comunal o Alcald\u00eda). Se recueda que los certificados tienen una <em>valide de seis meses desde su expedici\u00f3n<\/em>; RIF actualizado; Certificado de solter\u00eda apostillado y traducido al italiano.<\/li>\n<li>Para el contrayente de nacionalidad italiana, el estado de solter\u00eda podr\u00e1 acreditarse mediante una <a href=\"https:\/\/consmaracaibo.esteri.it\/wp-content\/uploads\/2026\/03\/Dichiarazione-sostitutiva.pdf\"><strong>Dichiarazione sostitutiva<\/strong><\/a>, conforme a lo establecido en el <strong>art\u00edculo 46 del D.P.R. 445\/2000<\/strong>. Esta declaraci\u00f3n, que tiene plena validez legal, deber\u00e1 ser presentada ante este Consulado como parte del expediente.<\/li>\n<li>Para el contrayente que no posea ciudadan\u00eda italiana, deber\u00e1 presentar adem\u00e1s su acta de nacimiento apostillada y con traducci\u00f3n l al italiano.<\/li>\n<\/ul>\n<p style=\"text-align: justify;\">Si requiere informaci\u00f3n adicional o tiene alguna duda, puede contactarnos directamente a trav\u00e9s del siguiente correo electr\u00f3nico<strong>:<\/strong> <a href=\"mailto:statocivil.maracaibo@esteri.it\">statocivil.maracaibo@esteri.it<\/a><\/p>\n","protected":false},"excerpt":{"rendered":"Desde el 5 de junio de 2016, est\u00e1 vigente en Italia la Ley n\u00ba 76 del 20 de mayo de 2016 \u201cRegulaci\u00f3n de las uniones civiles entre personas del mismo sexo y normativa sobre las convivencias\u201d (publicada en el Bolet\u00edn Oficial n\u00ba 118 del 21 de mayo de 2016). Esta ley introduce en el ordenamiento [&hellip;]","protected":false},"author":6,"featured_media":0,"parent":186,"menu_order":6,"comment_status":"closed","ping_status":"closed","template":"","meta":{"footnotes":""},"class_list":["post-642","page","type-page","status-publish","hentry"],"_links":{"self":[{"href":"https:\/\/consmaracaibo.esteri.it\/es\/wp-json\/wp\/v2\/pages\/642","targetHints":{"allow":["GET"]}}],"collection":[{"href":"https:\/\/consmaracaibo.esteri.it\/es\/wp-json\/wp\/v2\/pages"}],"about":[{"href":"https:\/\/consmaracaibo.esteri.it\/es\/wp-json\/wp\/v2\/types\/page"}],"author":[{"embeddable":true,"href":"https:\/\/consmaracaibo.esteri.it\/es\/wp-json\/wp\/v2\/users\/6"}],"replies":[{"embeddable":true,"href":"https:\/\/consmaracaibo.esteri.it\/es\/wp-json\/wp\/v2\/comments?post=642"}],"version-history":[{"count":7,"href":"https:\/\/consmaracaibo.esteri.it\/es\/wp-json\/wp\/v2\/pages\/642\/revisions"}],"predecessor-version":[{"id":3601,"href":"https:\/\/consmaracaibo.esteri.it\/es\/wp-json\/wp\/v2\/pages\/642\/revisions\/3601"}],"up":[{"embeddable":true,"href":"https:\/\/consmaracaibo.esteri.it\/es\/wp-json\/wp\/v2\/pages\/186"}],"wp:attachment":[{"href":"https:\/\/consmaracaibo.esteri.it\/es\/wp-json\/wp\/v2\/media?parent=642"}],"curies":[{"name":"wp","href":"https:\/\/api.w.org\/{rel}","templated":true}]}}