{"id":663,"date":"2023-07-13T15:05:45","date_gmt":"2023-07-13T19:05:45","guid":{"rendered":"https:\/\/consmaracaibo.esteri.it\/?page_id=663"},"modified":"2025-11-28T14:10:39","modified_gmt":"2025-11-28T18:10:39","slug":"nombres-y-apellidos-modificacion-correccion-adicion","status":"publish","type":"page","link":"https:\/\/consmaracaibo.esteri.it\/es\/servizi-consolari-e-visti\/servizi-per-il-cittadino-italiano\/stato-civile\/nombres-y-apellidos-modificacion-correccion-adicion\/","title":{"rendered":"Nombres y apellidos (modificaciones, cambios)"},"content":{"rendered":"<p style=\"text-align: justify;\">Basado en los art\u00edculos 84 y siguientes del D.P.R. 396 del 11.3.2000, para cambiar el nombre o apellido, el interesado debe dirigir una solicitud motivada con timbre fiscal a la Prefectura del lugar de \u00faltima residencia (o correspondiente al Registro Municipal de AIRE). La solicitud puede ser remitida a la Prefectura directamente por el interesado o a trav\u00e9s del Consulado, present\u00e1ndose personalmente con cita previa.<\/p>\n<p style=\"text-align: justify;\">Para concertar una cita con el Consulado a <a href=\"https:\/\/prenotami.esteri.it\/\">Prenot@mi.<\/a><\/p>\n<p style=\"text-align: justify;\">Para obtener el reconocimiento en el ordenamiento jur\u00eddico italiano de cambios y modificaciones de nombre o apellido realizados en el pa\u00eds de origen, es necesario enviar (directamente o a trav\u00e9s del Consulado) al Prefecto competente en Italia la solicitud motivada de cambio o modificaci\u00f3n de nombre o apellido:<\/p>\n<ul style=\"text-align: justify;\">\n<li><a href=\"https:\/\/consmaracaibo.esteri.it\/wp-content\/uploads\/2023\/08\/ist-nc-major.pdf\">solicitud de cambio\/modificaci\u00f3n de nombre o apellido para mayores de edad;<\/a><\/li>\n<li><a href=\"https:\/\/consmaracaibo.esteri.it\/wp-content\/uploads\/2023\/08\/ist-nc-minor.pdf\">solicitud de cambio\/modificaci\u00f3n de nombre o apellido para menores<\/a>;<\/li>\n<\/ul>\n<p style=\"text-align: justify;\">Los ciudadanos italianos que deseen presentar una solicitud de cambio de nombre y\/o apellido a trav\u00e9s de las representaciones consulares deber\u00e1n realizar previamente el pago del impuesto directamente a las prefecturas competentes mediante transferencia bancaria. A\u00a0 continuaci\u00f3n se indican los datos bancarios para realizar el pago:<\/p>\n<p><strong>DATOS BANCARIOS PARA EL PAGO DEL IMPUESTO<\/strong><\/p>\n<p>BENEFICIARIO: <strong>Ministero dell\u2019Economia e delle Finanze<br \/>\n<\/strong>IBAN: IT79Z0100003245BE00000000QK<br \/>\nBIC: BITAITRRENT<br \/>\nCAUSAL: \u2018codice fiscale del contribuente\u2019 \u2013 Bollo su istanza Prefettura \u2013 anno di riferimento (AAAA) oppure mese\/anno (MM\/AAAA)<br \/>\nIMPORTE: 16 euros<\/p>\n<p style=\"text-align: justify;\">La solicitud debe ir acompa\u00f1ada de:<\/p>\n<ul style=\"text-align: justify;\">\n<li><a href=\"https:\/\/consmaracaibo.esteri.it\/wp-content\/uploads\/2024\/05\/Dichiarazione-sostitutiva-atto-di-notorieta.pdf\">Declaraci\u00f3n jurada;<\/a> que confirme los datos personales, la ciudadan\u00eda italiana, la residencia y el estado familiar, la ausencia de cargos pendientes en Italia y el cumplimiento del procedimiento con las leyes locales;<\/li>\n<li>declaraci\u00f3n de conformidad (a realizar en ventanilla) de los interesados \u200b\u200b(por ejemplo, padres, c\u00f3nyuge, hijos mayores de edad), acompa\u00f1ada de fotocopia de su documento de identidad.<\/li>\n<li>copia de su pasaporte o documento de identidad italiano v\u00e1lido;<\/li>\n<li>documentaci\u00f3n original de cambio de nombre y\/o apellido realizado en Venezuela (o en el pa\u00eds de nacimiento);<\/li>\n<li>cualquier otra documentaci\u00f3n \u00fatil para sustentar los motivos de la solicitud.<\/li>\n<\/ul>\n<p style=\"text-align: justify;\"><span class=\"HwtZe\" lang=\"es\"><span class=\"jCAhz ChMk0b\"><span class=\"ryNqvb\">Para cualquier informaci\u00f3n escribir a: <a href=\"mailto:statocivil.maracaibo@esteri.it\">statocivil.maracaibo@esteri.it<\/a><\/span><\/span><\/span><\/p>\n","protected":false},"excerpt":{"rendered":"Basado en los art\u00edculos 84 y siguientes del D.P.R. 396 del 11.3.2000, para cambiar el nombre o apellido, el interesado debe dirigir una solicitud motivada con timbre fiscal a la Prefectura del lugar de \u00faltima residencia (o correspondiente al Registro Municipal de AIRE). La solicitud puede ser remitida a la Prefectura directamente por el interesado [&hellip;]","protected":false},"author":6,"featured_media":0,"parent":186,"menu_order":7,"comment_status":"closed","ping_status":"closed","template":"","meta":{"footnotes":""},"class_list":["post-663","page","type-page","status-publish","hentry"],"_links":{"self":[{"href":"https:\/\/consmaracaibo.esteri.it\/es\/wp-json\/wp\/v2\/pages\/663","targetHints":{"allow":["GET"]}}],"collection":[{"href":"https:\/\/consmaracaibo.esteri.it\/es\/wp-json\/wp\/v2\/pages"}],"about":[{"href":"https:\/\/consmaracaibo.esteri.it\/es\/wp-json\/wp\/v2\/types\/page"}],"author":[{"embeddable":true,"href":"https:\/\/consmaracaibo.esteri.it\/es\/wp-json\/wp\/v2\/users\/6"}],"replies":[{"embeddable":true,"href":"https:\/\/consmaracaibo.esteri.it\/es\/wp-json\/wp\/v2\/comments?post=663"}],"version-history":[{"count":7,"href":"https:\/\/consmaracaibo.esteri.it\/es\/wp-json\/wp\/v2\/pages\/663\/revisions"}],"predecessor-version":[{"id":3041,"href":"https:\/\/consmaracaibo.esteri.it\/es\/wp-json\/wp\/v2\/pages\/663\/revisions\/3041"}],"up":[{"embeddable":true,"href":"https:\/\/consmaracaibo.esteri.it\/es\/wp-json\/wp\/v2\/pages\/186"}],"wp:attachment":[{"href":"https:\/\/consmaracaibo.esteri.it\/es\/wp-json\/wp\/v2\/media?parent=663"}],"curies":[{"name":"wp","href":"https:\/\/api.w.org\/{rel}","templated":true}]}}