{"id":705,"date":"2023-07-21T13:47:08","date_gmt":"2023-07-21T17:47:08","guid":{"rendered":"https:\/\/consmaracaibo.esteri.it\/?page_id=705"},"modified":"2025-02-03T14:33:26","modified_gmt":"2025-02-03T18:33:26","slug":"declaracion-de-valor-de-estudios-universitarios","status":"publish","type":"page","link":"https:\/\/consmaracaibo.esteri.it\/es\/servizi-consolari-e-visti\/servizi-per-il-cittadino-italiano\/estudios\/declaracion-de-valor-de-estudios-universitarios\/","title":{"rendered":"Declaraci\u00f3n de valor de estudios universitarios"},"content":{"rendered":"<p><strong><span class=\"HwtZe\" lang=\"es\"><span class=\"jCAhz ChMk0b\"><span class=\"ryNqvb\">PREINSCRIPCI\u00d3N UNIVERSITARIA<\/span><\/span> <\/span><\/strong><\/p>\n<p style=\"text-align: justify;\"><span class=\"HwtZe\" lang=\"es\"><span class=\"jCAhz ChMk0b\"><span class=\"ryNqvb\">La inscripci\u00f3n para las pruebas de admisi\u00f3n a los cursos de Maestr\u00eda en Medicina y Cirug\u00eda, Medicina y Cirug\u00eda en ingl\u00e9s donde est\u00e1n activados por universidades, Odontolog\u00eda y Pr\u00f3tesis Dental, Medicina Veterinaria, y para cursos destinados a la formaci\u00f3n como Arquitecto, se realiza de acuerdo con los procedimientos activos en el portal http:\/\/www.universitaly.it\/.<\/span><\/span> <span class=\"jCAhz ChMk0b\"><span class=\"ryNqvb\">Los estudiantes est\u00e1n obligados a realizar la matr\u00edcula de la prueba en l\u00ednea y no est\u00e1n sujetos al inicio preliminar de los tr\u00e1mites de preinscripci\u00f3n universitaria en las misiones diplom\u00e1tico-consulares que, por otra parte, deber\u00e1n iniciarse y formalizarse, en la forma prevista, y no m\u00e1s tarde de los plazos establecidos por el calendario relativo a los tr\u00e1mites de matr\u00edcula en los Grados y M\u00e1steres Universitarios con programaci\u00f3n nacional, cuyas pruebas tengan lugar en el mes de septiembre.<\/span><\/span><\/span><\/p>\n<p style=\"text-align: justify;\"><span class=\"HwtZe\" lang=\"es\"><span class=\"jCAhz ChMk0b\"><span class=\"ryNqvb\">Como se indica en negrita y subrayado en el punto (10), se requiere la Prueba de idoneidad acad\u00e9mica (Prueba vocacional o Prueba de Aptitud Academica).<\/span><\/span> <\/span><\/p>\n<p style=\"text-align: justify;\"><strong><span class=\"HwtZe\" lang=\"es\"><span class=\"jCAhz ChMk0b\"><span class=\"ryNqvb\">Documentos a entregar para solicitar una Declaraci\u00f3n de Valor de los estudios universitarios.<\/span><\/span><\/span><\/strong><\/p>\n<ol>\n<li style=\"text-align: justify;\"><span class=\"HwtZe\" lang=\"es\"><span class=\"jCAhz ChMk0b\"><span class=\"ryNqvb\">T\u00edtulo de grado en papel pergamino, original y copia.<\/span><\/span> <\/span><\/li>\n<li style=\"text-align: justify;\"><span class=\"HwtZe\" lang=\"es\"><span class=\"jCAhz ChMk0b\"><span class=\"ryNqvb\">Notas certificadas, original y copia.<\/span><\/span> <\/span><\/li>\n<li style=\"text-align: justify;\"><span class=\"HwtZe\" lang=\"es\"><span class=\"jCAhz ChMk0b\"><span class=\"ryNqvb\">P\u00e9nsum, cargo y\/o cr\u00e9dito por hora, original y copia.<\/span><\/span> <\/span><\/li>\n<li style=\"text-align: justify;\"><span class=\"HwtZe\" lang=\"es\"><span class=\"jCAhz ChMk0b\"><span class=\"ryNqvb\">Programa de estudios (libro emitido por la universidad timbrado y firmado, sin apostilla, traducci\u00f3n ni copia).<\/span><\/span> <\/span><\/li>\n<li style=\"text-align: justify;\"><span class=\"HwtZe\" lang=\"es\"><span class=\"jCAhz ChMk0b\"><span class=\"ryNqvb\">Certificaci\u00f3n del programa, en original y copia (apostillada y traducida).<\/span><\/span> <\/span><\/li>\n<li style=\"text-align: justify;\"><span class=\"HwtZe\" lang=\"es\"><span class=\"jCAhz ChMk0b\"><span class=\"ryNqvb\">Matr\u00edcula en la carrera universitaria (si la hubiere), en original y copia.<\/span><\/span> <\/span><\/li>\n<li style=\"text-align: justify;\"><span class=\"HwtZe\" lang=\"es\"><span class=\"jCAhz ChMk0b\"><span class=\"ryNqvb\">Solvencia del colegio profesional (todo el a\u00f1o), original y copia.<\/span><\/span> <\/span><\/li>\n<li style=\"text-align: justify;\"><span class=\"HwtZe\" lang=\"es\"><span class=\"jCAhz ChMk0b\"><span class=\"ryNqvb\">Certificado deontol\u00f3gico (debe tener al menos 6 meses de vigencia a partir de la fecha de emisi\u00f3n).<\/span><\/span> <\/span><\/li>\n<li style=\"text-align: justify;\"><span class=\"HwtZe\" lang=\"es\"><span class=\"jCAhz ChMk0b\"><span class=\"ryNqvb\">2 (dos) fotograf\u00edas (una de las cuales autentificada por la Representaci\u00f3n italiana competente en el territorio).<\/span><\/span> <\/span><\/li>\n<li style=\"text-align: justify;\"><span style=\"text-decoration: underline;\"><strong><span class=\"HwtZe\" lang=\"es\"><span class=\"jCAhz ChMk0b\"><span class=\"ryNqvb\">Certificado que acredite la superaci\u00f3n de pruebas de idoneidad acad\u00e9mica, eventualmente previstas para el acceso a la Universidad de los respectivos pa\u00edses de origen<\/span><\/span><\/span><\/strong><strong><span class=\"HwtZe\" lang=\"es\"><span class=\"jCAhz ChMk0b\"><span class=\"ryNqvb\"> (opsu);<\/span><\/span><\/span><\/strong><\/span><\/li>\n<li style=\"text-align: justify;\"><span style=\"text-decoration: underline;\"><span class=\"HwtZe\" lang=\"es\"><span class=\"jCAhz ChMk0b\"><span class=\"ryNqvb\">Resumen de la solicitud de preinscripci\u00f3n validada por la universidad.<\/span><\/span><\/span><\/span><\/li>\n<\/ol>\n<p>&nbsp;<\/p>\n<p><a href=\"https:\/\/consmaracaibo.esteri.it\/wp-content\/uploads\/2023\/07\/TRADUTTORI-PUBBLICI-PER-LA-LINGUA-ITALIANA-AGGIORNAMENTO-MARZO-2023.pdf\">Lista de traductores\u00a0<\/a><\/p>\n","protected":false},"excerpt":{"rendered":"PREINSCRIPCI\u00d3N UNIVERSITARIA La inscripci\u00f3n para las pruebas de admisi\u00f3n a los cursos de Maestr\u00eda en Medicina y Cirug\u00eda, Medicina y Cirug\u00eda en ingl\u00e9s donde est\u00e1n activados por universidades, Odontolog\u00eda y Pr\u00f3tesis Dental, Medicina Veterinaria, y para cursos destinados a la formaci\u00f3n como Arquitecto, se realiza de acuerdo con los procedimientos activos en el portal http:\/\/www.universitaly.it\/. [&hellip;]","protected":false},"author":6,"featured_media":0,"parent":701,"menu_order":1,"comment_status":"closed","ping_status":"closed","template":"","meta":{"footnotes":""},"class_list":["post-705","page","type-page","status-publish","hentry"],"_links":{"self":[{"href":"https:\/\/consmaracaibo.esteri.it\/es\/wp-json\/wp\/v2\/pages\/705","targetHints":{"allow":["GET"]}}],"collection":[{"href":"https:\/\/consmaracaibo.esteri.it\/es\/wp-json\/wp\/v2\/pages"}],"about":[{"href":"https:\/\/consmaracaibo.esteri.it\/es\/wp-json\/wp\/v2\/types\/page"}],"author":[{"embeddable":true,"href":"https:\/\/consmaracaibo.esteri.it\/es\/wp-json\/wp\/v2\/users\/6"}],"replies":[{"embeddable":true,"href":"https:\/\/consmaracaibo.esteri.it\/es\/wp-json\/wp\/v2\/comments?post=705"}],"version-history":[{"count":3,"href":"https:\/\/consmaracaibo.esteri.it\/es\/wp-json\/wp\/v2\/pages\/705\/revisions"}],"predecessor-version":[{"id":2232,"href":"https:\/\/consmaracaibo.esteri.it\/es\/wp-json\/wp\/v2\/pages\/705\/revisions\/2232"}],"up":[{"embeddable":true,"href":"https:\/\/consmaracaibo.esteri.it\/es\/wp-json\/wp\/v2\/pages\/701"}],"wp:attachment":[{"href":"https:\/\/consmaracaibo.esteri.it\/es\/wp-json\/wp\/v2\/media?parent=705"}],"curies":[{"name":"wp","href":"https:\/\/api.w.org\/{rel}","templated":true}]}}