{"id":720,"date":"2023-07-12T15:09:41","date_gmt":"2023-07-12T19:09:41","guid":{"rendered":"https:\/\/consmaracaibo.esteri.it\/?page_id=720"},"modified":"2023-07-25T13:09:35","modified_gmt":"2023-07-25T17:09:35","slug":"poderes-generales-especiales","status":"publish","type":"page","link":"https:\/\/consmaracaibo.esteri.it\/es\/servizi-consolari-e-visti\/servizi-per-il-cittadino-italiano\/servizi-notarili\/poderes-generales-especiales\/","title":{"rendered":"Poderes (Generales\/Especiales)"},"content":{"rendered":"<p style=\"text-align: justify;\"><strong>Los poderes<\/strong> son actos complejos y requieren una cuidadosa preparaci\u00f3n y redacci\u00f3n antes de su firma, al momento de solicitar una cita el usuario debe indicar el motivo exacto de su solicitud y, en el caso espec\u00edfico del poder, el objeto del poder en s\u00ed.Este procedimiento es exclusivo para los ciudadanos italianos que se encuentran en el extranjero de forma permanente (Inscritos en AIRE) o temporalmente.<\/p>\n<p style=\"text-align: justify;\">Son escrituras redactadas en italiano para las que se requiere el conocimiento del idioma y la presencia f\u00edsica del declarante\/s con pasaporte italiano en vigor, en la Notar\u00eda de este Consulado.<\/p>\n<p style=\"text-align: justify;\"><strong>Para la preparaci\u00f3n de la documentaci\u00f3n, dada la complejidad del asunto, es conveniente consultar previamente a un abogado o notario, para obtener de ellos indicaciones generales sobre alg\u00fan contenido espec\u00edfico, que la propia escritura deber\u00e1 informar.<\/strong><\/p>\n<p style=\"text-align: justify;\">Para firmar el poder, se debe solicitar una cita por correo electr\u00f3nico a segre.maracaibo@esteri.it, adjuntando todos los requisitos enumerados a continuaci\u00f3n.<\/p>\n<p style=\"text-align: justify;\"><strong>PODER GENERAL<\/strong><\/p>\n<p style=\"text-align: justify;\">Este modelo otorga amplio poder al Mandato, y debe usarse CON <strong>EXTREMA PRECAUCI\u00d3N<\/strong>.<\/p>\n<p style=\"text-align: justify;\">Requisitos a enviar por correo electr\u00f3nico para la firma de un Poder General:<\/p>\n<ul style=\"text-align: justify;\">\n<li>Modelo de poder notarial en formato Word.<\/li>\n<li>Copia del pasaporte italiano en vigor del titular o delegante.<\/li>\n<li>C\u00f3digo fiscal italiano de la parte principal o delegante. R.I.F. Venezolano actualizado de la parte principal o delegante.<\/li>\n<li>Tarjeta de identidad italiana del agente o delegado.<\/li>\n<li>C\u00f3digo fiscal italiano del agente o delegado.<\/li>\n<\/ul>\n<p style=\"text-align: justify;\"><strong>PODER ESPECIAL<\/strong><\/p>\n<p style=\"text-align: justify;\">Confiere un poder limitado y puede ser de varios tipos:<\/p>\n<p style=\"text-align: justify;\">\u00a0\u2013 <strong>Poder especial para la compra o venta de bienes inmuebles o terrenos<\/strong><\/p>\n<p style=\"text-align: justify;\">Requisitos a enviar por correo electr\u00f3nico para la firma de un Poder para la compra o venta de un inmueble o terreno:<\/p>\n<ul style=\"text-align: justify;\">\n<li>Modelo de poder notarial en formato Word.<\/li>\n<li>Copia del pasaporte italiano en vigor del titular o delegante.<\/li>\n<li>C\u00f3digo fiscal italiano de la parte principal o delegante. R.I.F. venezolano actualizado de la parte principal o delegante.<\/li>\n<li>Tarjeta de identidad italiana del agente o delegado.<\/li>\n<li>C\u00f3digo fiscal italiano del agente o delegado.<\/li>\n<li>Datos catastrales actualizados (levantamiento catastral).<\/li>\n<\/ul>\n<p style=\"text-align: justify;\"><strong>&#8211; Poder especial para la compra o venta de veh\u00edculos automotores\/motocicletas:<\/strong><\/p>\n<ul style=\"text-align: justify;\">\n<li>Modelo de poder notarial en formato Word.<\/li>\n<li>Copia del pasaporte italiano en vigor del titular o delegante.<\/li>\n<li>C\u00f3digo fiscal italiano de la parte principal o delegante. R.I.F. venezolano actualizado de la parte principal o delegante.<\/li>\n<li>Tarjeta de identidad italiana del agente o delegado.<\/li>\n<li>C\u00f3digo fiscal italiano del agente o delegado.<\/li>\n<li>Certificado de registro del veh\u00edculo.<\/li>\n<\/ul>\n<p style=\"text-align: justify;\"><strong>&#8211; Poder especial para litigios:<\/strong><\/p>\n<p style=\"text-align: justify;\">Requisitos a enviar por correo electr\u00f3nico para la firma de un Poder Especial para Litigios:<\/p>\n<ul style=\"text-align: justify;\">\n<li>Modelo de poder notarial en formato Word.<\/li>\n<li>Copia del pasaporte italiano en vigor del titular o delegante.<\/li>\n<li>C\u00f3digo fiscal italiano de la parte principal o delegante. R.I.F. venezolano actualizado de la parte principal o delegante.<\/li>\n<li>Tarjeta de identidad italiana del agente o delegado.<\/li>\n<li>C\u00f3digo fiscal italiano del agente o delegado.<\/li>\n<li>Datos completos o datos de la persona o empresa a demandar, sede del despacho de abogados.<\/li>\n<\/ul>\n<p style=\"text-align: justify;\"><strong>&#8211; Poder especial para la compra\/venta o disoluci\u00f3n de sociedades:<\/strong><\/p>\n<p style=\"text-align: justify;\">Requisitos a enviar por correo electr\u00f3nico para la firma de un Poder Especial para la compra\/venta o disoluci\u00f3n de una Sociedad:<\/p>\n<ul style=\"text-align: justify;\">\n<li>Modelo de poder notarial en formato Word.<\/li>\n<li>Copia del pasaporte italiano en vigor del titular o delegante.<\/li>\n<li>C\u00f3digo fiscal italiano de la parte principal o delegante. R.I.F. venezolano actualizado de la parte principal o delegante.<\/li>\n<li>Tarjeta de identidad italiana del agente o delegado.<\/li>\n<li>C\u00f3digo fiscal italiano del agente o delegado.<\/li>\n<li>Descripci\u00f3n de la empresa.<\/li>\n<\/ul>\n<p style=\"text-align: justify;\"><strong>&#8211; Poderes especiales para pr\u00e1cticas sucesorias:<\/strong><\/p>\n<p style=\"text-align: justify;\">Requisitos a enviar por correo electr\u00f3nico para la firma de un poder especial para pr\u00e1cticas sucesorias:<\/p>\n<ul style=\"text-align: justify;\">\n<li>Modelo de poder notarial en formato Word.<\/li>\n<li>Copia del pasaporte italiano en vigor del titular o delegante.<\/li>\n<li>C\u00f3digo fiscal italiano de la parte principal o delegante. R.I.F. venezolano actualizado de la parte principal o delegante.<\/li>\n<li>Tarjeta de identidad italiana del agente o delegado.<\/li>\n<li>C\u00f3digo fiscal italiano del agente o delegado.<\/li>\n<li>Bien sujeto a herencia, datos personales completos del causante (pariente fallecido), incluyendo lugar y fecha de nacimiento y defunci\u00f3n (copia del certificado de defunci\u00f3n).<\/li>\n<\/ul>\n<p style=\"text-align: justify;\"><strong>\u2013 Poder especial para donaci\u00f3n\/aceptaci\u00f3n de donaci\u00f3n:<\/strong><\/p>\n<p style=\"text-align: justify;\">Requisitos a enviar por correo electr\u00f3nico para la firma de un Poder Especial para Donaci\u00f3n\/Aceptaci\u00f3n de Donaci\u00f3n:<\/p>\n<ul style=\"text-align: justify;\">\n<li>Modelo de poder notarial en formato Word.<\/li>\n<li>Copia del pasaporte italiano en vigor del titular o delegante.<\/li>\n<li>C\u00f3digo fiscal italiano de la parte principal o delegante. R.I.F. venezolano actualizado de la parte principal o delegante.<\/li>\n<li>Tarjeta de identidad italiana del agente o delegado.<\/li>\n<li>C\u00f3digo fiscal italiano del agente o delegado.<\/li>\n<li>Beneficiario de la donaci\u00f3n, descripci\u00f3n detallada de los bienes a donar, 2 testigos de ciudadanos italianos, con documento de identidad v\u00e1lido.<\/li>\n<\/ul>\n<p style=\"text-align: justify;\"><strong>IMPORTANTE:<\/strong> Los usuarios que <strong>NO<\/strong> posean ciudadan\u00eda italiana deben contactar a un Notario P\u00fablico venezolano, apostillar el documento y traducirlo al italiano; posteriormente, la Notar\u00eda de este Consulado legalizar\u00e1, mediante cita previa, la traducci\u00f3n al italiano.<\/p>\n","protected":false},"excerpt":{"rendered":"Los poderes son actos complejos y requieren una cuidadosa preparaci\u00f3n y redacci\u00f3n antes de su firma, al momento de solicitar una cita el usuario debe indicar el motivo exacto de su solicitud y, en el caso espec\u00edfico del poder, el objeto del poder en s\u00ed.Este procedimiento es exclusivo para los ciudadanos italianos que se encuentran [&hellip;]","protected":false},"author":6,"featured_media":0,"parent":193,"menu_order":2,"comment_status":"closed","ping_status":"closed","template":"","meta":{"footnotes":""},"class_list":["post-720","page","type-page","status-publish","hentry"],"_links":{"self":[{"href":"https:\/\/consmaracaibo.esteri.it\/es\/wp-json\/wp\/v2\/pages\/720","targetHints":{"allow":["GET"]}}],"collection":[{"href":"https:\/\/consmaracaibo.esteri.it\/es\/wp-json\/wp\/v2\/pages"}],"about":[{"href":"https:\/\/consmaracaibo.esteri.it\/es\/wp-json\/wp\/v2\/types\/page"}],"author":[{"embeddable":true,"href":"https:\/\/consmaracaibo.esteri.it\/es\/wp-json\/wp\/v2\/users\/6"}],"replies":[{"embeddable":true,"href":"https:\/\/consmaracaibo.esteri.it\/es\/wp-json\/wp\/v2\/comments?post=720"}],"version-history":[{"count":1,"href":"https:\/\/consmaracaibo.esteri.it\/es\/wp-json\/wp\/v2\/pages\/720\/revisions"}],"predecessor-version":[{"id":721,"href":"https:\/\/consmaracaibo.esteri.it\/es\/wp-json\/wp\/v2\/pages\/720\/revisions\/721"}],"up":[{"embeddable":true,"href":"https:\/\/consmaracaibo.esteri.it\/es\/wp-json\/wp\/v2\/pages\/193"}],"wp:attachment":[{"href":"https:\/\/consmaracaibo.esteri.it\/es\/wp-json\/wp\/v2\/media?parent=720"}],"curies":[{"name":"wp","href":"https:\/\/api.w.org\/{rel}","templated":true}]}}