{"id":725,"date":"2023-07-12T15:11:11","date_gmt":"2023-07-12T19:11:11","guid":{"rendered":"https:\/\/consmaracaibo.esteri.it\/?page_id=725"},"modified":"2023-07-25T14:09:18","modified_gmt":"2023-07-25T18:09:18","slug":"testamentos-autenticaciones-autocertificaciones-certificados","status":"publish","type":"page","link":"https:\/\/consmaracaibo.esteri.it\/es\/servizi-consolari-e-visti\/servizi-per-il-cittadino-italiano\/servizi-notarili\/testamentos-autenticaciones-autocertificaciones-certificados\/","title":{"rendered":"Testamentos \u2013 Autenticaciones \u2013 Autocertificaciones \u2013 Certificados"},"content":{"rendered":"<p style=\"text-align: justify;\"><strong>Testamentos<\/strong><\/p>\n<ul style=\"text-align: justify;\">\n<li>el <u>testamento p\u00fablico<\/u> es la declaraci\u00f3n oral de la voluntad del testador realizada ante el funcionario consular delegado para funciones notariales en presencia de dos testigos;<\/li>\n<li>el <u>testamento secreto<\/u>, cuyo contenido se mantiene en secreto, puede ser depositado en el Consulado, que simplemente se encarga de recibir formalmente el acto y archivarlo;<\/li>\n<li>el <u>testamento ol\u00f3grafo<\/u> debe ser escrito \u00edntegramente de pu\u00f1o y letra por el testador y puede ser depositado en cualquier lugar, incluido el Consulado, y ante cualquier persona.<\/li>\n<\/ul>\n<p style=\"text-align: justify;\"><strong>\u00a0<\/strong><\/p>\n<p style=\"text-align: justify;\"><strong>Autenticaciones <\/strong><\/p>\n<ul style=\"text-align: justify;\">\n<li><u>autenticaci\u00f3n de firma<\/u>: consiste en la certificaci\u00f3n por parte del funcionario p\u00fablico de la firma realizada en su presencia. Para proceder a la autenticaci\u00f3n de la firma, es necesario presentarse personalmente en la Oficina Notarial con un documento de identificaci\u00f3n v\u00e1lido;<\/li>\n<li><u>autenticaci\u00f3n de fotograf\u00eda<\/u>: es necesario presentarse en la Oficina Notarial con tres fotograf\u00edas iguales y un documento de identificaci\u00f3n v\u00e1lido.<\/li>\n<\/ul>\n<p style=\"text-align: justify;\"><strong>\u00a0<\/strong><\/p>\n<p style=\"text-align: justify;\"><strong>Autocertificaci\u00f3n<\/strong><\/p>\n<p style=\"text-align: justify;\">Es una declaraci\u00f3n que la persona interesada redacta y firma en su propio inter\u00e9s sobre su estado, hechos y cualidades personales, y que se utiliza ante la Administraci\u00f3n P\u00fablica y los proveedores de servicios p\u00fablicos. En las relaciones con sujetos privados, el uso de la autocertificaci\u00f3n queda a discreci\u00f3n de dichos sujetos.<\/p>\n<p style=\"text-align: justify;\">*El <u>1 de enero de 2012<\/u>, entraron en vigor las nuevas disposiciones sobre certificados y declaraciones juradas, seg\u00fan el art\u00edculo 15 de la ley del 12 de noviembre de 2011, n. 183. A partir de esa fecha, los certificados tendr\u00e1n validez solo en las relaciones entre particulares, mientras que <u>las Administraciones P\u00fablicas ya no podr\u00e1n solicitar o aceptar certificados, que deber\u00e1n ser siempre sustituidos por autocertificaciones<\/u>.<\/p>\n<p style=\"text-align: justify;\">Las normas sobre autocertificaci\u00f3n se aplican a los ciudadanos italianos y de la Uni\u00f3n Europea, as\u00ed como a los ciudadanos extracomunitarios que residan legalmente en Italia, limitadamente a los datos que puedan ser verificados o certificados en Italia por entidades p\u00fablicas.<\/p>\n<p style=\"text-align: justify;\">En caso de que se detecten declaraciones falsas, la falsedad en los documentos y el uso de documentos falsos est\u00e1n penados seg\u00fan el C\u00f3digo Penal y las leyes especiales aplicables (art\u00edculo 76 del Decreto Presidencial 445\/2000). Adem\u00e1s, el declarante perder\u00e1 los beneficios obtenidos mediante medidas basadas en declaraciones no veraces.<\/p>\n<p style=\"text-align: justify;\"><strong>\u00a0<\/strong><\/p>\n<p style=\"text-align: justify;\"><strong>Certificados varios<\/strong> (excluyendo el certificado de ciudadan\u00eda)<\/p>\n<ul>\n<li style=\"text-align: justify;\"><u>certificado de la misma persona<\/u>: el interesado deber\u00e1 presentar el original y una copia de la documentaci\u00f3n que demuestre la discrepancia (por ejemplo, certificado de nacimiento, documento argentino, pasaporte, etc.). El certificado se emitir\u00e1 en base a la informaci\u00f3n contenida en los documentos presentados.<\/li>\n<li style=\"text-align: justify;\"><u>atribuci\u00f3n de nombre italiano a un reci\u00e9n nacido<\/u>: el interesado deber\u00e1 indicar el nombre de origen italiano que desea dar al reci\u00e9n nacido. El Consulado emitir\u00e1 el certificado solo despu\u00e9s de verificar que el nombre deseado realmente sea de origen italiano.<\/li>\n<\/ul>\n","protected":false},"excerpt":{"rendered":"Testamentos el testamento p\u00fablico es la declaraci\u00f3n oral de la voluntad del testador realizada ante el funcionario consular delegado para funciones notariales en presencia de dos testigos; el testamento secreto, cuyo contenido se mantiene en secreto, puede ser depositado en el Consulado, que simplemente se encarga de recibir formalmente el acto y archivarlo; el testamento [&hellip;]","protected":false},"author":6,"featured_media":0,"parent":193,"menu_order":3,"comment_status":"closed","ping_status":"closed","template":"","meta":{"footnotes":""},"class_list":["post-725","page","type-page","status-publish","hentry"],"_links":{"self":[{"href":"https:\/\/consmaracaibo.esteri.it\/es\/wp-json\/wp\/v2\/pages\/725","targetHints":{"allow":["GET"]}}],"collection":[{"href":"https:\/\/consmaracaibo.esteri.it\/es\/wp-json\/wp\/v2\/pages"}],"about":[{"href":"https:\/\/consmaracaibo.esteri.it\/es\/wp-json\/wp\/v2\/types\/page"}],"author":[{"embeddable":true,"href":"https:\/\/consmaracaibo.esteri.it\/es\/wp-json\/wp\/v2\/users\/6"}],"replies":[{"embeddable":true,"href":"https:\/\/consmaracaibo.esteri.it\/es\/wp-json\/wp\/v2\/comments?post=725"}],"version-history":[{"count":3,"href":"https:\/\/consmaracaibo.esteri.it\/es\/wp-json\/wp\/v2\/pages\/725\/revisions"}],"predecessor-version":[{"id":728,"href":"https:\/\/consmaracaibo.esteri.it\/es\/wp-json\/wp\/v2\/pages\/725\/revisions\/728"}],"up":[{"embeddable":true,"href":"https:\/\/consmaracaibo.esteri.it\/es\/wp-json\/wp\/v2\/pages\/193"}],"wp:attachment":[{"href":"https:\/\/consmaracaibo.esteri.it\/es\/wp-json\/wp\/v2\/media?parent=725"}],"curies":[{"name":"wp","href":"https:\/\/api.w.org\/{rel}","templated":true}]}}