{"id":747,"date":"2023-07-12T15:14:34","date_gmt":"2023-07-12T19:14:34","guid":{"rendered":"https:\/\/consmaracaibo.esteri.it\/?page_id=747"},"modified":"2023-07-28T10:11:22","modified_gmt":"2023-07-28T14:11:22","slug":"navegacion","status":"publish","type":"page","link":"https:\/\/consmaracaibo.esteri.it\/es\/servizi-consolari-e-visti\/servizi-per-il-cittadino-italiano\/servizi-notarili\/navegacion\/","title":{"rendered":"Navegaci\u00f3n"},"content":{"rendered":"<p style=\"text-align: justify;\">Se atribuyen a la Autoridad Consular las mismas facultades y funciones que en Italia ejerce la Autoridad Mar\u00edtima (direcci\u00f3n mar\u00edtima, oficina que preside el espacio mar\u00edtimo, capitan\u00eda de puerto, oficina que se encarga del compartimento mar\u00edtimo, etc.) y las cuales se encuentran en una serie de atribuciones administrativas y de polic\u00eda n\u00e1utica respecto a la flota nacional en el exterior y la gente de mar embarcada en ella, seg\u00fan lo establecido por el C\u00f3digo de Navegaci\u00f3n y las correspondientes Normas de ejecuci\u00f3n, por la legislaci\u00f3n mar\u00edtima vigente as\u00ed como por los convenios y acuerdos internacionales, ratificados por Italia o a los que Italia haya adherido.<\/p>\n<p style=\"text-align: justify;\">Entre las principales actividades realizadas en el campo de la navegaci\u00f3n se encuentran:<\/p>\n<ul style=\"text-align: justify;\">\n<li>Legalizaci\u00f3n;<\/li>\n<li>Certificados de Desembarque;<\/li>\n<li>Procedimientos de embarque y desembarque del personal mar\u00edtimo de los buques que enarbolan la bandera italiana;<\/li>\n<li>Liberaci\u00f3n de env\u00edos a barcos que enarbolen la bandera italiana en los puertos de esta jurisdicci\u00f3n consular;<\/li>\n<li>Liberaci\u00f3n de la cubierta temporal y cuadernos de bit\u00e1cora;<\/li>\n<li>Emisi\u00f3n\/renovaci\u00f3n\/extensi\u00f3n de certificados de seguridad;<\/li>\n<li>Deberes administrativos como el armado y desarmado de barcos italianos en el exterior, nacionalizaci\u00f3n de barcos extranjeros, desbanderaje de barcos italianos.<\/li>\n<\/ul>\n<p style=\"text-align: justify;\">Para la realizaci\u00f3n de las actividades antes mencionadas es necesario solicitar una cita, con razonable anticipaci\u00f3n, enviando un correo electr\u00f3nico a la siguiente direcci\u00f3n: <a href=\"mailto:segre.maracaibo@esteri.it\">segre.maracaibo@esteri.it<\/a><\/p>\n","protected":false},"excerpt":{"rendered":"Se atribuyen a la Autoridad Consular las mismas facultades y funciones que en Italia ejerce la Autoridad Mar\u00edtima (direcci\u00f3n mar\u00edtima, oficina que preside el espacio mar\u00edtimo, capitan\u00eda de puerto, oficina que se encarga del compartimento mar\u00edtimo, etc.) y las cuales se encuentran en una serie de atribuciones administrativas y de polic\u00eda n\u00e1utica respecto a la [&hellip;]","protected":false},"author":6,"featured_media":0,"parent":193,"menu_order":6,"comment_status":"closed","ping_status":"closed","template":"","meta":{"footnotes":""},"class_list":["post-747","page","type-page","status-publish","hentry"],"_links":{"self":[{"href":"https:\/\/consmaracaibo.esteri.it\/es\/wp-json\/wp\/v2\/pages\/747","targetHints":{"allow":["GET"]}}],"collection":[{"href":"https:\/\/consmaracaibo.esteri.it\/es\/wp-json\/wp\/v2\/pages"}],"about":[{"href":"https:\/\/consmaracaibo.esteri.it\/es\/wp-json\/wp\/v2\/types\/page"}],"author":[{"embeddable":true,"href":"https:\/\/consmaracaibo.esteri.it\/es\/wp-json\/wp\/v2\/users\/6"}],"replies":[{"embeddable":true,"href":"https:\/\/consmaracaibo.esteri.it\/es\/wp-json\/wp\/v2\/comments?post=747"}],"version-history":[{"count":1,"href":"https:\/\/consmaracaibo.esteri.it\/es\/wp-json\/wp\/v2\/pages\/747\/revisions"}],"predecessor-version":[{"id":748,"href":"https:\/\/consmaracaibo.esteri.it\/es\/wp-json\/wp\/v2\/pages\/747\/revisions\/748"}],"up":[{"embeddable":true,"href":"https:\/\/consmaracaibo.esteri.it\/es\/wp-json\/wp\/v2\/pages\/193"}],"wp:attachment":[{"href":"https:\/\/consmaracaibo.esteri.it\/es\/wp-json\/wp\/v2\/media?parent=747"}],"curies":[{"name":"wp","href":"https:\/\/api.w.org\/{rel}","templated":true}]}}