{"id":798,"date":"2023-07-07T15:10:00","date_gmt":"2023-07-07T19:10:00","guid":{"rendered":"https:\/\/consmaracaibo.esteri.it\/?page_id=798"},"modified":"2025-11-24T14:58:37","modified_gmt":"2025-11-24T18:58:37","slug":"viajes-de-menores-acompanados","status":"publish","type":"page","link":"https:\/\/consmaracaibo.esteri.it\/es\/servizi-consolari-e-visti\/servizi-per-il-cittadino-italiano\/passaporti-e-carte-didentita\/viajes-de-menores-acompanados\/","title":{"rendered":"Viajes de menores acompa\u00f1ados"},"content":{"rendered":"<p><span class=\"HwtZe\" lang=\"es\"><span class=\"jCAhz ChMk0b\"><span class=\"ryNqvb\">En el caso de viajes al extranjero de menores de 14 a\u00f1os italianos (no acompa\u00f1ados por al menos uno de los dos padres o tutores), es necesario solicitar una menci\u00f3n en el pasaporte italiano o una declaraci\u00f3n adjunta.<\/span><\/span> <\/span><\/p>\n<p><span class=\"HwtZe\" lang=\"es\"><span class=\"jCAhz ChMk0b\"><span class=\"ryNqvb\">A la declaraci\u00f3n se deben adjuntar los siguientes documentos:<\/span><\/span><\/span><\/p>\n<ul>\n<li><span class=\"HwtZe\" lang=\"es\"> <span class=\"jCAhz ChMk0b\"><span class=\"ryNqvb\">copia del documento de identidad que el menor utilizar\u00e1 para el viaje;<\/span><\/span><\/span><\/li>\n<li><span class=\"HwtZe\" lang=\"es\"> <span class=\"jCAhz ChMk0b\"><span class=\"ryNqvb\">copia de los documentos de identidad de los padres (o tutores);<\/span><\/span><\/span><\/li>\n<li><span class=\"HwtZe\" lang=\"es\"><span class=\"jCAhz ChMk0b\"><span class=\"ryNqvb\">copia de los documentos de identidad de los acompa\u00f1antes;<\/span><\/span><\/span><\/li>\n<li><span class=\"HwtZe\" lang=\"es\"> <span class=\"jCAhz ChMk0b\"><span class=\"ryNqvb\">reserva o billete de viaje (con indicaci\u00f3n del itinerario).<\/span><\/span> <\/span><\/li>\n<\/ul>\n<p><span class=\"HwtZe\" lang=\"es\"><span class=\"jCAhz ChMk0b\"><span class=\"ryNqvb\">La declaraci\u00f3n se puede presentar:<\/span><\/span> <span class=\"jCAhz ChMk0b\"><span class=\"ryNqvb\">por correo electr\u00f3nico: <\/span><\/span><\/span><\/p>\n<ul>\n<li><span class=\"HwtZe\" lang=\"es\"><span class=\"jCAhz ChMk0b\"><span class=\"ryNqvb\">enviando un correo electr\u00f3nico a <a href=\"mailto:pass.maracaibo@esteri.it\">pass.maracaibo@esteri.it<\/a> indicando en el asunto \u00abViaje para menores acompa\u00f1ados\u00bb y adjuntando un documento de identidad v\u00e1lido;<\/span><\/span><\/span><\/li>\n<li><span class=\"HwtZe\" lang=\"es\"><span class=\"jCAhz ChMk0b\"><span class=\"ryNqvb\">a trav\u00e9s de uno de nuestros <a href=\"https:\/\/consmaracaibo.esteri.it\/es\/chi-siamo\/la-rete-consolare\/\">Consulados Honorarios<\/a>;<\/span><\/span> <\/span><\/li>\n<li><span class=\"HwtZe\" lang=\"es\"><span class=\"jCAhz ChMk0b\"><span class=\"ryNqvb\">en persona en el Consulado, haciendo una cita para un pasaporte a trav\u00e9s del portal PRENOTAMI<\/span><\/span><\/span><\/li>\n<\/ul>\n<p><span class=\"HwtZe\" lang=\"es\"><span class=\"jCAhz ChMk0b\"><span class=\"ryNqvb\">No obstante, el Consulado podr\u00e1 solicitar, en casos espec\u00edficos, la presencia f\u00edsica de quienes ejerzan la patria potestad.<\/span><\/span><\/span><\/p>\n<p style=\"text-align: justify;\"><span class=\"HwtZe\" lang=\"es\"><span class=\"jCAhz ChMk0b\"><span class=\"ryNqvb\">Los padres o quienes ejerzan la patria potestad deber\u00e1n presentar una declaraci\u00f3n ante la autoridad encargada de la expedici\u00f3n del pasaporte (<strong>haga clic <a href=\"http:\/\/Los padres o quienes ejerzan la patria potestad deber\u00e1n presentar una declaraci\u00f3n ante la autoridad encargada de la expedici\u00f3n del pasaporte (haga clic aqu\u00ed para descargar el formulario de declaraci\u00f3n acompa\u00f1ado de menores), que suele ser aquella en la que resida el solicitante (Jefatura de Polic\u00eda o Consulado), en la que indican el nombre de la\/s persona\/s u organismo a quien se encomienda el menor, solicitando que la menci\u00f3n se haga constar en el pasaporte del menor o en un certificado separado.\"><span style=\"color: #0000ff;\">aqu\u00ed <\/span><\/a>para descargar el formulario de declaraci\u00f3n acompa\u00f1ado de menores<\/strong>), que suele ser aquella en la que resida el solicitante (Jefatura de Polic\u00eda o Consulado), en la que indican el nombre de la\/s persona\/s u organismo a quien se encomienda el menor, solicitando que la menci\u00f3n se haga constar en el pasaporte del menor o en un certificado separado.<\/span><\/span><\/span><\/p>\n<p style=\"text-align: justify;\"><span class=\"HwtZe\" lang=\"es\"><span class=\"jCAhz ChMk0b\"><span class=\"ryNqvb\">La declaraci\u00f3n normalmente es v\u00e1lida para un solo viaje (entendiendo por tal un viaje de ida y vuelta) fuera del pa\u00eds de residencia del menor de 14 a\u00f1os, con un destino espec\u00edfico.<\/span><\/span> <span class=\"jCAhz ChMk0b\"><span class=\"ryNqvb\">El plazo m\u00e1ximo de vigencia de la declaraci\u00f3n (dentro del cual debe incluirse la fecha de salida y regreso) es de 6 meses.\u00a0<\/span><\/span><\/span><span class=\"HwtZe\" lang=\"es\"> <span class=\"jCAhz ChMk0b\"><span class=\"ryNqvb\">En todo caso, la vigencia no podr\u00e1 exceder la fecha de vencimiento del pasaporte del menor.<\/span><\/span> <\/span><\/p>\n<p style=\"text-align: justify;\"><span class=\"HwtZe\" lang=\"es\"><span class=\"jCAhz ChMk0b\"><span class=\"ryNqvb\">En el caso de viajes que impliquen la traves\u00eda de diferentes pa\u00edses, corresponde a los padres o tutores, en funci\u00f3n de las modalidades del propio viaje, indicar solo el pa\u00eds de destino final o todos los pa\u00edses individuales visitados.<\/span><\/span> <\/span><\/p>\n<p style=\"text-align: justify;\"><span class=\"HwtZe\" lang=\"es\"><span class=\"jCAhz ChMk0b\"><span class=\"ryNqvb\">En el caso de asignaci\u00f3n a una instituci\u00f3n o empresa de transporte, no es posible mencionarlo en el pasaporte y solo se emitir\u00e1 el certificado.<\/span><\/span><\/span><\/p>\n<p style=\"text-align: justify;\"><span class=\"HwtZe\" lang=\"es\"> <span class=\"jCAhz ChMk0b\"><span class=\"ryNqvb\">La declaraci\u00f3n es gratuita.<\/span><\/span> <span class=\"jCAhz ChMk0b\"><span class=\"ryNqvb\">Cualquier costo de entrega a domicilio del certificado o pasaporte es responsabilidad de los solicitantes.<\/span><\/span><\/span><\/p>\n","protected":false},"excerpt":{"rendered":"En el caso de viajes al extranjero de menores de 14 a\u00f1os italianos (no acompa\u00f1ados por al menos uno de los dos padres o tutores), es necesario solicitar una menci\u00f3n en el pasaporte italiano o una declaraci\u00f3n adjunta. A la declaraci\u00f3n se deben adjuntar los siguientes documentos: copia del documento de identidad que el menor [&hellip;]","protected":false},"author":6,"featured_media":0,"parent":180,"menu_order":7,"comment_status":"closed","ping_status":"closed","template":"","meta":{"footnotes":""},"class_list":["post-798","page","type-page","status-publish","hentry"],"_links":{"self":[{"href":"https:\/\/consmaracaibo.esteri.it\/es\/wp-json\/wp\/v2\/pages\/798","targetHints":{"allow":["GET"]}}],"collection":[{"href":"https:\/\/consmaracaibo.esteri.it\/es\/wp-json\/wp\/v2\/pages"}],"about":[{"href":"https:\/\/consmaracaibo.esteri.it\/es\/wp-json\/wp\/v2\/types\/page"}],"author":[{"embeddable":true,"href":"https:\/\/consmaracaibo.esteri.it\/es\/wp-json\/wp\/v2\/users\/6"}],"replies":[{"embeddable":true,"href":"https:\/\/consmaracaibo.esteri.it\/es\/wp-json\/wp\/v2\/comments?post=798"}],"version-history":[{"count":4,"href":"https:\/\/consmaracaibo.esteri.it\/es\/wp-json\/wp\/v2\/pages\/798\/revisions"}],"predecessor-version":[{"id":3034,"href":"https:\/\/consmaracaibo.esteri.it\/es\/wp-json\/wp\/v2\/pages\/798\/revisions\/3034"}],"up":[{"embeddable":true,"href":"https:\/\/consmaracaibo.esteri.it\/es\/wp-json\/wp\/v2\/pages\/180"}],"wp:attachment":[{"href":"https:\/\/consmaracaibo.esteri.it\/es\/wp-json\/wp\/v2\/media?parent=798"}],"curies":[{"name":"wp","href":"https:\/\/api.w.org\/{rel}","templated":true}]}}