{"id":852,"date":"2023-08-01T14:37:16","date_gmt":"2023-08-01T18:37:16","guid":{"rendered":"https:\/\/consmaracaibo.esteri.it\/?page_id=852"},"modified":"2023-08-04T11:34:28","modified_gmt":"2023-08-04T15:34:28","slug":"ciudadania-por-matrimonio","status":"publish","type":"page","link":"https:\/\/consmaracaibo.esteri.it\/es\/servizi-consolari-e-visti\/servizi-per-il-cittadino-straniero\/cittadinanza\/ciudadania-por-matrimonio\/","title":{"rendered":"Ciudadan\u00eda por matrimonio"},"content":{"rendered":"<p style=\"text-align: justify;\"><span class=\"HwtZe\" lang=\"es\"><span class=\"jCAhz ChMk0b\"><span class=\"ryNqvb\">La adquisici\u00f3n de la ciudadan\u00eda por el c\u00f3nyuge extranjero o ap\u00e1trida de un ciudadano italiano se rige por los art\u00edculos<\/span><\/span> <span class=\"jCAhz ChMk0b\"><span class=\"ryNqvb\">5, 6, 7 y 8 de la ley 91\/92 y sucesivas modificaciones.<\/span><\/span><\/span><\/p>\n<p style=\"text-align: justify;\"><strong>ATENCI\u00d3N: La consignaci\u00f3n del acta de matrimonio ante una Oficina consular NO encamina el tr\u00e1mite de la ciudadan\u00eda por matrimonio.<\/strong><\/p>\n<p style=\"text-align: justify;\">Todas las actas de estado civil formadas en Venezuela, que se presentan a este Consulado, deben ser:<\/p>\n<ul>\n<li style=\"text-align: justify;\">copia fotost\u00e1tica del acta original, que debe contener la firma de los declarante y testigos, el sello y firma de la Autoritdad local.<\/li>\n<li style=\"text-align: justify;\">Las actas deben, adem\u00e1s, contar con Apostilla a nombre del titular del documento y traducci\u00f3n del idioma original al italiano.<\/li>\n<li style=\"text-align: justify;\">S\u00f3lo si el acta de estado civil contiene errores sumamente graves que impidan la identificaci\u00f3n de las personas mencionadas, ser\u00e1 necesario rectificar el documento, mediante nota marginal.<\/li>\n<\/ul>\n<p>&nbsp;<\/p>\n<ul>\n<li><a href=\"https:\/\/consmaracaibo.esteri.it\/es\/servizi-consolari-e-visti\/servizi-per-il-cittadino-straniero\/cittadinanza\/ciudadania-por-matrimonio\/ciudadania-por-matrimonio-celebrado-antes-del-27-04-1983\/\"><strong>Ciudadan\u00eda por matrimonio celebrado antes del 27.04.1983<\/strong><\/a><\/li>\n<li><a href=\"https:\/\/consmaracaibo.esteri.it\/es\/servizi-consolari-e-visti\/servizi-per-il-cittadino-straniero\/cittadinanza\/ciudadania-por-matrimonio\/instancia-de-ciudadania-por-matrimonio-celebrado-despues-del-27-04-1983\/\"><strong>Solicitud de ciudadan\u00eda por matrimonio celebrado despu\u00e9s del 27.04.1983 <\/strong><\/a><\/li>\n<li><a href=\"https:\/\/consmaracaibo.esteri.it\/es\/servizi-consolari-e-visti\/servizi-per-il-cittadino-straniero\/cittadinanza\/ciudadania-por-matrimonio\/juramento\/\"><strong>Juramentaci\u00f3n<\/strong><\/a><\/li>\n<\/ul>\n","protected":false},"excerpt":{"rendered":"La adquisici\u00f3n de la ciudadan\u00eda por el c\u00f3nyuge extranjero o ap\u00e1trida de un ciudadano italiano se rige por los art\u00edculos 5, 6, 7 y 8 de la ley 91\/92 y sucesivas modificaciones. ATENCI\u00d3N: La consignaci\u00f3n del acta de matrimonio ante una Oficina consular NO encamina el tr\u00e1mite de la ciudadan\u00eda por matrimonio. Todas las actas [&hellip;]","protected":false},"author":6,"featured_media":0,"parent":207,"menu_order":6,"comment_status":"closed","ping_status":"closed","template":"","meta":{"footnotes":""},"class_list":["post-852","page","type-page","status-publish","hentry"],"_links":{"self":[{"href":"https:\/\/consmaracaibo.esteri.it\/es\/wp-json\/wp\/v2\/pages\/852","targetHints":{"allow":["GET"]}}],"collection":[{"href":"https:\/\/consmaracaibo.esteri.it\/es\/wp-json\/wp\/v2\/pages"}],"about":[{"href":"https:\/\/consmaracaibo.esteri.it\/es\/wp-json\/wp\/v2\/types\/page"}],"author":[{"embeddable":true,"href":"https:\/\/consmaracaibo.esteri.it\/es\/wp-json\/wp\/v2\/users\/6"}],"replies":[{"embeddable":true,"href":"https:\/\/consmaracaibo.esteri.it\/es\/wp-json\/wp\/v2\/comments?post=852"}],"version-history":[{"count":4,"href":"https:\/\/consmaracaibo.esteri.it\/es\/wp-json\/wp\/v2\/pages\/852\/revisions"}],"predecessor-version":[{"id":945,"href":"https:\/\/consmaracaibo.esteri.it\/es\/wp-json\/wp\/v2\/pages\/852\/revisions\/945"}],"up":[{"embeddable":true,"href":"https:\/\/consmaracaibo.esteri.it\/es\/wp-json\/wp\/v2\/pages\/207"}],"wp:attachment":[{"href":"https:\/\/consmaracaibo.esteri.it\/es\/wp-json\/wp\/v2\/media?parent=852"}],"curies":[{"name":"wp","href":"https:\/\/api.w.org\/{rel}","templated":true}]}}