{"id":863,"date":"2023-08-01T14:56:08","date_gmt":"2023-08-01T18:56:08","guid":{"rendered":"https:\/\/consmaracaibo.esteri.it\/?page_id=863"},"modified":"2025-12-16T12:41:52","modified_gmt":"2025-12-16T16:41:52","slug":"ciudadania-por-matrimonio-celebrado-antes-del-27-04-1983","status":"publish","type":"page","link":"https:\/\/consmaracaibo.esteri.it\/es\/servizi-consolari-e-visti\/servizi-per-il-cittadino-straniero\/cittadinanza\/ciudadania-por-matrimonio\/ciudadania-por-matrimonio-celebrado-antes-del-27-04-1983\/","title":{"rendered":"Ciudadan\u00eda por matrimonio celebrado antes del 27.04.1983"},"content":{"rendered":"<p>Las mujeres extranjeras que hayan contra\u00eddo matrimonio con un ciudadano italiano antes de la fecha 27.04.1983 adquieren autom\u00e1ticamente la ciudadan\u00eda en virtud de la Ley n. 123\/1983.<\/p>\n<p><strong>Los hombres NO adquieren la ciudadan\u00eda por matrimonio autom\u00e1ticamente y deben seguir el procedimiento del art. 5 de la ley 91\/92.<\/strong><\/p>\n<p style=\"text-align: justify;\">El solicitante debe ser residente en nuestra jurisdicci\u00f3n consular.<\/p>\n<p style=\"text-align: justify;\"><span style=\"text-decoration: underline;\">Para formalizar la ciudadan\u00eda deber\u00e1n presentar la siguiente documentaci\u00f3n:<\/span><\/p>\n<ol>\n<li style=\"text-align: justify;\"><a href=\"https:\/\/consmaracaibo.esteri.it\/wp-content\/uploads\/2023\/08\/MODULO-ISTANZA-NUOVO.pdf\">Formulario de solicitud de ciudadan\u00eda \u00abjure matrimonii\u00bb<\/a>, debidamente cumplimentado y firmado.<\/li>\n<li>Extracto original del certificado de matrimonio, emitido por el Comune de transcripci\u00f3n.<\/li>\n<li>Copia de la c\u00e9dula venezolana de la solicitante o del pa\u00eds de origen<\/li>\n<li>Copia del pasaporte venezolano de la solicitante o del pa\u00eds de origen<\/li>\n<li>Acta de nacimiento debidamente legalizada, apostillada y traducida. La escritura debe ser una copia emitida por la Oficina de Registro y llevar las firmas de: la persona que registra el nacimiento, los testigos y el registrador. NO se aceptar\u00e1n certificados que carezcan de los requisitos esenciales.<\/li>\n<li><strong>R.I.F.<\/strong> original y actualizado<\/li>\n<li style=\"text-align: justify;\"><strong>Constancia de residencia<\/strong> original emitida por el CNE, firmada y sellada por la Prefectura.<\/li>\n<li>El d\u00eda de la consignaci\u00f3n de los documentos antes mencionados, ser\u00e1 necesario pagar en el Consulado, con tarjeta de d\u00e9bito <strong>art. 7bis de la Tarifa Consular (ver tabla Tarifas Consulares)<\/strong><\/li>\n<\/ol>\n<p>Para solicitar una cita escriba a:<a href=\"mailto:visti.maracaibo@esteri.it\"> visti.maracaibo@esteri.it<\/a><\/p>\n","protected":false},"excerpt":{"rendered":"Las mujeres extranjeras que hayan contra\u00eddo matrimonio con un ciudadano italiano antes de la fecha 27.04.1983 adquieren autom\u00e1ticamente la ciudadan\u00eda en virtud de la Ley n. 123\/1983. Los hombres NO adquieren la ciudadan\u00eda por matrimonio autom\u00e1ticamente y deben seguir el procedimiento del art. 5 de la ley 91\/92. El solicitante debe ser residente en nuestra [&hellip;]","protected":false},"author":6,"featured_media":0,"parent":852,"menu_order":2,"comment_status":"closed","ping_status":"closed","template":"","meta":{"footnotes":""},"class_list":["post-863","page","type-page","status-publish","hentry"],"_links":{"self":[{"href":"https:\/\/consmaracaibo.esteri.it\/es\/wp-json\/wp\/v2\/pages\/863","targetHints":{"allow":["GET"]}}],"collection":[{"href":"https:\/\/consmaracaibo.esteri.it\/es\/wp-json\/wp\/v2\/pages"}],"about":[{"href":"https:\/\/consmaracaibo.esteri.it\/es\/wp-json\/wp\/v2\/types\/page"}],"author":[{"embeddable":true,"href":"https:\/\/consmaracaibo.esteri.it\/es\/wp-json\/wp\/v2\/users\/6"}],"replies":[{"embeddable":true,"href":"https:\/\/consmaracaibo.esteri.it\/es\/wp-json\/wp\/v2\/comments?post=863"}],"version-history":[{"count":6,"href":"https:\/\/consmaracaibo.esteri.it\/es\/wp-json\/wp\/v2\/pages\/863\/revisions"}],"predecessor-version":[{"id":3070,"href":"https:\/\/consmaracaibo.esteri.it\/es\/wp-json\/wp\/v2\/pages\/863\/revisions\/3070"}],"up":[{"embeddable":true,"href":"https:\/\/consmaracaibo.esteri.it\/es\/wp-json\/wp\/v2\/pages\/852"}],"wp:attachment":[{"href":"https:\/\/consmaracaibo.esteri.it\/es\/wp-json\/wp\/v2\/media?parent=863"}],"curies":[{"name":"wp","href":"https:\/\/api.w.org\/{rel}","templated":true}]}}