{"id":924,"date":"2023-08-01T15:00:05","date_gmt":"2023-08-01T19:00:05","guid":{"rendered":"https:\/\/consmaracaibo.esteri.it\/?page_id=924"},"modified":"2026-03-04T09:36:53","modified_gmt":"2026-03-04T13:36:53","slug":"instancia-de-ciudadania-por-matrimonio-celebrado-despues-del-27-04-1983","status":"publish","type":"page","link":"https:\/\/consmaracaibo.esteri.it\/es\/servizi-consolari-e-visti\/servizi-per-il-cittadino-straniero\/cittadinanza\/ciudadania-por-matrimonio\/instancia-de-ciudadania-por-matrimonio-celebrado-despues-del-27-04-1983\/","title":{"rendered":"Instancia de ciudadan\u00eda por matrimonio celebrado despu\u00e9s del 27.04.1983"},"content":{"rendered":"<p style=\"text-align: justify;\">Las solicitudes de ciudadan\u00eda por matrimonio se tramita directamente a trav\u00e9s de la p\u00e1gina web del \u201cMinistero dell\u2019Interno\u201d italiano:<\/p>\n<p style=\"text-align: justify;\"><a href=\"https:\/\/portaleservizi.dlci.interno.it\/AliCittadinanza\/ali\/home.htm\">Portale Servizi &#8211; Ali Cittadinanza (interno.it)<\/a><\/p>\n<p style=\"text-align: justify;\"><strong><u>I.- REQUISITOS<\/u><\/strong><strong>:<\/strong><\/p>\n<ol style=\"text-align: justify;\">\n<li>El c\u00f3nyuge italiano debe estar regularmente registrado en el \u201cAIRE\u201d (Registro Consular) es decir debe ser residente en la circunscripci\u00f3n de este Consulado de Italia en Maracaibo (consultar nuestra p\u00e1gina web la secci\u00f3n \u201cLa red Consular\u201d).<\/li>\n<li>Los c\u00f3nyuges deben ser residentes en la circunscripci\u00f3n consular de Maracaibo.<\/li>\n<li>Deben haber transcurrido tres (3) a\u00f1os a partir de la fecha del matrimonio (este t\u00e9rmino se reduce a la mitad en presencia de hijos menores de tres (3) a\u00f1os de edad nacidos o adoptados por los c\u00f3nyuges).<\/li>\n<li>El acta de matrimonio debe haber sido ya registrada en el Comune italiano de referencia.<\/li>\n<li>El v\u00ednculo matrimonial debe existir en el momento de la presentaci\u00f3n de la solicitud y hasta la juramentaci\u00f3n que podr\u00e1 ser efectuada \u00fanicamente despu\u00e9s de la emisi\u00f3n del Decreto de Naturalizaci\u00f3n emanado por el \u201cMinistero dell\u2019Interno\u201d correspondiente a la concesi\u00f3n de la ciudadan\u00eda italiana. La separaci\u00f3n legal y\/o de hecho, el divorcio o cualquier otro tipo de disoluci\u00f3n, anulaci\u00f3n o cesaci\u00f3n de los efectos civiles del matrimonio e inclusive el fallecimiento del c\u00f3nyuge italiano precluyen la posibilidad de solicitar y obtener la ciudadan\u00eda italiana por matrimonio.<\/li>\n<li>El solicitante debe poseer un adecuado conocimiento del idioma italiano para poder presentar la solicitud (nivel B1 QCER), esta disposici\u00f3n est\u00e1 vigente desde el 04.12.2018 seg\u00fan decreto ley del 04.10.2018, n. 113, convertido en ley, con modificaciones del art. 1, coma 1, ley del 1\u00ba de diciembre de 2018, n. 132 (modificaciones en materia de ciudadan\u00eda).<\/li>\n<\/ol>\n<p style=\"text-align: justify;\">Para demostrar el conocimiento del idioma, los interesados deben poseer al momento de la solicitud o presentaci\u00f3n de la instancia un certificado de t\u00edtulo de estudio emitido por un instituto de educaci\u00f3n p\u00fablica o privada semejante en Italia o en el extranjero, reconocido por el \u201cMinistero dell\u2019Istruzione, dell\u2019Universit\u00e0 e della Ricerca\u201d y del \u201cMinistero degli Affari Esteri e della Cooperazione Internazionale\u201d.<\/p>\n<p style=\"text-align: justify;\">En alternativa los solicitantes deben presentar un certificado de estudio del idioma italiano nivel B1 QCER, emitido por uno de los cuatro (4) entes certificadores reconocidos por los Ministerios antes mencionados, los mismos son: \u201cl\u2019Universit\u00e0 per gli Stranieri di Perugia, l\u2019Universit\u00e0 degli Stranieri di Siena, l\u2019Universit\u00e0 di Roma Tre\u201d y la \u201cSociet\u00e1 Dante Alighieri\u201d y de la red nacional e internacional de institutos y entes que pueden ser ubicados en las informaciones publicadas por los arriba mencionados entes certificadores.<\/p>\n<p style=\"text-align: justify;\"><strong><u>II. DOCUMENTACION REQUERIDA<\/u><\/strong><u>:<\/u><\/p>\n<ol>\n<li style=\"text-align: justify;\"><strong>Acta de nacimiento original (*)<\/strong> debidamente traducida <strong>(**)<\/strong> al idioma italiano, legalizada y Apostillada emitida por el Registro principal, debe contener las firmas del registrador, testigos y del presentante. NO se aceptar\u00e1n certificados que no cumplan con estos requisitos.<\/li>\n<li style=\"text-align: justify;\"><strong>Antecedentes penales: (*)<\/strong>. <strong>a) Del Pa\u00eds de origen o nacimiento<\/strong> (con 6 meses de validez a partir de la fecha de expedici\u00f3n) debidamente traducidos al idioma italiano, legalizados y Apostillados. <strong>(**). b) De los Pa\u00edses donde haya tenido residencia<\/strong> (con 6 meses de validez a partir de la fecha de expedici\u00f3n) a partir de los catorce (14) a\u00f1os de edad, debidamente traducidos al idioma italiano, legalizados y Apostillados.<strong> c) Del Pa\u00eds del cual se posea otra nacionalidad<\/strong> (con 6 meses de validez a partir de la fecha de su expedici\u00f3n), debidamente traducidos al idioma italiano, legalizados y Apostillados. <strong>d) Los solicitantes que hayan residido en los Estados Unidos de Am\u00e9rica<\/strong> deber\u00e1n presentar los antecedentes penales Estadales y los antecedentes penales Federales (emitidos por el FBI) debidamente traducidos, legalizados y Apostillados. (Consultar la p\u00e1gina web del Consulado de Italia correspondiente).<\/li>\n<li style=\"text-align: justify;\"><strong>\u201dEstratto per riassunto dell\u2019atto di matrimonio\u201d<\/strong> (con 6 meses de validez a partir de la fecha de expedici\u00f3n) original, emitido por el Comune competente.<\/li>\n<li style=\"text-align: justify;\"><strong>Documento de identidad:<\/strong> original y copia de todas las p\u00e1ginas del <strong>pasaporte venezolano<\/strong> vigente y de la <strong>c\u00e9dula de identidad<\/strong>, venezolana o extranjera, que indique el estado civil <strong>\u201cCASADO\/A\u201d<\/strong>. <strong>La c\u00e9dula de identidad del c\u00f3nyuge italiano debe indicar tambi\u00e9n el estado civil CASADO\/A.<\/strong><\/li>\n<li style=\"text-align: justify;\"><strong>T\u00edtulo de estudio o certificado del dominio del idioma italiano<\/strong>, como se\u00f1alado en el punto 6 de los requisitos arriba mencionados.<\/li>\n<li style=\"text-align: justify;\"><strong>Constancia de residenza de ambos c\u00f3nyuges (con 6 meses de validez a partir de la fecha de expedici\u00f3n) original emitida por el Consejo Comunal, firmada y sellada.<\/strong><\/li>\n<li><strong>Comprobante de transferencia de 250 euros<\/strong> a pagar mediante transferencia bancaria a la cuenta del Ministero dell\u2019Interno:<\/li>\n<\/ol>\n<ul>\n<li><strong>Cuenta corriente postal:<\/strong> Ministero dell\u2019Interno D.C.L.I. \u2013 Cittadinanza<\/li>\n<li><strong>Causal del deposito:<\/strong> nombre y apellido del solicitante \u2013 Istanza di Cittadinanza per matrimonio.<\/li>\n<\/ul>\n<p style=\"text-align: center;\"><strong>Ejemplo.: Jos\u00e9 P\u00e9rez \u2013 Istanza cittadinanza per matrimonio.<\/strong><\/p>\n<ul>\n<li><strong>Direcci\u00f3n:<\/strong> Piazzale del Viminale, 00184 \u2013 ROMA \u2022 C\u00f3digo IBAN (de 27 digitos): IT54D0760103200000000809020<\/li>\n<li><strong>C\u00f3digo BIC\/SWIFT de Poste Italiane:<\/strong><\/li>\n<li><strong>Para transferencias en el exterior:<\/strong> BPPIITRRXXX<\/li>\n<li><strong>Para transferencias EUROGIRO:<\/strong> BIPPITRA<\/li>\n<\/ul>\n<p style=\"text-align: justify;\"><strong>(*)<\/strong> Partidas de nacimiento y antecedentes penales emitidos fuera del territorio venezolano deben ser legalizadas seg\u00fan las modalidades previstas en el Pa\u00eds de emisi\u00f3n. Dirigirse al Consulado italiano competente territorialmente.<\/p>\n<p style=\"text-align: justify;\"><strong>(**)<\/strong> Actas de nacimiento y antecedentes penales deber\u00e1n ser presentados con traducci\u00f3n al italiano. La traducci\u00f3n puede ser efectuada por un traductor jurado con firma depositada (consultar nuestra p\u00e1gina web) o ser certificada por el Consulado. En el primer caso se deber\u00e1 cancelar la tarifa consular correspondiente al Art. 69 para la legalizaci\u00f3n de la firma del traductor; en segundo caso se deber\u00e1 cancelar la tarifa consular correspondiente al Art. 72A de las tarifas consulares por hoja.<\/p>\n<p style=\"text-align: justify;\"><strong>III. EL PROCEDIMENTO SE COMPONE DE CUATRO FASES:<\/strong><\/p>\n<p style=\"text-align: justify;\"><span style=\"text-decoration: underline;\"><strong>PRIMERA FASE: <\/strong><\/span><\/p>\n<ul>\n<li style=\"text-align: justify;\"><strong><u>Enviar un correo electr\u00f3nico a maracaibo.cittadinanza@esteri.it para fijar una CITA antes de registrarse en la p\u00e1gina web del \u201c Ministero dell\u2019interno\u201d italiano.<\/u><\/strong><\/li>\n<li style=\"text-align: justify;\">A la cita fijada se deber\u00e1 acudir JUNTO CON EL CONYUGE ITALIANO para presentar toda la documentaci\u00f3n requerida (ver \u201cdocumentaci\u00f3n requerida\u201d) adem\u00e1s fotocopia del pasaporte italiano , c\u00e9dula de identidad, carta de residencia y r.i.f. del Conyuge italiano.<\/li>\n<li style=\"text-align: justify;\">La documentaci\u00f3n deber\u00e1 estar completa, vigente y sin errores, de lo contrario el interesado tendr\u00e1 que pedir otra cita.<\/li>\n<li style=\"text-align: justify;\">Se deber\u00e1 cancelar los art. 8, 24, 69, 71, 72A, de las <a href=\"https:\/\/consmaracaibo.esteri.it\/es\/servizi-consolari-e-visti\/servizi-per-il-cittadino-italiano\/altri-servizi\/tariffe-consolare\/\"><span style=\"color: #0000ff;\"><strong><u>Tarifas Consulares<\/u><\/strong><\/span><\/a>, para la legalizaci\u00f3n y certificaci\u00f3n de cada una de las traducciones presentadas, copias conforme al pasaporte venezolano y certificado del idioma italiano, autentica de firma en la solicitud.<\/li>\n<\/ul>\n<p style=\"text-align: justify;\"><span style=\"text-decoration: underline;\"><strong>SEGUNDA FASE: <\/strong><\/span><\/p>\n<p style=\"text-align: justify;\">Registrarse en la p\u00e1gina web del Ministero dell\u2019Interno:\u00a0<a href=\"https:\/\/portaleservizi.dlci.interno.it\/AliCittadinanza\/ali\/home.htm\">https:\/\/portaleservizi.dlci.interno.it\/AliCittadinanza\/ali\/home.htm<\/a><\/p>\n<ul style=\"text-align: justify;\">\n<li>Rellenar la planilla de solicitud on line<\/li>\n<li>Nombre\/s, y apellido\/s (completos como salen en c\u00e9dula y pasaporte venezolano), lugar y fecha de nacimiento, como indicados en la partida de nacimiento.<\/li>\n<li>Direcci\u00f3n de residencia debe coincidir con la que se encuentra registrada en el Sistema de \u00e9ste Consulado;<\/li>\n<li>Cargar la documentaci\u00f3n (DOCUMENTACION REQUERIDA) en el exacto orden en que se indique en el sistema.<\/li>\n<li>El sistema generar\u00e1 un recibo de env\u00edo.<\/li>\n<li>La solicitud ser\u00e1 analizada y el solicitante recibir\u00e1 a trav\u00e9s del portal del Ministero dell\u2019Interno, a la direcci\u00f3n de correo electr\u00f3nico que habr\u00e1 indicado en la solicitud, una comunicaci\u00f3n de aceptaci\u00f3n o rechazo.<\/li>\n<li>Si la solicitud es aceptada con la asignaci\u00f3n del c\u00f3digo K10\/C\/. . , deber\u00e1 presentarse al Consulado previa cita (en este caso no ser\u00e1 necesaria la presencia del c\u00f3nyuge italiano) para consignar toda la documentaci\u00f3n en <strong> La planilla de la solicitud<\/strong> generada por el portal del Ministero dell\u2019Interno debe ser firmada frente al funcionario consular.<\/li>\n<\/ul>\n<p style=\"text-align: justify;\"><strong>NOTA IMPORTANTE: Se ruega a los solicitantes registrase y colocar todos los datos requeridos, escaneando y cargando la documentaci\u00f3n de manera correcta. En caso contrario la solicitud ser\u00e1 rechazada.\u00a0 En este caso deber\u00e1 iniciar nuevamente el proceso desde el principio con el riesgo de que los antecedentes penales puedan llegar a expirar.<\/strong><\/p>\n<p style=\"text-align: justify;\"><span style=\"text-decoration: underline;\"><strong>TERCERA FASE: <\/strong><\/span><\/p>\n<p style=\"text-align: justify;\">EL Consulado de Italia en Maracaibo enviar\u00e1 posteriormente la documentaci\u00f3n al Ministerio del Interior de Roma, que es la autoridad competente para instruir el expediente. Al final del proceso:\u00a0 24 meses a partir de la fecha de presentaci\u00f3n de la solicitud prorrogables hasta un m\u00e1ximo de 36 meses; \u00a0se notificar\u00e1 el Decreto de Naturalizaci\u00f3n que concede la ciudadan\u00eda, a la direcci\u00f3n indicada por el solicitante.<\/p>\n<p style=\"text-align: justify;\">Se recomienda por lo tanto, comunicar inmediatamente cualquier cambio de domicilio y\/o pa\u00eds de residencia, como tambi\u00e9n n\u00famero de tel\u00e9fono o <strong>direcci\u00f3n de correo electr\u00f3nico<\/strong>, ya que \u00e9sta ser\u00e1 la \u00fanica manera de poder contactarlos.<\/p>\n<p style=\"text-align: justify;\">Asimismo, con el n\u00famero identificativo (K10\/C\u2026.) el solicitante podr\u00e1 consultar el estatus de su solicitud <strong>a trav\u00e9s del portal del \u201cMinistero dell\u2019Interno\u201d <\/strong>y a lo largo de todo el proceso que concluir\u00e1 con la emisi\u00f3n de un Decreto de Naturalizaci\u00f3n de concesi\u00f3n de ciudadan\u00eda italiana.<\/p>\n<p><span style=\"text-decoration: underline;\"><strong>CUARTA FASE: <\/strong><\/span><\/p>\n<p><a href=\"https:\/\/consmaracaibo.esteri.it\/es\/servizi-consolari-e-visti\/servizi-per-il-cittadino-straniero\/cittadinanza\/ciudadania-por-matrimonio\/juramento\/\"><strong>JURAMENTACION<\/strong><\/a><\/p>\n","protected":false},"excerpt":{"rendered":"Las solicitudes de ciudadan\u00eda por matrimonio se tramita directamente a trav\u00e9s de la p\u00e1gina web del \u201cMinistero dell\u2019Interno\u201d italiano: Portale Servizi &#8211; Ali Cittadinanza (interno.it) I.- REQUISITOS: El c\u00f3nyuge italiano debe estar regularmente registrado en el \u201cAIRE\u201d (Registro Consular) es decir debe ser residente en la circunscripci\u00f3n de este Consulado de Italia en Maracaibo (consultar [&hellip;]","protected":false},"author":6,"featured_media":0,"parent":852,"menu_order":4,"comment_status":"closed","ping_status":"closed","template":"","meta":{"footnotes":""},"class_list":["post-924","page","type-page","status-publish","hentry"],"_links":{"self":[{"href":"https:\/\/consmaracaibo.esteri.it\/es\/wp-json\/wp\/v2\/pages\/924","targetHints":{"allow":["GET"]}}],"collection":[{"href":"https:\/\/consmaracaibo.esteri.it\/es\/wp-json\/wp\/v2\/pages"}],"about":[{"href":"https:\/\/consmaracaibo.esteri.it\/es\/wp-json\/wp\/v2\/types\/page"}],"author":[{"embeddable":true,"href":"https:\/\/consmaracaibo.esteri.it\/es\/wp-json\/wp\/v2\/users\/6"}],"replies":[{"embeddable":true,"href":"https:\/\/consmaracaibo.esteri.it\/es\/wp-json\/wp\/v2\/comments?post=924"}],"version-history":[{"count":6,"href":"https:\/\/consmaracaibo.esteri.it\/es\/wp-json\/wp\/v2\/pages\/924\/revisions"}],"predecessor-version":[{"id":3463,"href":"https:\/\/consmaracaibo.esteri.it\/es\/wp-json\/wp\/v2\/pages\/924\/revisions\/3463"}],"up":[{"embeddable":true,"href":"https:\/\/consmaracaibo.esteri.it\/es\/wp-json\/wp\/v2\/pages\/852"}],"wp:attachment":[{"href":"https:\/\/consmaracaibo.esteri.it\/es\/wp-json\/wp\/v2\/media?parent=924"}],"curies":[{"name":"wp","href":"https:\/\/api.w.org\/{rel}","templated":true}]}}