{"id":940,"date":"2023-08-04T11:24:16","date_gmt":"2023-08-04T15:24:16","guid":{"rendered":"https:\/\/consmaracaibo.esteri.it\/?page_id=940"},"modified":"2025-01-21T14:02:03","modified_gmt":"2025-01-21T18:02:03","slug":"juramento","status":"publish","type":"page","link":"https:\/\/consmaracaibo.esteri.it\/es\/servizi-consolari-e-visti\/servizi-per-il-cittadino-straniero\/cittadinanza\/ciudadania-por-matrimonio\/juramento\/","title":{"rendered":"Juramento"},"content":{"rendered":"<p style=\"text-align: justify;\">Para concluir el proceso de concesi\u00f3n de la ciudadan\u00eda por matrimonio, el solicitante deber\u00e1 prestar juramento dentro de los seis (6) meses siguientes a la notificaci\u00f3n del Decreto emitido por el \u201cMinistero dell\u2019Interno\u201d.<\/p>\n<p style=\"text-align: justify;\">Dicha notificaci\u00f3n y Decreto ser\u00e1n enviados por el Consulado de Italia en Maracaibo a trav\u00e9s comunicaci\u00f3n del CIVES,\u00a0 en la cual se indicar\u00e1n las instrucciones a seguir.<\/p>\n<p style=\"text-align: justify;\">El d\u00eda del acto deber\u00e1 presentarse\u00a0<strong>junto con el c\u00f3nyuge italiano<\/strong>\u00a0y con la siguiente documentaci\u00f3n:<\/p>\n<ol style=\"text-align: justify;\">\n<li>Acta de\u00a0 matrimonio actualizada legalizada y traducida, emitida por el registro principal de Venezuela o del pa\u00eds de celebraci\u00f3n del matrimonio.<\/li>\n<li>Antecedentes penales actualizado:\u00a0<strong>Del pa\u00eds de origen o nacimiento\u00a0<\/strong>debidamente traducidos al idioma italiano por\u00a0<a href=\"https:\/\/consmaracaibo.esteri.it\/es\/servizi-consolari-e-visti\/servizi-per-il-cittadino-italiano\/altri-servizi\/planillas-y-listados\/\">Traductores Oficiales,<\/a> legalizados y Apostillados.<\/li>\n<li>Original y fotocopia de las c\u00e9dulas de identidad del solicitante y del c\u00f3nyuge. Ambas c\u00e9dulas deben reportar el estado civil de\u00a0<strong>casado\/a.<\/strong><\/li>\n<li>Original y fotocopia del pasaporte venezolano del solicitante y pasaporte italiano del c\u00f3nyuge.<\/li>\n<li>Copia integral del acta de matrimonio emitida por el Comune en Italia con fecha posterior a la notificaci\u00f3n.<\/li>\n<li>Carta de Residencia de ambos c\u00f3nyuges expedida por el CNE sellada y firmada por la Prefectura competente.<\/li>\n<li><a href=\"https:\/\/consmaracaibo.esteri.it\/wp-content\/uploads\/2025\/01\/ISTANZA-per-rendere-giuramento.pdf\"><strong>Istanza <\/strong><\/a>(descargar y completar). Se deber\u00e1 cancelar un arancel correspondiente\u00a0 al art.8 (en taquilla)<\/li>\n<li><a href=\"https:\/\/consmaracaibo.esteri.it\/wp-content\/uploads\/2023\/08\/Scheda-di-rilevazione-anagrafe-per-iscrizione_opt.pdf\"><strong>Iscrizione AIRE<\/strong><\/a> (descargar y completar).<\/li>\n<li><a href=\"https:\/\/consmaracaibo.esteri.it\/wp-content\/uploads\/2024\/06\/DICHIARAZIONE-SOSTITUTIVA-ARTT-46-E-47-MODULO-GIURAMENTO.pdf\"><strong>Declaracion Jurada <\/strong><\/a>(descargar y completar).<\/li>\n<\/ol>\n<p style=\"text-align: justify;\">Los efectos del juramento es decir, la adquisici\u00f3n de la ciudadan\u00eda italiana se har\u00e1 efectiva a partir de las 24 horas.<\/p>\n","protected":false},"excerpt":{"rendered":"Para concluir el proceso de concesi\u00f3n de la ciudadan\u00eda por matrimonio, el solicitante deber\u00e1 prestar juramento dentro de los seis (6) meses siguientes a la notificaci\u00f3n del Decreto emitido por el \u201cMinistero dell\u2019Interno\u201d. Dicha notificaci\u00f3n y Decreto ser\u00e1n enviados por el Consulado de Italia en Maracaibo a trav\u00e9s comunicaci\u00f3n del CIVES,\u00a0 en la cual se [&hellip;]","protected":false},"author":6,"featured_media":0,"parent":852,"menu_order":6,"comment_status":"closed","ping_status":"closed","template":"","meta":{"footnotes":""},"class_list":["post-940","page","type-page","status-publish","hentry"],"_links":{"self":[{"href":"https:\/\/consmaracaibo.esteri.it\/es\/wp-json\/wp\/v2\/pages\/940","targetHints":{"allow":["GET"]}}],"collection":[{"href":"https:\/\/consmaracaibo.esteri.it\/es\/wp-json\/wp\/v2\/pages"}],"about":[{"href":"https:\/\/consmaracaibo.esteri.it\/es\/wp-json\/wp\/v2\/types\/page"}],"author":[{"embeddable":true,"href":"https:\/\/consmaracaibo.esteri.it\/es\/wp-json\/wp\/v2\/users\/6"}],"replies":[{"embeddable":true,"href":"https:\/\/consmaracaibo.esteri.it\/es\/wp-json\/wp\/v2\/comments?post=940"}],"version-history":[{"count":7,"href":"https:\/\/consmaracaibo.esteri.it\/es\/wp-json\/wp\/v2\/pages\/940\/revisions"}],"predecessor-version":[{"id":2214,"href":"https:\/\/consmaracaibo.esteri.it\/es\/wp-json\/wp\/v2\/pages\/940\/revisions\/2214"}],"up":[{"embeddable":true,"href":"https:\/\/consmaracaibo.esteri.it\/es\/wp-json\/wp\/v2\/pages\/852"}],"wp:attachment":[{"href":"https:\/\/consmaracaibo.esteri.it\/es\/wp-json\/wp\/v2\/media?parent=940"}],"curies":[{"name":"wp","href":"https:\/\/api.w.org\/{rel}","templated":true}]}}