{"id":1197,"date":"2023-10-09T14:14:50","date_gmt":"2023-10-09T18:14:50","guid":{"rendered":"https:\/\/consmaracaibo.esteri.it\/?page_id=1197"},"modified":"2025-05-28T12:52:48","modified_gmt":"2025-05-28T16:52:48","slug":"carta-didentita-elettronica-c-i-e","status":"publish","type":"page","link":"https:\/\/consmaracaibo.esteri.it\/it\/servizi-consolari-e-visti\/servizi-per-il-cittadino-italiano\/passaporti-e-carte-didentita\/carta-didentita-elettronica-c-i-e\/","title":{"rendered":"Carta d\u2019Identit\u00e0 Elettronica \u2013 C.I.E."},"content":{"rendered":"<p style=\"text-align: justify;\">Il Consolato d\u2019Italia a Maracaibo ha avviato in fase sperimentale il rilascio della <b>carta d\u2019identit\u00e0 elettronica (CIE).<\/b><\/p>\n<p style=\"text-align: justify;\"><strong>Come si richiede la carta d\u2019identit\u00e0 elettronica (CIE)?<\/strong><\/p>\n<p style=\"text-align: justify;\">L\u2019appuntamento per fare richiesta della carta d\u2019identit\u00e0 elettronica deve essere tramite il portale\u00a0<strong><a href=\"https:\/\/prenotami.esteri.it\/\">Prenot@MI.<\/a><\/strong><\/p>\n<p style=\"text-align: justify;\"><strong>Che cos\u2019\u00e8 la carta d\u2019identit\u00e0 elettronica (CIE)?<\/strong><\/p>\n<p style=\"text-align: justify;\">La CIE \u00e8 documento personale di riconoscimento valido per identificarsi e circolare nell\u2019Unione Europea, in alcuni Stati aderenti all\u2019accordo di Schengen (ad es. Islanda, Norvegia e Svizzera) e in altri Stati con cui sono stati raggiunti accordi bilaterali (vedasi le singole \u201cschede Paese\u201d sul sito <a href=\"http:\/\/www.viaggiaresicuri.it\">www.viaggiaresicuri.it<\/a>).<\/p>\n<p style=\"text-align: justify;\"><strong><u>\u00a0<\/u><\/strong><strong><u>La CIE NON pu\u00f2 essere utilizzata per uscire dal Venezuela<\/u><\/strong>.<\/p>\n<p style=\"text-align: justify;\"><strong>\u00a0<\/strong><strong>A chi pu\u00f2 essere rilasciata la carta d\u2019identit\u00e0 elettronica?<\/strong><\/p>\n<p style=\"text-align: justify;\">Ai fini dell\u2019emissione della CIE \u00e8 indispensabile che il richiedente:<\/p>\n<ul style=\"text-align: justify;\">\n<li>sia cittadino italiano regolarmente residente nella circoscrizione consolare di Maracaibo;<\/li>\n<li>sia iscritto all\u2019AIRE e il suo nominativo inserito nell\u2019apposito applicativo da parte del comune italiano di riferimento;<\/li>\n<li>abbia l\u2019atto di nascita trascritto in Italia, in quanto gli estremi della trascrizione devono essere riportati sulla CIE;<\/li>\n<li>abbia aggiornato la sua posizione negli schedari consolari nel caso di cambio d\u2019indirizzo, variazione dello stato civile o nascita di figli.<\/li>\n<\/ul>\n<p style=\"text-align: justify;\">In questo casi si dovr\u00e0 prendere contatto con i servizi competenti (anagrafe o stato civile) prima di richiedere un appuntamento per la carta d\u2019identit\u00e0.<\/p>\n<p style=\"text-align: justify;\"><strong>\u00a0<\/strong><strong>Come mi registro all\u2019 AIRE?<\/strong><\/p>\n<p style=\"text-align: justify;\">L\u2019iscrizione all\u2019A.I.R.E. deve essere effettuata unicamente attraverso il portale\u00a0<a href=\"https:\/\/consmaracaibo.esteri.it\/it\/servizi-consolari-e-visti\/servizi-per-il-cittadino-italiano\/anagrafe-degli-italiani-residenti-allestero-aire\/\">Fast It.<\/a> In caso di malfunzionamento del portale si pu\u00f2 richiedere l\u2019iscrizione tramite l\u2019indirizzo <a href=\"mailto:anagrafe.maracaibo@esteri.it\">anagrafe.maracaibo@esteri.it<\/a><\/p>\n<p style=\"text-align: justify;\"><strong>\u00c8 possibile chiedere l\u2019appuntamento per i miei figli minori?<\/strong><\/p>\n<p style=\"text-align: justify;\">S\u00ec. In fase di prenotazione dell\u2019appuntamento bisogner\u00e0 compilare una scheda per ciascuna persona che ha bisogno della nuova carta CIE (richiedenti). Sar\u00e0 possibile con un\u2019unica richiesta prenotare un appuntamento fino a 5 persone dello stesso nucleo familiare.<\/p>\n<p style=\"text-align: justify;\">Si informano i connazionali, genitori di figli minori, che a partire dal 14 giugno 2023 non \u00e9 pi\u00f9 necessario presentare l\u2019atto di assenso dell\u2019altro genitore ai fini del rilascio del proprio documento d\u2019identit\u00e0 (passaporto e CIE), ai sensi del D.L. 69\/2023.<\/p>\n<p style=\"text-align: justify;\">Nello specifico il novellato articolo 3-bis della L. 1185\/1967 indica che, quando vi \u00e8 concreto e attuale pericolo che a causa del trasferimento all\u2019estero questo possa sottrarsi all\u2019adempimento dei suoi obblighi verso i figli, sar\u00e0 possibile per l\u2019altro genitore richiedere una inibitoria al rilascio del documento. \u00a0L\u2019istanza potr\u00e0 essere presentata presso il giudice competente presso il Tribunale ordinario in cui il minore ha la residenza abituale ovvero, se il minore \u00e8 residente all\u2019estero, il Tribunale nel cui circondario si trova il suo Comune di iscrizione AIRE.<\/p>\n<p style=\"text-align: justify;\">Ai fini del rilascio dei documenti per i minori, invece, resta l\u2019obbligo dell\u2019assenso firmato da entrambi i genitori o da chi esercita la responsabilit\u00e0 genitoriale.<\/p>\n<p style=\"text-align: justify;\">L\u2019assenso al rilascio del passaporto di un minore pu\u00f2 essere manifestato in una delle seguenti forme:<\/p>\n<ul style=\"text-align: justify;\">\n<li>personalmente presso questo Consolato il giorno del turno (si ricorda che chi d\u00e0 l\u2019assenso deve essere munito di un documento valido di identit\u00e0, in originale e fotocopia semplice),<\/li>\n<li>personalmente presso un qualsiasi Ufficio della Pubblica Amministrazione Italiana (abilitato ad autenticare firme: es. Questura o altri rappresentanze diplomatico-consolari),<\/li>\n<li>con una procura (\u201cpoder\u201d) effettuato da un notaio, con successiva apposizione dell\u2019Apostille e traduzione in italiano.<\/li>\n<\/ul>\n<p style=\"text-align: justify;\">I cittadini dell\u2019Unione Europea possono manifestare l\u2019assenso compilando e firmando l\u2019<a href=\"https:\/\/consmaracaibo.esteri.it\/wp-content\/uploads\/2023\/10\/CIE-modulo-assenso-in-favore-figli-minorenni.docx\"><strong>apposito modulo<\/strong><\/a>\u00a0e\u00a0<strong>allegando copia di un documento rilasciato da un Paese dell\u2019Unione Europea ove appaia la firma del dichiarante.<\/strong><\/p>\n<p style=\"text-align: justify;\"><strong>Qual \u00e8 la documentazione necessaria da portare con s\u00e9 al momento dell\u2019appuntamento per richiedere la CIE?<\/strong><\/p>\n<p style=\"text-align: justify;\">All\u2019appuntamento il cittadino dovr\u00e0 presentarsi con i seguenti\u00a0<strong>documenti<\/strong>:<\/p>\n<ol style=\"text-align: justify;\">\n<li><a href=\"https:\/\/consmaracaibo.esteri.it\/wp-content\/uploads\/2023\/10\/CIE-modulo-richiesta-maggiorenni.doc\">Domanda per il rilascio della C.I.E<\/a><a href=\"https:\/\/consmaracaibo.esteri.it\/wp-content\/uploads\/2023\/10\/CIE-modulo-richiesta-maggiorenni.doc\">.<\/a>; deve essere consegnato gi\u00e1 compilato.<\/li>\n<li>Due (2) foto recenti sfondo bianco (3.5 cm \u00d7 4 cm e di 80% faccia) di studio fotografico, NON di cyber, conforme alla normativa <a href=\"https:\/\/www.esteri.it\/it\/servizi-consolari-e-visti\/italiani-all-estero\/documenti_di_viaggio\/linee-guida-foto-icao\/\">ICAO <\/a>uguali, frontali, a colori, e acquisite da non oltre 6 mesi<\/li>\n<li>Carta di identit\u00e0 precedente, passaporto italiano e &#8220;c\u00e9dula de identidad&#8221; venezuelana o passaporto venezuelano (originale a copia)<\/li>\n<li>Dichiarazione di smarrimento\/furto precedente carta, se del caso;<\/li>\n<li>atto di assenso di entrambi genitori nel caso in cui il richiedente sia un minore di 18 anni.<\/li>\n<\/ol>\n<p style=\"text-align: justify;\"><a href=\"https:\/\/consmaracaibo.esteri.it\/wp-content\/uploads\/2023\/10\/CIE-modulo-richiesta-minorenni.pdf\"><strong>domanda per il rilascio della C.I.E<\/strong><\/a><strong><span style=\"text-decoration: underline;\"><a href=\"https:\/\/consmaracaibo.esteri.it\/wp-content\/uploads\/2023\/10\/CIE-modulo-richiesta-minorenni.docx\">.<\/a> <span style=\"color: #000000; text-decoration: underline;\">a minorenni<\/span><\/span><\/strong> e <a href=\"https:\/\/consmaracaibo.esteri.it\/wp-content\/uploads\/2023\/10\/CIE-modulo-assenso-in-favore-figli-minorenni.docx\"><strong>atto di assenso di entrambi genitori<\/strong><\/a> (scaricare i moduli qui).<\/p>\n<p style=\"text-align: justify;\"><strong>Quali sono le operazioni che saranno effettuate il giorno dell\u2019appuntamento?<\/strong><br \/>\nIl giorno dell\u2019appuntamento, l\u2019operatore consolare acquisisce la documentazione sopra indicata, effettua il riconoscimento e la verifica della foto ed acquisisce le impronte digitali e la firma. Il giorno dell\u2019appuntamento, sar\u00e0 annullata la carta di identit\u00e0 cartacea o CIE in corso di validit\u00e0, anche se il richiedente non possiede altro documento di identit\u00e0. Si consiglia pertanto, qualora il richiedente non abbia altro documento di identit\u00e0 in corso di validit\u00e0, di comunicarlo all\u2019operatore.<\/p>\n<p style=\"text-align: justify;\"><strong>Come si riceve la CIE?<\/strong><\/p>\n<p style=\"text-align: justify;\"><strong>Il documento non \u00e8 rilasciato a vista il giorno dell\u2019appuntamento<\/strong>: la CIE \u00e8 infatti prodotta dall\u2019Istituto Poligrafico e Zecca dello Stato e successivamente spedita, a mezzo raccomandata a carico di Poste Italiane, all\u2019indirizzo di residenza (o recapito) indicato dal richiedente. Il connazionale potr\u00e0 seguire la spedizione autonomamente online, attraverso il codice di tracciamento.<\/p>\n<p style=\"text-align: justify;\"><strong>Il Consolato non si fa carico di eventuali problemi di spedizione, per i quali \u00e8 necessario rivolgersi a Poste Italiane.<\/strong><\/p>\n<p style=\"text-align: justify;\"><strong>Quanto tempo vale la CIE?<\/strong><\/p>\n<p style=\"text-align: justify;\">La validit\u00e0 della CIE varia a seconda dell\u2019et\u00e0 del titolare ed \u00e8 di:<br \/>\n\u2013 3 anni per i minori di et\u00e0 compresa tra 0 e 3 anni;<br \/>\n\u2013 5 anni per i minori di et\u00e0 compresa tra 4 e 18 anni;<br \/>\n\u2013 10 anni per persone di et\u00e0 superiore ai 18 anni.<\/p>\n<p style=\"text-align: justify;\"><strong>Quale e\u2019 la modalita\u2019 di pagamento?<\/strong><\/p>\n<p style=\"text-align: justify;\">Per il costo della CIE e relativa modalita\u2019 di pagamento vedere la sezione\u00a0<a href=\"https:\/\/consmaracaibo.esteri.it\/it\/servizi-consolari-e-visti\/servizi-per-il-cittadino-italiano\/altri-servizi\/tariffe-consolare\/\"><strong><span style=\"color: #3366ff;\">Tariffa Consolare<\/span><\/strong><\/a>\u00a0di questo sito web.<\/p>\n<p style=\"text-align: justify;\"><strong>Devo chiedere una nuova carta se cambio indirizzo?<\/strong><\/p>\n<p style=\"text-align: justify;\">No. La carta d\u2019identit\u00e0 \u00e8 un documento di identit\u00e0 e non di residenza.<\/p>\n<p style=\"text-align: justify;\"><strong>Posso richiedere la carta di identit\u00e0 presso il mio Comune in Italia, anche se residente all\u2019estero?<\/strong><\/p>\n<p style=\"text-align: justify;\">Il connazionale dovr\u00e0 verificare con il Comune in Italia.<\/p>\n<p style=\"text-align: justify;\"><strong>\u00a0<\/strong><\/p>\n<p style=\"text-align: justify;\">\n","protected":false},"excerpt":{"rendered":"Il Consolato d\u2019Italia a Maracaibo ha avviato in fase sperimentale il rilascio della carta d\u2019identit\u00e0 elettronica (CIE). Come si richiede la carta d\u2019identit\u00e0 elettronica (CIE)? L\u2019appuntamento per fare richiesta della carta d\u2019identit\u00e0 elettronica deve essere tramite il portale\u00a0Prenot@MI. Che cos\u2019\u00e8 la carta d\u2019identit\u00e0 elettronica (CIE)? La CIE \u00e8 documento personale di riconoscimento valido per identificarsi [&hellip;]","protected":false},"author":6,"featured_media":0,"parent":67,"menu_order":5,"comment_status":"closed","ping_status":"closed","template":"","meta":{"footnotes":""},"class_list":["post-1197","page","type-page","status-publish","hentry"],"_links":{"self":[{"href":"https:\/\/consmaracaibo.esteri.it\/it\/wp-json\/wp\/v2\/pages\/1197","targetHints":{"allow":["GET"]}}],"collection":[{"href":"https:\/\/consmaracaibo.esteri.it\/it\/wp-json\/wp\/v2\/pages"}],"about":[{"href":"https:\/\/consmaracaibo.esteri.it\/it\/wp-json\/wp\/v2\/types\/page"}],"author":[{"embeddable":true,"href":"https:\/\/consmaracaibo.esteri.it\/it\/wp-json\/wp\/v2\/users\/6"}],"replies":[{"embeddable":true,"href":"https:\/\/consmaracaibo.esteri.it\/it\/wp-json\/wp\/v2\/comments?post=1197"}],"version-history":[{"count":6,"href":"https:\/\/consmaracaibo.esteri.it\/it\/wp-json\/wp\/v2\/pages\/1197\/revisions"}],"predecessor-version":[{"id":2493,"href":"https:\/\/consmaracaibo.esteri.it\/it\/wp-json\/wp\/v2\/pages\/1197\/revisions\/2493"}],"up":[{"embeddable":true,"href":"https:\/\/consmaracaibo.esteri.it\/it\/wp-json\/wp\/v2\/pages\/67"}],"wp:attachment":[{"href":"https:\/\/consmaracaibo.esteri.it\/it\/wp-json\/wp\/v2\/media?parent=1197"}],"curies":[{"name":"wp","href":"https:\/\/api.w.org\/{rel}","templated":true}]}}