{"id":13,"date":"2023-04-03T18:23:20","date_gmt":"2023-04-03T16:23:20","guid":{"rendered":"https:\/\/consolatozurigo.esteri.it\/?page_id=13"},"modified":"2023-08-09T12:17:31","modified_gmt":"2023-08-09T16:17:31","slug":"chi-siamo","status":"publish","type":"page","link":"https:\/\/consmaracaibo.esteri.it\/it\/chi-siamo\/","title":{"rendered":"Chi siamo"},"content":{"rendered":"<p>La circoscrizione territoriale del Consolato d&#8217;Italia a Maracaibo comprende il territorio della Repubblica Bolivariana del Venezuela, gli Stati; <strong>Zulia, M\u00e9rida, T\u00e1chira, Trujillo, Falc\u00f3n, e le Isole Aruba, Cura\u00e7ao e Bonaire<\/strong><\/p>\n<p><img loading=\"lazy\" decoding=\"async\" class=\"size-medium wp-image-287 img-fluid aligncenter\" src=\"https:\/\/consmaracaibo.esteri.it\/wp-content\/uploads\/2023\/06\/ven-300x237.png\" alt=\"\" width=\"300\" height=\"237\" srcset=\"https:\/\/consmaracaibo.esteri.it\/wp-content\/uploads\/2023\/06\/ven-300x237.png 300w, https:\/\/consmaracaibo.esteri.it\/wp-content\/uploads\/2023\/06\/ven-768x607.png 768w, https:\/\/consmaracaibo.esteri.it\/wp-content\/uploads\/2023\/06\/ven.png 791w\" sizes=\"auto, (max-width: 300px) 100vw, 300px\" \/><\/p>\n<p><img loading=\"lazy\" decoding=\"async\" class=\"size-medium wp-image-289 img-fluid aligncenter\" src=\"https:\/\/consmaracaibo.esteri.it\/wp-content\/uploads\/2023\/06\/islas--300x120.jpg\" alt=\"\" width=\"300\" height=\"120\" srcset=\"https:\/\/consmaracaibo.esteri.it\/wp-content\/uploads\/2023\/06\/islas--300x120.jpg 300w, https:\/\/consmaracaibo.esteri.it\/wp-content\/uploads\/2023\/06\/islas-.jpg 355w\" sizes=\"auto, (max-width: 300px) 100vw, 300px\" \/><\/p>\n","protected":false},"excerpt":{"rendered":"La circoscrizione territoriale del Consolato d&#8217;Italia a Maracaibo comprende il territorio della Repubblica Bolivariana del Venezuela, gli Stati; Zulia, M\u00e9rida, T\u00e1chira, Trujillo, Falc\u00f3n, e le Isole Aruba, Cura\u00e7ao e Bonaire","protected":false},"author":1,"featured_media":0,"parent":0,"menu_order":2,"comment_status":"closed","ping_status":"closed","template":"","meta":{"footnotes":""},"class_list":["post-13","page","type-page","status-publish","hentry"],"_links":{"self":[{"href":"https:\/\/consmaracaibo.esteri.it\/it\/wp-json\/wp\/v2\/pages\/13","targetHints":{"allow":["GET"]}}],"collection":[{"href":"https:\/\/consmaracaibo.esteri.it\/it\/wp-json\/wp\/v2\/pages"}],"about":[{"href":"https:\/\/consmaracaibo.esteri.it\/it\/wp-json\/wp\/v2\/types\/page"}],"author":[{"embeddable":true,"href":"https:\/\/consmaracaibo.esteri.it\/it\/wp-json\/wp\/v2\/users\/1"}],"replies":[{"embeddable":true,"href":"https:\/\/consmaracaibo.esteri.it\/it\/wp-json\/wp\/v2\/comments?post=13"}],"version-history":[{"count":6,"href":"https:\/\/consmaracaibo.esteri.it\/it\/wp-json\/wp\/v2\/pages\/13\/revisions"}],"predecessor-version":[{"id":969,"href":"https:\/\/consmaracaibo.esteri.it\/it\/wp-json\/wp\/v2\/pages\/13\/revisions\/969"}],"wp:attachment":[{"href":"https:\/\/consmaracaibo.esteri.it\/it\/wp-json\/wp\/v2\/media?parent=13"}],"curies":[{"name":"wp","href":"https:\/\/api.w.org\/{rel}","templated":true}]}}