{"id":240,"date":"2023-06-12T07:43:30","date_gmt":"2023-06-12T11:43:30","guid":{"rendered":"https:\/\/consmaracaibo.esteri.it\/?page_id=240"},"modified":"2023-09-26T10:27:42","modified_gmt":"2023-09-26T14:27:42","slug":"consulenti-e-collaboratori","status":"publish","type":"page","link":"https:\/\/consmaracaibo.esteri.it\/it\/amministrazione-trasparente\/consulenti-e-collaboratori\/","title":{"rendered":"Consulenti e collaboratori"},"content":{"rendered":"<p>Per l&#8217;anno 2023 il Consolato non si \u00e9 avvalso di consulenze.<\/p>\n<p>Per l&#8217;anno 2022 il Consolato non si \u00e9 avvalso di consulente.<\/p>\n<p>Per l&#8217;anno 2021 il Consolato non si \u00e9 avvalso di consulenze.<\/p>\n","protected":false},"excerpt":{"rendered":"Per l&#8217;anno 2023 il Consolato non si \u00e9 avvalso di consulenze. Per l&#8217;anno 2022 il Consolato non si \u00e9 avvalso di consulente. Per l&#8217;anno 2021 il Consolato non si \u00e9 avvalso di consulenze.","protected":false},"author":2,"featured_media":0,"parent":33,"menu_order":4,"comment_status":"closed","ping_status":"closed","template":"","meta":{"footnotes":""},"class_list":["post-240","page","type-page","status-publish","hentry"],"_links":{"self":[{"href":"https:\/\/consmaracaibo.esteri.it\/it\/wp-json\/wp\/v2\/pages\/240","targetHints":{"allow":["GET"]}}],"collection":[{"href":"https:\/\/consmaracaibo.esteri.it\/it\/wp-json\/wp\/v2\/pages"}],"about":[{"href":"https:\/\/consmaracaibo.esteri.it\/it\/wp-json\/wp\/v2\/types\/page"}],"author":[{"embeddable":true,"href":"https:\/\/consmaracaibo.esteri.it\/it\/wp-json\/wp\/v2\/users\/2"}],"replies":[{"embeddable":true,"href":"https:\/\/consmaracaibo.esteri.it\/it\/wp-json\/wp\/v2\/comments?post=240"}],"version-history":[{"count":3,"href":"https:\/\/consmaracaibo.esteri.it\/it\/wp-json\/wp\/v2\/pages\/240\/revisions"}],"predecessor-version":[{"id":1134,"href":"https:\/\/consmaracaibo.esteri.it\/it\/wp-json\/wp\/v2\/pages\/240\/revisions\/1134"}],"up":[{"embeddable":true,"href":"https:\/\/consmaracaibo.esteri.it\/it\/wp-json\/wp\/v2\/pages\/33"}],"wp:attachment":[{"href":"https:\/\/consmaracaibo.esteri.it\/it\/wp-json\/wp\/v2\/media?parent=240"}],"curies":[{"name":"wp","href":"https:\/\/api.w.org\/{rel}","templated":true}]}}