{"id":2468,"date":"2025-05-27T14:33:59","date_gmt":"2025-05-27T18:33:59","guid":{"rendered":"https:\/\/consmaracaibo.esteri.it\/?page_id=2468"},"modified":"2025-12-16T09:08:09","modified_gmt":"2025-12-16T13:08:09","slug":"cittadinanza-per-discendenza-jure-sanguinis","status":"publish","type":"page","link":"https:\/\/consmaracaibo.esteri.it\/it\/servizi-consolari-e-visti\/servizi-per-il-cittadino-straniero\/cittadinanza\/cittadinanza-per-discendenza-jure-sanguinis\/","title":{"rendered":"Cittadinanza (jure sanguinis)"},"content":{"rendered":"<p style=\"text-align: justify;\"><strong>PRIMA DI ESAMINARE I REQUISITI DI OGNI SINGOLA PRATICA SI PREGA DI LEGGERE CON ATTENZIONE LE SEGUENTI INFORMAZIONI<\/strong><\/p>\n<p style=\"text-align: justify;\"><strong>Riferimenti principali<\/strong><\/p>\n<ul style=\"text-align: justify;\">\n<li>Legge 74\/25<\/li>\n<li>Legge 241\/90<\/li>\n<li>Legge 555\/12<\/li>\n<li>Legge 123\/83<\/li>\n<li>Legge 91\/92<\/li>\n<li>Circolare K28.1\/91 del Ministero dell\u2019Interno<\/li>\n<\/ul>\n<p style=\"text-align: justify;\"><strong>Consulenze e richiesta di documenti<\/strong><\/p>\n<p style=\"text-align: justify;\"><strong>Il Consolato NON fornisce consulenze sul diritto alla cittadinanza e non acquisisce n\u00e9 valuta preliminarmente la documentazione delle richieste, tantomeno via mail. L\u2019esame delle richieste avviene a seguito dell\u2019appuntamento ed \u00e8 subordinata al pagamento dei diritti consolari. Si ricorda che tale pagamento \u00e8 previsto per il solo controllo della documentazione e NON garantisce l\u2019esito positivo della richiesta.<\/strong><\/p>\n<p style=\"text-align: justify;\"><strong>Condizioni preliminari per chiedere il riconoscimento della cittadinanza<\/strong><\/p>\n<p style=\"text-align: justify;\">La residenza nella\u00a0<a href=\"https:\/\/consmaracaibo.esteri.it\/it\/chi-siamo\/la-rete-consolare\/\">circoscrizione consolare di questa Sede<\/a>\u00a0\u00e8 un presupposto inderogabile per poter presentare la richiesta di cittadinanza a questo Consolato. In tal senso, la residenza si intende come il luogo dove abitualmente dimora una persona, ovvero il posto dove trascorre la maggior parte dell\u2019anno.\u00a0<strong>Si ricorda che il Consolato ha l\u2019obbligo di segnalare alle competenti Autorit\u00e0 giudiziarie italiane la dichiarazione mendace di residenza.<\/strong><\/p>\n<p style=\"text-align: justify;\">Se l\u2019interessato risiede in un\u2019altra circoscrizione consolare, per presentare in modo agevolato la propria domanda di cittadinanza nel Paese di residenza potr\u00e0 consegnare alla Rappresentanza consolare competente copia conforme degli atti che risultino in possesso di questo Consolato. A tal fine, l\u2019interessato potr\u00e0 leggere le informazioni presenti nella sezione del Reparto Notarile.<\/p>\n<p style=\"text-align: justify;\"><strong>Appuntamento<\/strong><\/p>\n<p style=\"text-align: justify;\">L\u2019appuntamento per presentare la domanda al Reparto Cittadinanza si richiede tramite il portale <strong><a href=\"https:\/\/prenotami.esteri.it\/\">Prenot@mi<\/a><\/strong>. Si ricorda che\u00a0<strong>il riconoscimento della cittadinanza italiana \u00e8 destinato ESCLUSIVAMENTE alle persone maggiorenni<\/strong>. Per la trascrizione dell\u2019atto di nascita di un minorenne occorre rivolgersi al Reparto Stato Civile.<\/p>\n<p style=\"text-align: justify;\">Gli appuntamenti sono esclusivamente riservati per la presentazione della richiesta di cittadinanza. L\u2019eventuale integrazione di documenti potr\u00e0 avvenire\u00a0<strong>soltanto su formale<\/strong>\u00a0<strong>richiesta<\/strong>\u00a0del Consolato successiva alla presentazione della domanda, o ai sensi della legge 241\/90, entro 10 giorni dalla ricezione del preavviso di diniego.<\/p>\n<p style=\"text-align: justify;\"><strong>Il Consolato dispone di 730 giorni per completare il procedimento. Stante l\u2019ingente volume di richieste, il Reparto Cittadinanza NON fornisce riscontro alle mail che chiedono informazioni sullo status delle pratiche per le quali non \u00e8 trascorso il predetto termine.<\/strong><\/p>\n<p style=\"text-align: justify;\"><strong>Documentazione venezuelana<\/strong><\/p>\n<p style=\"text-align: justify;\">Tutti gli atti di stato civile formati in Venezuela, da presentare a questo Consolato, devono essere copia fotostatica dell\u2019atto integrale (c.d. atto originale), ovvero recante le firme dei dichiaranti e dei testimoni, timbro e firma dell\u2019Autorit\u00e0 locale. Gli atti dovranno essere rilasciati dal Registro Principale &#8220;Registro Principal del Estado&#8221;,\u00a0 debitamente postillati e tradotti. Le postille degli atti devono, inoltre, essere intestate al titolare del documento. Per ulteriori informazioni sar\u00e0 possibile rivolgersi agli enti venezuelani che rilasciano i documenti.<strong>\u00a0Si ricorda che il Consolato ha l\u2019obbligo di segnalare alle competenti Autorit\u00e0 giudiziarie italiane e alle Autorit\u00e0 venezuelane la presentazione di documenti alterati o contraffatti.<\/strong><\/p>\n<p style=\"text-align: justify;\"><strong>Documentazione italiana<\/strong><\/p>\n<p style=\"text-align: justify;\">Gli atti italiani vengono rilasciati dal Comune competente. Per gli atti che si formano quando non esistevano i predetti uffici, sar\u00e0 possibile consegnare atti ecclesiastici, debitamente legalizzati dalla Curia vescovile competente. I contatti degli uffici che rilasciano gli atti di stato civile sono disponibili nei relativi siti web istituzionali. Per ulteriori informazioni sar\u00e0 possibile rivolgersi agli enti che rilasciano i documenti.<\/p>\n<p style=\"text-align: justify;\">Si consiglia di conservare sempre una copia dei documenti che verranno consegnati a questa Sede.<\/p>\n<p style=\"text-align: justify;\"><strong>Documentazione americana<\/strong><\/p>\n<p style=\"text-align: justify;\">Poich\u00e9 non esiste negli Stati Uniti la figura del traduttore ufficiale, NON \u00e8 ammessa la legalizzazione della firma del notaio che certifica la conformit\u00e0 della traduzione. Quindi, gli atti rilasciati negli Stati Uniti dovranno recare la certificazione di conformit\u00e0 della traduzione apposta dall\u2019Ufficio consolare italiano competente per luogo dove si forma l\u2019atto. NON verranno ricevuti gli atti di stato civile in formato \u201cshort form\u201d.<\/p>\n<p style=\"text-align: justify;\"><strong>Requisiti per la richiesta di riconoscimento della cittadinanza<\/strong><\/p>\n<p style=\"text-align: justify;\">Per riconoscere la cittadinanza italiana il Consolato deve acquisire documentazione che dimostri la discendenza dall\u2019avo italiano e attestante l\u2019ininterrotta trasmissione della cittadinanza italiana. I requisiti sottoelencati costituiscono documenti essenziali, tuttavia potrebbero non essere sufficienti e il Consolato si riserva, dunque, il diritto di chiedere ulteriori atti necessari per dimostrare il diritto alla cittadinanza.<\/p>\n<p style=\"text-align: justify;\">La documentazione che risulti gi\u00e0 acquisita dal Consolato e che sia conforme alle vigenti disposizioni non verr\u00e0 richiesta. Si ricorda, tuttavia, che ai sensi del DPR 445\/2000 il richiedente ha l\u2019obbligo di indicare in modo chiaro elementi per reperire tale documentazione. NON si ritiene acquisita la documentazione di pratiche presentate ma non ancora esaminate.<\/p>\n<p style=\"text-align: justify;\"><strong>Si ricorda che la presentazione di documenti contraffatti e le dichiarazioni mendaci sono reati perseguibili penalmente sia in Italia che in Venezuela.<\/strong><\/p>\n<p style=\"text-align: justify;\"><strong>Per legge, il Consolato ha l\u2019obbligo di eseguire accertamenti e a tal fine si riserva il diritto di chiedere ulteriore documentazione.<\/strong><\/p>\n<p style=\"text-align: justify;\"><strong>Documenti essenziali per il riconoscimento della cittadinanza iure sanguinis<\/strong><\/p>\n<p style=\"text-align: justify;\">Per avviare la procedura di riconoscimento della cittadinanza italiana a stranieri di ceppo italiano occorre consegnare la documentazione sottoelencata:<\/p>\n<p style=\"text-align: justify;\">1- Albero genealogico (<a href=\"https:\/\/consmaracaibo.esteri.it\/it\/servizi-consolari-e-visti\/servizi-per-il-cittadino-italiano\/altri-servizi\/modulistica-ed-elenchi\/\">scarica da modulistica)<\/a>, recante nome, cognome, luogo di nascita, data di nascita dagli ascendenti fino al richiedente;<\/p>\n<p style=\"text-align: justify;\">2- Atto di nascita dell\u2019antenato (avo) nato in Italia. Se si trattasse di un certificato ecclesiastico dovr\u00e0 recare legalizzazione della Curia Vescovile e della Prefettura;<\/p>\n<p style=\"text-align: justify;\">3- Attestato di mancata naturalizzazione dell\u2019avo e degli ascendenti nati in Paesi diversi dal Venezuela, provvisto di Apostille e traduzione. Se il nome dell\u2019avo fosse stato alterato in un atto di stato civile, occorre anche presentare l\u2019attestato di mancata naturalizzazione recante il nome alterato;<\/p>\n<p style=\"text-align: justify;\">4- Atto di matrimonio dell\u2019avo, provvisto di postilla e traduzione (se formato all\u2019estero);<\/p>\n<p style=\"text-align: justify;\">5- Atto di morte dell\u2019avo, provvisto di postilla e traduzione;<\/p>\n<p style=\"text-align: justify;\">6- Atti di nascita e matrimonio, provvisti di postilla e traduzione, di tutti i discendenti dell\u2019avo;<\/p>\n<p style=\"text-align: justify;\">7- Atto di nascita del richiedente, provvisto di postilla e traduzione;<\/p>\n<p style=\"text-align: justify;\">8- Copia dei predetti atti, formato A4 (formato lettera), ogni pagina su un solo foglio;<\/p>\n<p style=\"text-align: justify;\">9- Scheda di richiesta di riconoscimento della cittadinanza italiana (<a href=\"https:\/\/consmaracaibo.esteri.it\/it\/servizi-consolari-e-visti\/servizi-per-il-cittadino-italiano\/altri-servizi\/modulistica-ed-elenchi\/\">scarica da modulistica<\/a>), debitamente compilata e sottoscritta;<\/p>\n<p style=\"text-align: justify;\">10- Scheda anagrafica (<a href=\"https:\/\/consmaracaibo.esteri.it\/it\/servizi-consolari-e-visti\/servizi-per-il-cittadino-italiano\/altri-servizi\/modulistica-ed-elenchi\/\">scarica da modulistica<\/a>) del richiedente, debitamente compilata e sottoscritta;<\/p>\n<p style=\"text-align: justify;\">11- Copia del documento d\u2019identit\u00e0 del richiedente e passaporti originali (anche quelli scaduti);<\/p>\n<p style=\"text-align: justify;\">12- Attestato di residenza del richiedente rilasciato dal CNE, NON rilasciato sulla base del RIF. Altrimenti, nell\u2019impossibilit\u00e0 di ottenere l\u2019attestato da parte del CNE, sar\u00e0 possibile presentare: attestato di residenza rilasciato da (a) &#8220;Consejo Comunal&#8221;; (b) &#8220;Alcald\u00eda&#8221;; (c) bolletta d\u2019utenza.<\/p>\n<p style=\"text-align: justify;\">13- Il giorno della consegna della suddetta documentazione, occorre eseguire in Consolato il pagamento che corrisponde all\u2019art. 7b della tabella dei diritti consolari (<a href=\"https:\/\/consmaracaibo.esteri.it\/it\/servizi-consolari-e-visti\/servizi-per-il-cittadino-italiano\/altri-servizi\/tariffe-consolare\/\">vedere tabella<\/a>), con carta di debito. Non si accettano carte di credito, assegni, n\u00e9 valuta straniera (dollari, euro, ecc.)<\/p>\n<p style=\"text-align: justify;\"><strong>Si ricorda agli utenti che \u2013 ai sensi della normativa vigente \u2013 il Consolato dispone di 730 giorni, dalla data di presentazione dell\u2019istanza, per completare il procedimento amministrativo<\/strong>.<\/p>\n<p style=\"text-align: justify;\"><strong>Filiazione fuori dal matrimonio<\/strong><\/p>\n<p style=\"text-align: justify;\">Per eventualmente dimostrare la filiazione fuori dal matrimonio, nel caso in cui uno solo dei genitori avesse sottoscritto il certificato di nascita, sar\u00e0 necessario presentare\u00a0<strong>l\u2019atto di riconoscimento (o la sentenza di filiazione) munito di Apostille e traduzione<\/strong>\u00a0e la relativa nota a margine dovr\u00e0 essere opportunamente riportata nell\u2019atto di nascita.<\/p>\n<p style=\"text-align: justify;\"><strong>Elezione di cittadinanza<\/strong><\/p>\n<p style=\"text-align: justify;\">Il richiedente, riconosciuto durante la maggiore et\u00e0 dal genitore italiano, dispone di un anno di tempo per rendere la dichiarazione di elezione di cittadinanza.<\/p>\n<p style=\"text-align: justify;\">Per avviare tale pratica comunicarsi presso <a href=\"mailto:maracaibo.cittadinanza@esteri.it\">maracaibo.cittadinanza@esteri.it,<\/a> presentare una ricevuta del versamento di 250 euro sul conto corrente del Ministero dell\u2019Interno.<\/p>\n<p style=\"text-align: justify;\"><strong>Nella causale il richiedente dovr\u00e0 riportare: \u201cnome e cognome del richiedente \u2013 elezione di cittadinanza\u201d. Es. Jos\u00e9 P\u00e9rez \u2013 elezione di cittadinanza.<\/strong><\/p>\n<p style=\"text-align: justify;\"><strong>Codice IBAN (di 27 caratteri): IT54D0760103200000000809020<br \/>\nCodice BIC\/SWIFT di Poste Italiane<br \/>\nPer bonifici esteri: BPPIITRRXXX<br \/>\nPer operazioni EUROGIRO: BIPPITRA<\/strong><\/p>\n<p style=\"text-align: justify;\">\n","protected":false},"excerpt":{"rendered":"PRIMA DI ESAMINARE I REQUISITI DI OGNI SINGOLA PRATICA SI PREGA DI LEGGERE CON ATTENZIONE LE SEGUENTI INFORMAZIONI Riferimenti principali Legge 74\/25 Legge 241\/90 Legge 555\/12 Legge 123\/83 Legge 91\/92 Circolare K28.1\/91 del Ministero dell\u2019Interno Consulenze e richiesta di documenti Il Consolato NON fornisce consulenze sul diritto alla cittadinanza e non acquisisce n\u00e9 valuta preliminarmente [&hellip;]","protected":false},"author":6,"featured_media":0,"parent":96,"menu_order":1,"comment_status":"closed","ping_status":"closed","template":"","meta":{"footnotes":""},"class_list":["post-2468","page","type-page","status-publish","hentry"],"_links":{"self":[{"href":"https:\/\/consmaracaibo.esteri.it\/it\/wp-json\/wp\/v2\/pages\/2468","targetHints":{"allow":["GET"]}}],"collection":[{"href":"https:\/\/consmaracaibo.esteri.it\/it\/wp-json\/wp\/v2\/pages"}],"about":[{"href":"https:\/\/consmaracaibo.esteri.it\/it\/wp-json\/wp\/v2\/types\/page"}],"author":[{"embeddable":true,"href":"https:\/\/consmaracaibo.esteri.it\/it\/wp-json\/wp\/v2\/users\/6"}],"replies":[{"embeddable":true,"href":"https:\/\/consmaracaibo.esteri.it\/it\/wp-json\/wp\/v2\/comments?post=2468"}],"version-history":[{"count":7,"href":"https:\/\/consmaracaibo.esteri.it\/it\/wp-json\/wp\/v2\/pages\/2468\/revisions"}],"predecessor-version":[{"id":3062,"href":"https:\/\/consmaracaibo.esteri.it\/it\/wp-json\/wp\/v2\/pages\/2468\/revisions\/3062"}],"up":[{"embeddable":true,"href":"https:\/\/consmaracaibo.esteri.it\/it\/wp-json\/wp\/v2\/pages\/96"}],"wp:attachment":[{"href":"https:\/\/consmaracaibo.esteri.it\/it\/wp-json\/wp\/v2\/media?parent=2468"}],"curies":[{"name":"wp","href":"https:\/\/api.w.org\/{rel}","templated":true}]}}