{"id":35,"date":"2023-04-03T19:15:30","date_gmt":"2023-04-03T17:15:30","guid":{"rendered":"https:\/\/consolatozurigo.esteri.it\/?page_id=35"},"modified":"2026-01-07T14:29:45","modified_gmt":"2026-01-07T18:29:45","slug":"la-sede","status":"publish","type":"page","link":"https:\/\/consmaracaibo.esteri.it\/it\/chi-siamo\/la-sede\/","title":{"rendered":"La Sede"},"content":{"rendered":"<p><img loading=\"lazy\" decoding=\"async\" class=\"wp-image-981 img-fluid alignleft\" src=\"https:\/\/consmaracaibo.esteri.it\/wp-content\/uploads\/2023\/08\/Presentacion1-300x169.jpg\" alt=\"\" width=\"586\" height=\"330\" srcset=\"https:\/\/consmaracaibo.esteri.it\/wp-content\/uploads\/2023\/08\/Presentacion1-300x169.jpg 300w, https:\/\/consmaracaibo.esteri.it\/wp-content\/uploads\/2023\/08\/Presentacion1-1024x576.jpg 1024w, https:\/\/consmaracaibo.esteri.it\/wp-content\/uploads\/2023\/08\/Presentacion1-768x432.jpg 768w, https:\/\/consmaracaibo.esteri.it\/wp-content\/uploads\/2023\/08\/Presentacion1.jpg 1280w\" sizes=\"auto, (max-width: 586px) 100vw, 586px\" \/><\/p>\n<p>&nbsp;<\/p>\n<p><strong>Il Consolato d&#8217;Italia \u00e9 situato in<\/strong>:<\/p>\n<p>Avenida 17 (Baralt) No. 71-55 entre Calles 71 y 72 Quinta la Querencia No.71-55; <strong>Maracaibo, Stato Zulia<\/strong>.<\/p>\n<p>&nbsp;<\/p>\n<p><strong>ORARIO DI APERTURA AL PUBBLICO<\/strong><\/p>\n<ul>\n<li>da Luned\u00ec a Venerd\u00ec<\/li>\n<li>Mercoled\u00ec chiuso al pubblico<\/li>\n<li>dalle ore 8:30 fino alle 12:30<\/li>\n<\/ul>\n<p>&nbsp;<\/p>\n<table width=\"680\">\n<tbody>\n<tr>\n<td width=\"680\"><\/td>\n<td style=\"text-align: center;\" width=\"680\"><strong>Elenco Festivit\u00e0 osservate nel 2026<\/strong><\/td>\n<td width=\"680\"><\/td>\n<\/tr>\n<tr>\n<td width=\"458\">Capodanno<\/td>\n<td style=\"text-align: center;\" width=\"112\">\u00a0 1 Gennaio<\/td>\n<td style=\"text-align: center;\" width=\"110\">Gioved\u00ec<\/td>\n<\/tr>\n<tr>\n<td width=\"458\">Lunedi dell&#8217;Angelo<\/td>\n<td style=\"text-align: center;\" width=\"112\">\u00a0 6 Aprile<\/td>\n<td style=\"text-align: center;\" width=\"110\">Luned\u00ec<\/td>\n<\/tr>\n<tr>\n<td width=\"458\">Giorno dell\u2019Indipendenza del Venezuela<\/td>\n<td style=\"text-align: center;\" width=\"112\">\u00a019 Aprile<\/td>\n<td style=\"text-align: center;\" width=\"110\">Domenica<\/td>\n<\/tr>\n<tr>\n<td width=\"458\">\u00a0Anniversario della Liberazione d\u2019Italia<\/td>\n<td style=\"text-align: center;\" width=\"112\">\u00a025 Aprile<\/td>\n<td style=\"text-align: center;\" width=\"110\">Sabato<\/td>\n<\/tr>\n<tr>\n<td width=\"458\">Festa del Lavoro<\/td>\n<td style=\"text-align: center;\" width=\"112\">\u00a0 1 Maggio<\/td>\n<td style=\"text-align: center;\" width=\"110\">Venerd\u00ec<\/td>\n<\/tr>\n<tr>\n<td width=\"458\">Festa Nazionale della Repubblica Italiana<\/td>\n<td style=\"text-align: center;\" width=\"112\">\u00a0 2 Giugno<\/td>\n<td style=\"text-align: center;\" width=\"110\">Marted\u00ec<\/td>\n<\/tr>\n<tr>\n<td width=\"458\">Festa Nazionale della Repubblica Bolivariana del Venezuela<\/td>\n<td style=\"text-align: center;\" width=\"112\">\u00a0 5 Luglio<\/td>\n<td style=\"text-align: center;\" width=\"110\">Domenica<\/td>\n<\/tr>\n<tr>\n<td width=\"458\">Ferragosto<\/td>\n<td style=\"text-align: center;\" width=\"112\">\u00a015 Agosto<\/td>\n<td style=\"text-align: center;\" width=\"110\">Sabato<\/td>\n<\/tr>\n<tr>\n<td width=\"458\">Ognissanti<\/td>\n<td style=\"text-align: center;\" width=\"112\">\u00a0 \u00a01 Novembre<\/td>\n<td style=\"text-align: center;\" width=\"110\">Domenica<\/td>\n<\/tr>\n<tr>\n<td width=\"458\">Natale<\/td>\n<td style=\"text-align: center;\" width=\"112\">\u00a025 Dicembre<\/td>\n<td style=\"text-align: center;\" width=\"110\">Venerd\u00ec<\/td>\n<\/tr>\n<tr>\n<td width=\"458\">Santo Stefano<\/td>\n<td style=\"text-align: center;\" width=\"112\">26 Dicembre<\/td>\n<td style=\"text-align: center;\" width=\"110\">Sabato<\/td>\n<\/tr>\n<\/tbody>\n<\/table>\n","protected":false},"excerpt":{"rendered":"&nbsp; Il Consolato d&#8217;Italia \u00e9 situato in: Avenida 17 (Baralt) No. 71-55 entre Calles 71 y 72 Quinta la Querencia No.71-55; Maracaibo, Stato Zulia. &nbsp; ORARIO DI APERTURA AL PUBBLICO da Luned\u00ec a Venerd\u00ec Mercoled\u00ec chiuso al pubblico dalle ore 8:30 fino alle 12:30 &nbsp; Elenco Festivit\u00e0 osservate nel 2026 Capodanno \u00a0 1 Gennaio Gioved\u00ec [&hellip;]","protected":false},"author":1,"featured_media":0,"parent":13,"menu_order":2,"comment_status":"closed","ping_status":"closed","template":"","meta":{"footnotes":""},"class_list":["post-35","page","type-page","status-publish","hentry"],"_links":{"self":[{"href":"https:\/\/consmaracaibo.esteri.it\/it\/wp-json\/wp\/v2\/pages\/35","targetHints":{"allow":["GET"]}}],"collection":[{"href":"https:\/\/consmaracaibo.esteri.it\/it\/wp-json\/wp\/v2\/pages"}],"about":[{"href":"https:\/\/consmaracaibo.esteri.it\/it\/wp-json\/wp\/v2\/types\/page"}],"author":[{"embeddable":true,"href":"https:\/\/consmaracaibo.esteri.it\/it\/wp-json\/wp\/v2\/users\/1"}],"replies":[{"embeddable":true,"href":"https:\/\/consmaracaibo.esteri.it\/it\/wp-json\/wp\/v2\/comments?post=35"}],"version-history":[{"count":7,"href":"https:\/\/consmaracaibo.esteri.it\/it\/wp-json\/wp\/v2\/pages\/35\/revisions"}],"predecessor-version":[{"id":3107,"href":"https:\/\/consmaracaibo.esteri.it\/it\/wp-json\/wp\/v2\/pages\/35\/revisions\/3107"}],"up":[{"embeddable":true,"href":"https:\/\/consmaracaibo.esteri.it\/it\/wp-json\/wp\/v2\/pages\/13"}],"wp:attachment":[{"href":"https:\/\/consmaracaibo.esteri.it\/it\/wp-json\/wp\/v2\/media?parent=35"}],"curies":[{"name":"wp","href":"https:\/\/api.w.org\/{rel}","templated":true}]}}