{"id":429,"date":"2023-07-06T13:10:24","date_gmt":"2023-07-06T17:10:24","guid":{"rendered":"https:\/\/consmaracaibo.esteri.it\/?page_id=429"},"modified":"2025-08-29T14:29:37","modified_gmt":"2025-08-29T18:29:37","slug":"furto-e-smarrimento-del-passaporto","status":"publish","type":"page","link":"https:\/\/consmaracaibo.esteri.it\/it\/servizi-consolari-e-visti\/servizi-per-il-cittadino-italiano\/passaporti-e-carte-didentita\/furto-e-smarrimento-del-passaporto\/","title":{"rendered":"Furto e smarrimento del passaporto"},"content":{"rendered":"<p>In caso di furto o smarrimento del passaporto al connazionale, residente in Italia o in altro Paese, in situazione di emergenza e per il quale non si faccia in tempo ad esperire la necessaria istruttoria per l\u2019emissione di un nuovo passaporto, potr\u00e0 essere rilasciato un documento di viaggio provvisorio (<strong><a href=\"https:\/\/consbuenosaires.esteri.it\/it\/servizi-consolari-e-visti\/servizi-per-il-cittadino-italiano\/emergency-travel-documents-etd\/\">Emergency Travel Document<\/a><\/strong>).<\/p>\n<p>Il connazionale potr\u00e0, in alternativa, ottenere un nuovo passaporto, scrivendo a <a href=\"mailto:pass.maracaibo@esteri.it\">pass.maracaibo@esteri.it<\/a><strong>\u00a0<\/strong>allegando:<\/p>\n<ul>\n<li>denuncia di furto o smarrimento del passaporto resa presso locali Autorit\u00e0 di Polizia;<\/li>\n<li>documento di riconoscimento con foto ed in corso di validit\u00e0.<\/li>\n<\/ul>\n<p>Una volta ottenuto riscontro, il connazionale dovr\u00e1 prendere un&#8217; appuntamento e dovr\u00e0 portare con s\u00e9:<\/p>\n<ul>\n<li>denuncia di furto o smarrimento del passaporto resa presso le locali Autorit\u00e0 di Polizia;<\/li>\n<li>documento di riconoscimento con foto ed in corso di validit\u00e0;<\/li>\n<li>2 fotografie uguali frontali, formato tessera (35\u00d740 mm) a colori, su fondo bianco<\/li>\n<li>Tutti gli altri requisiti descritti nella sezione <a href=\"https:\/\/consmaracaibo.esteri.it\/es\/servizi-consolari-e-visti\/servizi-per-il-cittadino-italiano\/passaporti-e-carte-didentita\/emision-pasaporto\/\">Passaporto per maggiorenne<\/a><\/li>\n<\/ul>\n","protected":false},"excerpt":{"rendered":"In caso di furto o smarrimento del passaporto al connazionale, residente in Italia o in altro Paese, in situazione di emergenza e per il quale non si faccia in tempo ad esperire la necessaria istruttoria per l\u2019emissione di un nuovo passaporto, potr\u00e0 essere rilasciato un documento di viaggio provvisorio (Emergency Travel Document). Il connazionale potr\u00e0, [&hellip;]","protected":false},"author":6,"featured_media":0,"parent":67,"menu_order":6,"comment_status":"closed","ping_status":"closed","template":"","meta":{"footnotes":""},"class_list":["post-429","page","type-page","status-publish","hentry"],"_links":{"self":[{"href":"https:\/\/consmaracaibo.esteri.it\/it\/wp-json\/wp\/v2\/pages\/429","targetHints":{"allow":["GET"]}}],"collection":[{"href":"https:\/\/consmaracaibo.esteri.it\/it\/wp-json\/wp\/v2\/pages"}],"about":[{"href":"https:\/\/consmaracaibo.esteri.it\/it\/wp-json\/wp\/v2\/types\/page"}],"author":[{"embeddable":true,"href":"https:\/\/consmaracaibo.esteri.it\/it\/wp-json\/wp\/v2\/users\/6"}],"replies":[{"embeddable":true,"href":"https:\/\/consmaracaibo.esteri.it\/it\/wp-json\/wp\/v2\/comments?post=429"}],"version-history":[{"count":3,"href":"https:\/\/consmaracaibo.esteri.it\/it\/wp-json\/wp\/v2\/pages\/429\/revisions"}],"predecessor-version":[{"id":2702,"href":"https:\/\/consmaracaibo.esteri.it\/it\/wp-json\/wp\/v2\/pages\/429\/revisions\/2702"}],"up":[{"embeddable":true,"href":"https:\/\/consmaracaibo.esteri.it\/it\/wp-json\/wp\/v2\/pages\/67"}],"wp:attachment":[{"href":"https:\/\/consmaracaibo.esteri.it\/it\/wp-json\/wp\/v2\/media?parent=429"}],"curies":[{"name":"wp","href":"https:\/\/api.w.org\/{rel}","templated":true}]}}