{"id":448,"date":"2023-07-07T15:10:00","date_gmt":"2023-07-07T19:10:00","guid":{"rendered":"https:\/\/consmaracaibo.esteri.it\/?page_id=448"},"modified":"2025-11-24T14:56:13","modified_gmt":"2025-11-24T18:56:13","slug":"viaggi-dei-minori-accompagnati-2","status":"publish","type":"page","link":"https:\/\/consmaracaibo.esteri.it\/it\/servizi-consolari-e-visti\/servizi-per-il-cittadino-italiano\/passaporti-e-carte-didentita\/viaggi-dei-minori-accompagnati-2\/","title":{"rendered":"Viaggi dei minori accompagnati"},"content":{"rendered":"<p style=\"text-align: justify;\">Nel caso di viaggi all&#8217;estero di minori italiani di et\u00e0 inferiore agli anni 14 (non accompagnati da almeno uno dei due genitori o da chi ne fa le veci), \u00e8 necessario richiedere una menzione sul passaporto italiano o una dichiarazione di accompagnamento.<\/p>\n<p style=\"text-align: justify;\">Alla dichiarazione vanno allegati i seguenti documenti:<\/p>\n<ul style=\"text-align: justify;\">\n<li>copia del documento d&#8217;identit\u00e0 che il minore utilizzer\u00e0 per il viaggio;<\/li>\n<li>copia dei documenti d&#8217;identit\u00e0 dei genitori (o esercenti potest\u00e0 tutoria);<\/li>\n<li>copia dei documenti d&#8217;identit\u00e0 degli accompagnatori;<\/li>\n<li>prenotazione o biglietto di viaggio (con indicazione dell&#8217;itinerario).<\/li>\n<\/ul>\n<p style=\"text-align: justify;\">La dichiarazione pu\u00f2 essere presentata:<\/p>\n<ul style=\"text-align: justify;\">\n<li>per posta elettronica: inviando un&#8217;e-mail a <a href=\"mailto:pass.maracaibo@esteri.it\">pass.maracaibo@esteri.it<\/a> indicando nell\u2019oggetto &#8220;Viaggio minori accompagnati&#8221; e allegando un documento d&#8217;identit\u00e0 in corso di validit\u00e0;<\/li>\n<li>attraverso uno dei nostri <u><a href=\"https:\/\/consmaracaibo.esteri.it\/it\/chi-siamo\/la-rete-consolare\/\">Consolati Onorari<\/a> <\/u>;<\/li>\n<li>di persona in Consolato, previo appuntamento per passaporto tramite il portale PRENOTAMI<\/li>\n<\/ul>\n<p>Il Consolato pu\u00f2 comunque richiedere, in casi specifici, la presenza fisica degli esercenti la potest\u00e0 genitoriale.<\/p>\n<p style=\"text-align: justify;\">I genitori o gli esercenti la potest\u00e0 genitoriale dovranno presentare una dichiarazione all\u2019Autorit\u00e0 competente al rilascio del passaporto (<strong>fare clic <a href=\"https:\/\/consmaracaibo.esteri.it\/wp-content\/uploads\/2023\/07\/Dichiarazione_accompagnamento.pdf\">qui<\/a> per scaricare il modulo dichiarazione accompagnamento minori<\/strong>), che \u00e8 di norma quella nella cui circoscrizione risiede il richiedente (Questura o Consolato), nella quale indicano il nome della\/e persona\/e o dell&#8217;ente cui il minore \u00e8 affidato, chiedendo che la menzione venga apposta sul passaporto del minore o in un\u2019attestazione separata.<\/p>\n<p style=\"text-align: justify;\">La dichiarazione \u00e8 di norma valida per un solo viaggio (da intendersi come andata e\/o ritorno) fuori dal Paese di residenza del minore infra-quattordicenne, con destinazione determinata. Il termine massimo di validit\u00e0 della dichiarazione (entro cui devono essere ricomprese la data di partenza e di rientro) \u00e8 di 6 mesi. La validit\u00e0 non pu\u00f2 comunque superare la data di scadenza del passaporto del minore.<\/p>\n<p style=\"text-align: justify;\">Nel caso di viaggi che prevedono l&#8217;attraversamento di diversi Stati, spetta ai genitori o di che ne fa le veci &#8211; sulla base delle modalit\u00e0 del viaggio stesso &#8211; indicare solo il Paese di destinazione finale o tutti i singoli Paesi visitati.<\/p>\n<p style=\"text-align: justify;\">Nel caso di affidamento ad un ente o compagnia di trasporto non \u00e8 possibile la menzione sul passaporto e verr\u00e0 rilasciata la sola attestazione.<\/p>\n<p style=\"text-align: justify;\">La dichiarazione \u00e8 gratuita. Le eventuali spese di spedizione a domicilio dell\u2019attestato o del passaporto sono a carico dei richiedenti.<\/p>\n","protected":false},"excerpt":{"rendered":"Nel caso di viaggi all&#8217;estero di minori italiani di et\u00e0 inferiore agli anni 14 (non accompagnati da almeno uno dei due genitori o da chi ne fa le veci), \u00e8 necessario richiedere una menzione sul passaporto italiano o una dichiarazione di accompagnamento. Alla dichiarazione vanno allegati i seguenti documenti: copia del documento d&#8217;identit\u00e0 che il [&hellip;]","protected":false},"author":6,"featured_media":0,"parent":67,"menu_order":7,"comment_status":"closed","ping_status":"closed","template":"","meta":{"footnotes":""},"class_list":["post-448","page","type-page","status-publish","hentry"],"_links":{"self":[{"href":"https:\/\/consmaracaibo.esteri.it\/it\/wp-json\/wp\/v2\/pages\/448","targetHints":{"allow":["GET"]}}],"collection":[{"href":"https:\/\/consmaracaibo.esteri.it\/it\/wp-json\/wp\/v2\/pages"}],"about":[{"href":"https:\/\/consmaracaibo.esteri.it\/it\/wp-json\/wp\/v2\/types\/page"}],"author":[{"embeddable":true,"href":"https:\/\/consmaracaibo.esteri.it\/it\/wp-json\/wp\/v2\/users\/6"}],"replies":[{"embeddable":true,"href":"https:\/\/consmaracaibo.esteri.it\/it\/wp-json\/wp\/v2\/comments?post=448"}],"version-history":[{"count":4,"href":"https:\/\/consmaracaibo.esteri.it\/it\/wp-json\/wp\/v2\/pages\/448\/revisions"}],"predecessor-version":[{"id":3033,"href":"https:\/\/consmaracaibo.esteri.it\/it\/wp-json\/wp\/v2\/pages\/448\/revisions\/3033"}],"up":[{"embeddable":true,"href":"https:\/\/consmaracaibo.esteri.it\/it\/wp-json\/wp\/v2\/pages\/67"}],"wp:attachment":[{"href":"https:\/\/consmaracaibo.esteri.it\/it\/wp-json\/wp\/v2\/media?parent=448"}],"curies":[{"name":"wp","href":"https:\/\/api.w.org\/{rel}","templated":true}]}}